{"id":10432,"date":"2022-01-01T11:13:01","date_gmt":"2022-01-01T09:13:01","guid":{"rendered":"https:\/\/magmacultura.com\/?page_id=10432"},"modified":"2024-07-30T11:59:51","modified_gmt":"2024-07-30T09:59:51","slug":"canal-etic","status":"publish","type":"page","link":"https:\/\/magmacultura.com\/ca\/canal-etic\/","title":{"rendered":"Canal \u00e8tic"},"content":{"rendered":"\t\t<div data-elementor-type=\"wp-page\" data-elementor-id=\"10432\" class=\"elementor elementor-10432 elementor-10416\" data-elementor-post-type=\"page\">\n\t\t\t\t\t\t<section class=\"elementor-section elementor-top-section elementor-element elementor-element-17e6ecb1 elementor-section-boxed elementor-section-height-default elementor-section-height-default\" data-id=\"17e6ecb1\" data-element_type=\"section\" data-e-type=\"section\">\n\t\t\t\t\t\t<div class=\"elementor-container elementor-column-gap-default\">\n\t\t\t\t\t<div class=\"elementor-column elementor-col-100 elementor-top-column elementor-element elementor-element-5ddfb349\" data-id=\"5ddfb349\" data-element_type=\"column\" data-e-type=\"column\">\n\t\t\t<div class=\"elementor-widget-wrap elementor-element-populated\">\n\t\t\t\t\t\t<div class=\"elementor-element elementor-element-48b04205 elementor-widget elementor-widget-text-editor\" data-id=\"48b04205\" data-element_type=\"widget\" data-e-type=\"widget\" data-widget_type=\"text-editor.default\">\n\t\t\t\t<div class=\"elementor-widget-container\">\n\t\t\t\t\t\t\t\t\t<h1>CANAL \u00c8TIC<\/h1>\n<p>El nostre recurs i canal confidencial per a presentar reclamacions i den\u00fancies de conformitat amb la Llei 2\/2023, reguladora de la protecci\u00f3 de les persones que informin sobre infraccions normatives i de lluita contra la corrupci\u00f3.<\/p>\n<p>Algunes de les situacions que es podrien denunciar per aquesta via s\u00f3n:<\/p>\n<p>\u2022 possibles conductes i comportaments considerats il\u00b7legals amb l&#8217;acompliment del treball,<br \/>\u2022 presumpta gesti\u00f3 lucrativa de recursos de l&#8217;empresa,<br \/>\u2022 situacions de discriminaci\u00f3 o ab\u00fas sexual,<br \/>\u2022 pr\u00e0ctiques de corrupci\u00f3, robatoris, fraus, etc.<\/p>\n<p><strong>Qui pot presentar una comunicaci\u00f3?<\/strong><br \/>Qualsevol persona de l&#8217;empresa i aquelles persones externes que estiguin o hagin estat vinculades o relacionades a amb la mateixa en un context laboral o professional.<br \/><strong>Com puc realitzar una comunicaci\u00f3?<\/strong><br \/>Es pot cursar de manera verbal, escrita o presencial seguint els passos indicats en el formulari del Canal confidencial de den\u00fancies. Aix\u00ed mateix, la comunicaci\u00f3 pot ser an\u00f2nima. <br \/><strong>Com es tramitar\u00e0 la comunicaci\u00f3?<br \/><\/strong> Es tramitar\u00e0 garantint la confidencialitat i prohibici\u00f3 de repres\u00e0lies a la persona informant.<\/p>\n<p><strong>Garantia de confidencialitat de la persona informant<\/strong><br \/>El sistema intern d&#8217;informaci\u00f3 reuneix les garanties de confidencialitat, no repres\u00e0lies, respecte a la independ\u00e8ncia, la protecci\u00f3 de dades, secret de les comunicacions i les pr\u00e0ctiques correctes de seguiment, recerca i protecci\u00f3 de la persona informant.<\/p>\n<p>Certifiquem que tots els mitjans posats a la seva disposici\u00f3 per a interposar la den\u00fancia, passen un filtre previ per part de Lant Advocats per a garantir la confidencialitat de la den\u00fancia i que aquesta es remet a un interlocutor v\u00e0lid de l&#8217;entitat denunciada.<\/p>\n<\/p>\n<p><u><a href=\"https:\/\/canal-etico.lant-abogados.com\/Specific\/MVistaPublica?codiClient=MDAxMjcz&#038;secure=119027.0\">Acc\u00e9s canal \u00e8tic de Magmacultura<\/a><\/u><a href=\"https:\/\/canal-etico.lant-abogados.com\/Specific\/MVistaPublica?codiClient=MDAxMjcz&#038;secure=119027.0\">  <\/a><u><a href=\"https:\/\/canal-etico.lant-abogados.com\/Specific\/MVistaPublica?codiClient=MDAxMjcz&#038;secure=119027.0\"><img loading=\"lazy\" decoding=\"async\" class=\"alignnone wp-image-10507\" src=\"https:\/\/magmacultura.com\/wp-content\/uploads\/2023\/10\/flecha2.png\" alt=\"\" width=\"34\" height=\"27\"><\/a><\/u><\/p>\n\t\t\t\t\t\t\t\t<\/div>\n\t\t\t\t<\/div>\n\t\t\t\t\t<\/div>\n\t\t<\/div>\n\t\t\t\t\t<\/div>\n\t\t<\/section>\n\t\t\t\t<\/div>\n\t\t","protected":false},"excerpt":{"rendered":"<p>CANAL \u00c8TIC El nostre recurs i canal confidencial per a presentar reclamacions i den\u00fancies de conformitat amb la Llei 2\/2023, reguladora de la protecci\u00f3 de les persones que informin sobre infraccions normatives i de lluita contra la corrupci\u00f3. Algunes de les situacions que es podrien denunciar per aquesta via s\u00f3n: \u2022 possibles conductes i comportaments [&hellip;]<\/p>\n","protected":false},"author":4,"featured_media":0,"parent":0,"menu_order":0,"comment_status":"closed","ping_status":"closed","template":"","meta":{"footnotes":""},"class_list":["post-10432","page","type-page","status-publish","hentry"],"yoast_head":"<!-- This site is optimized with the Yoast SEO plugin v27.4 - https:\/\/yoast.com\/product\/yoast-seo-wordpress\/ -->\n<title>Canal \u00e8tic | Magmacultura<\/title>\n<meta name=\"description\" content=\"Canal \u00c8tic: Presenta Reclamacions i Den\u00fancies amb Confian\u00e7a. Complim la Llei 2\/2023 de Protecci\u00f3 d&#039;Informants i Lluita contra la Corrupci\u00f3.\" \/>\n<meta name=\"robots\" content=\"index, follow, max-snippet:-1, max-image-preview:large, max-video-preview:-1\" \/>\n<link rel=\"canonical\" href=\"https:\/\/magmacultura.com\/ca\/canal-etic\/\" \/>\n<meta property=\"og:locale\" content=\"ca_ES\" \/>\n<meta property=\"og:type\" content=\"article\" \/>\n<meta property=\"og:title\" content=\"Canal \u00e8tic | Magmacultura\" \/>\n<meta property=\"og:description\" content=\"Canal \u00c8tic: Presenta Reclamacions i Den\u00fancies amb Confian\u00e7a. Complim la Llei 2\/2023 de Protecci\u00f3 d&#039;Informants i Lluita contra la Corrupci\u00f3.\" \/>\n<meta property=\"og:url\" content=\"https:\/\/magmacultura.com\/ca\/canal-etic\/\" \/>\n<meta property=\"og:site_name\" content=\"Magmacultura\" \/>\n<meta property=\"article:publisher\" content=\"https:\/\/www.facebook.com\/MagmaCultura\/\" \/>\n<meta property=\"article:modified_time\" content=\"2024-07-30T09:59:51+00:00\" \/>\n<meta property=\"og:image\" content=\"https:\/\/magmacultura.com\/wp-content\/uploads\/2023\/10\/flecha2.png\" \/>\n<meta name=\"twitter:card\" content=\"summary_large_image\" \/>\n<meta name=\"twitter:site\" content=\"@magmacultura\" \/>\n<meta name=\"twitter:label1\" content=\"Temps estimat de lectura\" \/>\n\t<meta name=\"twitter:data1\" content=\"2 minuts\" \/>\n<script type=\"application\/ld+json\" class=\"yoast-schema-graph\">{\"@context\":\"https:\\\/\\\/schema.org\",\"@graph\":[{\"@type\":\"WebPage\",\"@id\":\"https:\\\/\\\/magmacultura.com\\\/ca\\\/canal-etic\\\/\",\"url\":\"https:\\\/\\\/magmacultura.com\\\/ca\\\/canal-etic\\\/\",\"name\":\"Canal \u00e8tic | Magmacultura\",\"isPartOf\":{\"@id\":\"https:\\\/\\\/magmacultura.com\\\/ca\\\/#website\"},\"primaryImageOfPage\":{\"@id\":\"https:\\\/\\\/magmacultura.com\\\/ca\\\/canal-etic\\\/#primaryimage\"},\"image\":{\"@id\":\"https:\\\/\\\/magmacultura.com\\\/ca\\\/canal-etic\\\/#primaryimage\"},\"thumbnailUrl\":\"https:\\\/\\\/magmacultura.com\\\/wp-content\\\/uploads\\\/2023\\\/10\\\/flecha2.png\",\"datePublished\":\"2022-01-01T09:13:01+00:00\",\"dateModified\":\"2024-07-30T09:59:51+00:00\",\"description\":\"Canal \u00c8tic: Presenta Reclamacions i Den\u00fancies amb Confian\u00e7a. Complim la Llei 2\\\/2023 de Protecci\u00f3 d'Informants i Lluita contra la Corrupci\u00f3.\",\"breadcrumb\":{\"@id\":\"https:\\\/\\\/magmacultura.com\\\/ca\\\/canal-etic\\\/#breadcrumb\"},\"inLanguage\":\"ca\",\"potentialAction\":[{\"@type\":\"ReadAction\",\"target\":[\"https:\\\/\\\/magmacultura.com\\\/ca\\\/canal-etic\\\/\"]}]},{\"@type\":\"ImageObject\",\"inLanguage\":\"ca\",\"@id\":\"https:\\\/\\\/magmacultura.com\\\/ca\\\/canal-etic\\\/#primaryimage\",\"url\":\"https:\\\/\\\/magmacultura.com\\\/wp-content\\\/uploads\\\/2023\\\/10\\\/flecha2.png\",\"contentUrl\":\"https:\\\/\\\/magmacultura.com\\\/wp-content\\\/uploads\\\/2023\\\/10\\\/flecha2.png\"},{\"@type\":\"BreadcrumbList\",\"@id\":\"https:\\\/\\\/magmacultura.com\\\/ca\\\/canal-etic\\\/#breadcrumb\",\"itemListElement\":[{\"@type\":\"ListItem\",\"position\":1,\"name\":\"Home\",\"item\":\"https:\\\/\\\/magmacultura.com\\\/ca\\\/\"},{\"@type\":\"ListItem\",\"position\":2,\"name\":\"Canal \u00e8tic\"}]},{\"@type\":\"WebSite\",\"@id\":\"https:\\\/\\\/magmacultura.com\\\/ca\\\/#website\",\"url\":\"https:\\\/\\\/magmacultura.com\\\/ca\\\/\",\"name\":\"Magmacultura\",\"description\":\"Trabajamos para la cultura\",\"publisher\":{\"@id\":\"https:\\\/\\\/magmacultura.com\\\/ca\\\/#organization\"},\"potentialAction\":[{\"@type\":\"SearchAction\",\"target\":{\"@type\":\"EntryPoint\",\"urlTemplate\":\"https:\\\/\\\/magmacultura.com\\\/ca\\\/?s={search_term_string}\"},\"query-input\":{\"@type\":\"PropertyValueSpecification\",\"valueRequired\":true,\"valueName\":\"search_term_string\"}}],\"inLanguage\":\"ca\"},{\"@type\":\"Organization\",\"@id\":\"https:\\\/\\\/magmacultura.com\\\/ca\\\/#organization\",\"name\":\"Magmacultura\",\"url\":\"https:\\\/\\\/magmacultura.com\\\/ca\\\/\",\"logo\":{\"@type\":\"ImageObject\",\"inLanguage\":\"ca\",\"@id\":\"https:\\\/\\\/magmacultura.com\\\/ca\\\/#\\\/schema\\\/logo\\\/image\\\/\",\"url\":\"https:\\\/\\\/magmacultura.com\\\/wp-content\\\/uploads\\\/2022\\\/07\\\/logo-dark.svg\",\"contentUrl\":\"https:\\\/\\\/magmacultura.com\\\/wp-content\\\/uploads\\\/2022\\\/07\\\/logo-dark.svg\",\"width\":1,\"height\":1,\"caption\":\"Magmacultura\"},\"image\":{\"@id\":\"https:\\\/\\\/magmacultura.com\\\/ca\\\/#\\\/schema\\\/logo\\\/image\\\/\"},\"sameAs\":[\"https:\\\/\\\/www.facebook.com\\\/MagmaCultura\\\/\",\"https:\\\/\\\/x.com\\\/magmacultura\",\"https:\\\/\\\/www.linkedin.com\\\/company\\\/magmacultura.\\\/\",\"https:\\\/\\\/www.instagram.com\\\/magmacultura_\\\/\"]}]}<\/script>\n<!-- \/ Yoast SEO plugin. -->","yoast_head_json":{"title":"Canal \u00e8tic | Magmacultura","description":"Canal \u00c8tic: Presenta Reclamacions i Den\u00fancies amb Confian\u00e7a. Complim la Llei 2\/2023 de Protecci\u00f3 d'Informants i Lluita contra la Corrupci\u00f3.","robots":{"index":"index","follow":"follow","max-snippet":"max-snippet:-1","max-image-preview":"max-image-preview:large","max-video-preview":"max-video-preview:-1"},"canonical":"https:\/\/magmacultura.com\/ca\/canal-etic\/","og_locale":"ca_ES","og_type":"article","og_title":"Canal \u00e8tic | Magmacultura","og_description":"Canal \u00c8tic: Presenta Reclamacions i Den\u00fancies amb Confian\u00e7a. Complim la Llei 2\/2023 de Protecci\u00f3 d'Informants i Lluita contra la Corrupci\u00f3.","og_url":"https:\/\/magmacultura.com\/ca\/canal-etic\/","og_site_name":"Magmacultura","article_publisher":"https:\/\/www.facebook.com\/MagmaCultura\/","article_modified_time":"2024-07-30T09:59:51+00:00","og_image":[{"url":"https:\/\/magmacultura.com\/wp-content\/uploads\/2023\/10\/flecha2.png","type":"","width":"","height":""}],"twitter_card":"summary_large_image","twitter_site":"@magmacultura","twitter_misc":{"Temps estimat de lectura":"2 minuts"},"schema":{"@context":"https:\/\/schema.org","@graph":[{"@type":"WebPage","@id":"https:\/\/magmacultura.com\/ca\/canal-etic\/","url":"https:\/\/magmacultura.com\/ca\/canal-etic\/","name":"Canal \u00e8tic | Magmacultura","isPartOf":{"@id":"https:\/\/magmacultura.com\/ca\/#website"},"primaryImageOfPage":{"@id":"https:\/\/magmacultura.com\/ca\/canal-etic\/#primaryimage"},"image":{"@id":"https:\/\/magmacultura.com\/ca\/canal-etic\/#primaryimage"},"thumbnailUrl":"https:\/\/magmacultura.com\/wp-content\/uploads\/2023\/10\/flecha2.png","datePublished":"2022-01-01T09:13:01+00:00","dateModified":"2024-07-30T09:59:51+00:00","description":"Canal \u00c8tic: Presenta Reclamacions i Den\u00fancies amb Confian\u00e7a. Complim la Llei 2\/2023 de Protecci\u00f3 d'Informants i Lluita contra la Corrupci\u00f3.","breadcrumb":{"@id":"https:\/\/magmacultura.com\/ca\/canal-etic\/#breadcrumb"},"inLanguage":"ca","potentialAction":[{"@type":"ReadAction","target":["https:\/\/magmacultura.com\/ca\/canal-etic\/"]}]},{"@type":"ImageObject","inLanguage":"ca","@id":"https:\/\/magmacultura.com\/ca\/canal-etic\/#primaryimage","url":"https:\/\/magmacultura.com\/wp-content\/uploads\/2023\/10\/flecha2.png","contentUrl":"https:\/\/magmacultura.com\/wp-content\/uploads\/2023\/10\/flecha2.png"},{"@type":"BreadcrumbList","@id":"https:\/\/magmacultura.com\/ca\/canal-etic\/#breadcrumb","itemListElement":[{"@type":"ListItem","position":1,"name":"Home","item":"https:\/\/magmacultura.com\/ca\/"},{"@type":"ListItem","position":2,"name":"Canal \u00e8tic"}]},{"@type":"WebSite","@id":"https:\/\/magmacultura.com\/ca\/#website","url":"https:\/\/magmacultura.com\/ca\/","name":"Magmacultura","description":"Trabajamos para la cultura","publisher":{"@id":"https:\/\/magmacultura.com\/ca\/#organization"},"potentialAction":[{"@type":"SearchAction","target":{"@type":"EntryPoint","urlTemplate":"https:\/\/magmacultura.com\/ca\/?s={search_term_string}"},"query-input":{"@type":"PropertyValueSpecification","valueRequired":true,"valueName":"search_term_string"}}],"inLanguage":"ca"},{"@type":"Organization","@id":"https:\/\/magmacultura.com\/ca\/#organization","name":"Magmacultura","url":"https:\/\/magmacultura.com\/ca\/","logo":{"@type":"ImageObject","inLanguage":"ca","@id":"https:\/\/magmacultura.com\/ca\/#\/schema\/logo\/image\/","url":"https:\/\/magmacultura.com\/wp-content\/uploads\/2022\/07\/logo-dark.svg","contentUrl":"https:\/\/magmacultura.com\/wp-content\/uploads\/2022\/07\/logo-dark.svg","width":1,"height":1,"caption":"Magmacultura"},"image":{"@id":"https:\/\/magmacultura.com\/ca\/#\/schema\/logo\/image\/"},"sameAs":["https:\/\/www.facebook.com\/MagmaCultura\/","https:\/\/x.com\/magmacultura","https:\/\/www.linkedin.com\/company\/magmacultura.\/","https:\/\/www.instagram.com\/magmacultura_\/"]}]}},"_links":{"self":[{"href":"https:\/\/magmacultura.com\/ca\/wp-json\/wp\/v2\/pages\/10432","targetHints":{"allow":["GET"]}}],"collection":[{"href":"https:\/\/magmacultura.com\/ca\/wp-json\/wp\/v2\/pages"}],"about":[{"href":"https:\/\/magmacultura.com\/ca\/wp-json\/wp\/v2\/types\/page"}],"author":[{"embeddable":true,"href":"https:\/\/magmacultura.com\/ca\/wp-json\/wp\/v2\/users\/4"}],"replies":[{"embeddable":true,"href":"https:\/\/magmacultura.com\/ca\/wp-json\/wp\/v2\/comments?post=10432"}],"version-history":[{"count":1,"href":"https:\/\/magmacultura.com\/ca\/wp-json\/wp\/v2\/pages\/10432\/revisions"}],"predecessor-version":[{"id":11290,"href":"https:\/\/magmacultura.com\/ca\/wp-json\/wp\/v2\/pages\/10432\/revisions\/11290"}],"wp:attachment":[{"href":"https:\/\/magmacultura.com\/ca\/wp-json\/wp\/v2\/media?parent=10432"}],"curies":[{"name":"wp","href":"https:\/\/api.w.org\/{rel}","templated":true}]}}