{"id":10602,"date":"2023-12-13T16:52:35","date_gmt":"2023-12-13T14:52:35","guid":{"rendered":"https:\/\/magmacultura.com\/?page_id=10602"},"modified":"2024-07-30T11:59:31","modified_gmt":"2024-07-30T09:59:31","slug":"informacio-de-proteccio-de-dades","status":"publish","type":"page","link":"https:\/\/magmacultura.com\/ca\/informacio-de-proteccio-de-dades\/","title":{"rendered":"Informaci\u00f3 de protecci\u00f3 de dades"},"content":{"rendered":"\t\t<div data-elementor-type=\"wp-page\" data-elementor-id=\"10602\" class=\"elementor elementor-10602 elementor-10595\" data-elementor-post-type=\"page\">\n\t\t\t\t<div class=\"elementor-element elementor-element-c447b6a e-flex e-con-boxed e-con e-parent\" data-id=\"c447b6a\" data-element_type=\"container\" data-e-type=\"container\">\n\t\t\t\t\t<div class=\"e-con-inner\">\n\t\t\t\t<div class=\"elementor-element elementor-element-a67add2 elementor-widget elementor-widget-text-editor\" data-id=\"a67add2\" data-element_type=\"widget\" data-e-type=\"widget\" data-widget_type=\"text-editor.default\">\n\t\t\t\t<div class=\"elementor-widget-container\">\n\t\t\t\t\t\t\t\t\t<h1>INFORMACI\u00d3 DE PROTECCI\u00d3 DE DADES<\/h1>\n<\/p>\n<h2>Responsable: MAGMACULTURA, S.L. (B61949764)<\/h2>\n<p>Us informem que les vostres dades identificatives i els continguts als correus electr\u00f2nics i fitxers adjunts poden ser incorporats a les nostres bases de dades amb la finalitat de mantenir relacions professionals i\/o comercials i, que seran conservades mentre es mantingui la relaci\u00f3. Si ho desitgeu, podeu exercir el vostre dret a accedir, rectificar i suprimir les vostres dades i altres reconegudes normativament adre\u00e7ant-vos al correu <span style=\"text-decoration: underline;\"><a href=\"mailto:administracion@magmacultura.com\">administracio@magmacultura.com<\/a><\/span><\/p>\n<p>Aquest missatge i qualsevol document que porti adjunt, si s\u2019escau, pot ser confidencial i destinat \u00fanicament a la persona o entitat a qui ha estat enviat.<\/p>\n<p>Magma Cultura, S.L..<br \/><span style=\"color: var( --e-global-color-text ); font-family: var( --e-global-typography-primary-font-family ), Sans-serif; font-size: var( --e-global-typography-primary-font-size ); font-weight: var( --e-global-typography-primary-font-weight ); letter-spacing: var( --e-global-typography-primary-letter-spacing ); text-transform: var( --e-global-typography-text-text-transform ); text-align: var(--text-align);\">C\/Corunya, 11 &#8211; 08026 Barcelona ES<\/span><\/p>\n\t\t\t\t\t\t\t\t<\/div>\n\t\t\t\t<\/div>\n\t\t\t\t\t<\/div>\n\t\t\t\t<\/div>\n\t\t\t\t<\/div>\n\t\t","protected":false},"excerpt":{"rendered":"<p>INFORMACI\u00d3 DE PROTECCI\u00d3 DE DADES Responsable: MAGMACULTURA, S.L. (B61949764) Us informem que les vostres dades identificatives i els continguts als correus electr\u00f2nics i fitxers adjunts poden ser incorporats a les nostres bases de dades amb la finalitat de mantenir relacions professionals i\/o comercials i, que seran conservades mentre es mantingui la relaci\u00f3. Si ho desitgeu, [&hellip;]<\/p>\n","protected":false},"author":4,"featured_media":0,"parent":0,"menu_order":0,"comment_status":"closed","ping_status":"closed","template":"","meta":{"footnotes":""},"class_list":["post-10602","page","type-page","status-publish","hentry"],"yoast_head":"<!-- This site is optimized with the Yoast SEO plugin v26.7 - https:\/\/yoast.com\/wordpress\/plugins\/seo\/ -->\n<title>Informaci\u00f3 de protecci\u00f3 de dades | Magmacultura<\/title>\n<meta name=\"description\" content=\"INFORMACI\u00d3 DE PROTECCI\u00d3 DE DADES Responsable: MAGMACULTURA, S.L. (B61949764) Us informem que les vostres dades identificatives i els continguts als\" \/>\n<meta name=\"robots\" content=\"index, follow, max-snippet:-1, max-image-preview:large, max-video-preview:-1\" \/>\n<link rel=\"canonical\" href=\"https:\/\/magmacultura.com\/ca\/informacio-de-proteccio-de-dades\/\" \/>\n<meta property=\"og:locale\" content=\"ca_ES\" \/>\n<meta property=\"og:type\" content=\"article\" \/>\n<meta property=\"og:title\" content=\"Informaci\u00f3 de protecci\u00f3 de dades | Magmacultura\" \/>\n<meta property=\"og:description\" content=\"INFORMACI\u00d3 DE PROTECCI\u00d3 DE DADES Responsable: MAGMACULTURA, S.L. (B61949764) Us informem que les vostres dades identificatives i els continguts als\" \/>\n<meta property=\"og:url\" content=\"https:\/\/magmacultura.com\/ca\/informacio-de-proteccio-de-dades\/\" \/>\n<meta property=\"og:site_name\" content=\"Magmacultura\" \/>\n<meta property=\"article:publisher\" content=\"https:\/\/www.facebook.com\/MagmaCultura\/\" \/>\n<meta property=\"article:modified_time\" content=\"2024-07-30T09:59:31+00:00\" \/>\n<meta name=\"twitter:card\" content=\"summary_large_image\" \/>\n<meta name=\"twitter:site\" content=\"@magmacultura\" \/>\n<meta name=\"twitter:label1\" content=\"Temps estimat de lectura\" \/>\n\t<meta name=\"twitter:data1\" content=\"1 minut\" \/>\n<script type=\"application\/ld+json\" class=\"yoast-schema-graph\">{\"@context\":\"https:\/\/schema.org\",\"@graph\":[{\"@type\":\"WebPage\",\"@id\":\"https:\/\/magmacultura.com\/ca\/informacio-de-proteccio-de-dades\/\",\"url\":\"https:\/\/magmacultura.com\/ca\/informacio-de-proteccio-de-dades\/\",\"name\":\"Informaci\u00f3 de protecci\u00f3 de dades | Magmacultura\",\"isPartOf\":{\"@id\":\"https:\/\/magmacultura.com\/ca\/#website\"},\"datePublished\":\"2023-12-13T14:52:35+00:00\",\"dateModified\":\"2024-07-30T09:59:31+00:00\",\"description\":\"INFORMACI\u00d3 DE PROTECCI\u00d3 DE DADES Responsable: MAGMACULTURA, S.L. (B61949764) Us informem que les vostres dades identificatives i els continguts als\",\"breadcrumb\":{\"@id\":\"https:\/\/magmacultura.com\/ca\/informacio-de-proteccio-de-dades\/#breadcrumb\"},\"inLanguage\":\"ca\",\"potentialAction\":[{\"@type\":\"ReadAction\",\"target\":[\"https:\/\/magmacultura.com\/ca\/informacio-de-proteccio-de-dades\/\"]}]},{\"@type\":\"BreadcrumbList\",\"@id\":\"https:\/\/magmacultura.com\/ca\/informacio-de-proteccio-de-dades\/#breadcrumb\",\"itemListElement\":[{\"@type\":\"ListItem\",\"position\":1,\"name\":\"Home\",\"item\":\"https:\/\/magmacultura.com\/ca\/\"},{\"@type\":\"ListItem\",\"position\":2,\"name\":\"Informaci\u00f3 de protecci\u00f3 de dades\"}]},{\"@type\":\"WebSite\",\"@id\":\"https:\/\/magmacultura.com\/ca\/#website\",\"url\":\"https:\/\/magmacultura.com\/ca\/\",\"name\":\"Magmacultura\",\"description\":\"Trabajamos para la cultura\",\"publisher\":{\"@id\":\"https:\/\/magmacultura.com\/ca\/#organization\"},\"potentialAction\":[{\"@type\":\"SearchAction\",\"target\":{\"@type\":\"EntryPoint\",\"urlTemplate\":\"https:\/\/magmacultura.com\/ca\/?s={search_term_string}\"},\"query-input\":{\"@type\":\"PropertyValueSpecification\",\"valueRequired\":true,\"valueName\":\"search_term_string\"}}],\"inLanguage\":\"ca\"},{\"@type\":\"Organization\",\"@id\":\"https:\/\/magmacultura.com\/ca\/#organization\",\"name\":\"Magmacultura\",\"url\":\"https:\/\/magmacultura.com\/ca\/\",\"logo\":{\"@type\":\"ImageObject\",\"inLanguage\":\"ca\",\"@id\":\"https:\/\/magmacultura.com\/ca\/#\/schema\/logo\/image\/\",\"url\":\"https:\/\/magmacultura.com\/wp-content\/uploads\/2022\/07\/logo-dark.svg\",\"contentUrl\":\"https:\/\/magmacultura.com\/wp-content\/uploads\/2022\/07\/logo-dark.svg\",\"width\":1,\"height\":1,\"caption\":\"Magmacultura\"},\"image\":{\"@id\":\"https:\/\/magmacultura.com\/ca\/#\/schema\/logo\/image\/\"},\"sameAs\":[\"https:\/\/www.facebook.com\/MagmaCultura\/\",\"https:\/\/x.com\/magmacultura\",\"https:\/\/www.linkedin.com\/company\/magmacultura.\/\",\"https:\/\/www.instagram.com\/magmacultura_\/\"]}]}<\/script>\n<!-- \/ Yoast SEO plugin. -->","yoast_head_json":{"title":"Informaci\u00f3 de protecci\u00f3 de dades | Magmacultura","description":"INFORMACI\u00d3 DE PROTECCI\u00d3 DE DADES Responsable: MAGMACULTURA, S.L. (B61949764) Us informem que les vostres dades identificatives i els continguts als","robots":{"index":"index","follow":"follow","max-snippet":"max-snippet:-1","max-image-preview":"max-image-preview:large","max-video-preview":"max-video-preview:-1"},"canonical":"https:\/\/magmacultura.com\/ca\/informacio-de-proteccio-de-dades\/","og_locale":"ca_ES","og_type":"article","og_title":"Informaci\u00f3 de protecci\u00f3 de dades | Magmacultura","og_description":"INFORMACI\u00d3 DE PROTECCI\u00d3 DE DADES Responsable: MAGMACULTURA, S.L. (B61949764) Us informem que les vostres dades identificatives i els continguts als","og_url":"https:\/\/magmacultura.com\/ca\/informacio-de-proteccio-de-dades\/","og_site_name":"Magmacultura","article_publisher":"https:\/\/www.facebook.com\/MagmaCultura\/","article_modified_time":"2024-07-30T09:59:31+00:00","twitter_card":"summary_large_image","twitter_site":"@magmacultura","twitter_misc":{"Temps estimat de lectura":"1 minut"},"schema":{"@context":"https:\/\/schema.org","@graph":[{"@type":"WebPage","@id":"https:\/\/magmacultura.com\/ca\/informacio-de-proteccio-de-dades\/","url":"https:\/\/magmacultura.com\/ca\/informacio-de-proteccio-de-dades\/","name":"Informaci\u00f3 de protecci\u00f3 de dades | Magmacultura","isPartOf":{"@id":"https:\/\/magmacultura.com\/ca\/#website"},"datePublished":"2023-12-13T14:52:35+00:00","dateModified":"2024-07-30T09:59:31+00:00","description":"INFORMACI\u00d3 DE PROTECCI\u00d3 DE DADES Responsable: MAGMACULTURA, S.L. (B61949764) Us informem que les vostres dades identificatives i els continguts als","breadcrumb":{"@id":"https:\/\/magmacultura.com\/ca\/informacio-de-proteccio-de-dades\/#breadcrumb"},"inLanguage":"ca","potentialAction":[{"@type":"ReadAction","target":["https:\/\/magmacultura.com\/ca\/informacio-de-proteccio-de-dades\/"]}]},{"@type":"BreadcrumbList","@id":"https:\/\/magmacultura.com\/ca\/informacio-de-proteccio-de-dades\/#breadcrumb","itemListElement":[{"@type":"ListItem","position":1,"name":"Home","item":"https:\/\/magmacultura.com\/ca\/"},{"@type":"ListItem","position":2,"name":"Informaci\u00f3 de protecci\u00f3 de dades"}]},{"@type":"WebSite","@id":"https:\/\/magmacultura.com\/ca\/#website","url":"https:\/\/magmacultura.com\/ca\/","name":"Magmacultura","description":"Trabajamos para la cultura","publisher":{"@id":"https:\/\/magmacultura.com\/ca\/#organization"},"potentialAction":[{"@type":"SearchAction","target":{"@type":"EntryPoint","urlTemplate":"https:\/\/magmacultura.com\/ca\/?s={search_term_string}"},"query-input":{"@type":"PropertyValueSpecification","valueRequired":true,"valueName":"search_term_string"}}],"inLanguage":"ca"},{"@type":"Organization","@id":"https:\/\/magmacultura.com\/ca\/#organization","name":"Magmacultura","url":"https:\/\/magmacultura.com\/ca\/","logo":{"@type":"ImageObject","inLanguage":"ca","@id":"https:\/\/magmacultura.com\/ca\/#\/schema\/logo\/image\/","url":"https:\/\/magmacultura.com\/wp-content\/uploads\/2022\/07\/logo-dark.svg","contentUrl":"https:\/\/magmacultura.com\/wp-content\/uploads\/2022\/07\/logo-dark.svg","width":1,"height":1,"caption":"Magmacultura"},"image":{"@id":"https:\/\/magmacultura.com\/ca\/#\/schema\/logo\/image\/"},"sameAs":["https:\/\/www.facebook.com\/MagmaCultura\/","https:\/\/x.com\/magmacultura","https:\/\/www.linkedin.com\/company\/magmacultura.\/","https:\/\/www.instagram.com\/magmacultura_\/"]}]}},"_links":{"self":[{"href":"https:\/\/magmacultura.com\/ca\/wp-json\/wp\/v2\/pages\/10602","targetHints":{"allow":["GET"]}}],"collection":[{"href":"https:\/\/magmacultura.com\/ca\/wp-json\/wp\/v2\/pages"}],"about":[{"href":"https:\/\/magmacultura.com\/ca\/wp-json\/wp\/v2\/types\/page"}],"author":[{"embeddable":true,"href":"https:\/\/magmacultura.com\/ca\/wp-json\/wp\/v2\/users\/4"}],"replies":[{"embeddable":true,"href":"https:\/\/magmacultura.com\/ca\/wp-json\/wp\/v2\/comments?post=10602"}],"version-history":[{"count":10,"href":"https:\/\/magmacultura.com\/ca\/wp-json\/wp\/v2\/pages\/10602\/revisions"}],"predecessor-version":[{"id":11287,"href":"https:\/\/magmacultura.com\/ca\/wp-json\/wp\/v2\/pages\/10602\/revisions\/11287"}],"wp:attachment":[{"href":"https:\/\/magmacultura.com\/ca\/wp-json\/wp\/v2\/media?parent=10602"}],"curies":[{"name":"wp","href":"https:\/\/api.w.org\/{rel}","templated":true}]}}