{"id":6405,"date":"2022-08-18T00:43:25","date_gmt":"2022-08-17T22:43:25","guid":{"rendered":"https:\/\/magmacultura.com\/?page_id=6405"},"modified":"2022-09-05T16:50:26","modified_gmt":"2022-09-05T14:50:26","slug":"qualitat-i-medi-ambient","status":"publish","type":"page","link":"https:\/\/magmacultura.com\/ca\/qualitat-i-medi-ambient\/","title":{"rendered":"Qualitat i medi ambient"},"content":{"rendered":"\t\t<div data-elementor-type=\"wp-page\" data-elementor-id=\"6405\" class=\"elementor elementor-6405 elementor-4548\" data-elementor-post-type=\"page\">\n\t\t\t\t<div class=\"elementor-element elementor-element-c447b6a e-flex e-con-boxed e-con e-parent\" data-id=\"c447b6a\" data-element_type=\"container\" data-e-type=\"container\">\n\t\t\t\t\t<div class=\"e-con-inner\">\n\t\t\t\t<div class=\"elementor-element elementor-element-a67add2 elementor-widget elementor-widget-text-editor\" data-id=\"a67add2\" data-element_type=\"widget\" data-e-type=\"widget\" data-widget_type=\"text-editor.default\">\n\t\t\t\t<div class=\"elementor-widget-container\">\n\t\t\t\t\t\t\t\t\t<h1>Qualitat i Medi Ambient<\/h1><p>Pol\u00edtica de Sistema Integral de Gesti\u00f3 de Magmacultura<\/p><p>La missi\u00f3 principal de MAGMACULTURA, S.L. es descriu en els seg\u00fcents punts:<\/p><p>\u2022 Implementaci\u00f3, gesti\u00f3 aut\u00f2noma integral d\u2019equips i projectes en equipaments culturals i espais tur\u00edstics.<br \/>\u2022 Realitzaci\u00f3 de programes de difusi\u00f3 cultural, incloent l\u2019elaboraci\u00f3 dels materials i realitzaci\u00f3 de les activitats de dinamitzaci\u00f3 derivades.<br \/>\u2022 Producci\u00f3, realitzaci\u00f3 d\u2019esdeveniments culturals, l\u00fadics o de contingut social o corporatiu per a institucions i entitats p\u00fabliques.<br \/>\u2022 Disseny i implementaci\u00f3 de projectes a mesura en l\u2019\u00e0mbit dels Arxius i la Gesti\u00f3 Documental.<br \/>\u2022 Gesti\u00f3 integral de serveis i prestaci\u00f3 de personal especialitzat per a la gesti\u00f3 d\u2019Arxius.<\/p><p>La nostra missi\u00f3 \u00e9s constituir-nos en col\u00b7laboradors actius dels nostres clients en els processos de gesti\u00f3 i realitzaci\u00f3 d\u2019aquelles activitats que, per qualsevol motiu, han de realitzar amb recursos externs, aportant, donada la nostra especialitzaci\u00f3, millores en termes de qualitat, efic\u00e0cia i efici\u00e8ncia.<\/p><p>Com a professionals de la cultura i la gesti\u00f3 documental, volem esdevenir un referent en el marc de la gesti\u00f3 cultural, aportant les nostres idees i solucions, aix\u00ed com contribuir a consolidar un model de sector amb responsabilitat compartida entre agents p\u00fablics i privats referent a creixement, innovaci\u00f3, qualitat i sostenibilitat.<\/p><p>Els nostres \u00e0mbits d\u2019actuaci\u00f3 s\u00f3n aquells on els recursos culturals, patrimonials, educatius i tur\u00edstics es troben amb el seu p\u00fablic. Ens identifiquem amb la missi\u00f3 i valors dels nostres clients: especialitzaci\u00f3 i sensibilitat cultural, transversalitat i autonomia de gesti\u00f3.<\/p><p>MAGMACULTURA, S.L. ent\u00e9n que la qualitat suposa un esfor\u00e7 continu per aconseguir el seu principal objectiu de donar plena satisfacci\u00f3 al client. En conseq\u00fc\u00e8ncia, s\u2019estableix la seva estrat\u00e8gia i pol\u00edtica de qualitat que aplicar\u00e0 als seus serveis i processos.<\/p><p>La Direcci\u00f3 de MAGMACULTURA, S.L. defineix la seva Pol\u00edtica del Sistema Integrat de Gesti\u00f3 com part integrant de la Pol\u00edtica general de MAGMA CULTURA, S.L. i es compromet a complir, difondre i assegurar el compliment per part de tot el personal.<\/p><p>La Direcci\u00f3 assumeix d\u2019aquesta manera, com a responsabilitat i objectius prioritaris la implantaci\u00f3 del Pla i el disseny, desenvolupament i manteniment d\u2019aquest Sistema de Garantia de Qualitat, Medi ambient i Seguretat i Salut en el treball i Gesti\u00f3 per als documents al que proporcionar\u00e0 els recursos que siguin necessaris.<\/p><p>Per aconseguir aquests objectius, MAGMACULTURA, S.L. posseeix personal altament motivat i qualificat que, a trav\u00e9s de la formaci\u00f3 adequada i per mitj\u00e0 d\u2019instruccions escrites, pot realitzar les tasques encomanades.<\/p><p>Els objectius fonamentals d\u2019aquest Sistema Integrat de Gesti\u00f3 s\u00f3n aconseguir la m\u00e0xima satisfacci\u00f3 del client mitjan\u00e7ant la determinaci\u00f3 i compliment dels requeriments que estableixi i l\u2019adequaci\u00f3 a l\u2019\u00fas dels nostres productes i serveis. La prevenci\u00f3 de qualsevol no-conformitat s\u2019estableix com a m\u00e0xima en el sistema, de manera que, l\u2019abs\u00e8ncia de defectes o la seva detecci\u00f3 primerenca i la nostra orientaci\u00f3 al client ens permeti ocupar permanentment un posat en relleu com a empresa dedicada als SERVEIS CULTURALS i a la GESTI\u00d3 DOCUMENTAL.<\/p><p>Com a manera d\u2019expressar el seu comprom\u00eds amb la qualitat, el Sistema SIG de MAGMACULTURA, S.L. est\u00e0 basat en les normes UNE-EN-ISO-9001:2015, UNE-EN-ISO-14001:2015, ISO-45001:2018 y UNE-EN-ISO 30301:2011.<\/p><p>Pel present document la Direcci\u00f3 de MAGMACULTURA, S.L vol fer arribar a tots els integrants del Grup Empresarial MAGMACULTURA, S.L. el comprom\u00eds adquirit en Pol\u00edtica de Qualitat, Medi ambient i Seguretat i Salut en el treball i Gesti\u00f3 per als Documents i fer extensiva a tots els seus prove\u00efdors, col\u00b7laboradors, clients, i socis la sol\u00b7licitud de cooperaci\u00f3 a fi d\u2019oferir els seus serveis lliures de defectes, i sempre a la seva plena satisfacci\u00f3 d\u2019aquells que aniran a utilitzar-los.<\/p><p>Aix\u00ed mateix, MAGMACULTURA, S.L. t\u00e9 tamb\u00e9 com a principis fonamentals, la preservaci\u00f3 de l\u2019entorn i del medi ambient i el benestar i la seguretat i salut en el treball dels seus professionals. En conseq\u00fc\u00e8ncia manifestem i assumim els seg\u00fcents compromisos i principis ambientals i de seguretat i salut en el treball:<\/p><p>Desenvolupar totes les activitats relacionades amb els SERVEIS CULTURALS i la GESTI\u00d3 DOCUMENTAL de manera que contribueixin positivament al comportament ambiental associat als seus serveis, instal\u00b7lacions i prestar una especial atenci\u00f3 a la protecci\u00f3 de l\u2019entorn, dels seus clients i del p\u00fablic en general.<br \/>Desenvolupar totes les activitats relacionades amb els SERVEIS CULTURALS i la GESTI\u00d3 DOCUMENTAL controlant de forma cont\u00ednua totes les mesures necess\u00e0ries per assegurar als nostres treballadors i a tots els nostres col\u00b7laboradors unes condicions \u00f2ptimes de seguretat i salut en el treball<br \/>\u00c9s per aix\u00f2 que, comptem amb el comprom\u00eds de tots per complir amb aquesta missi\u00f3 i la de la seva eina b\u00e0sica, el Sistema Integrat de Gesti\u00f3 i manifest el convenciment que:<\/p><p>Qualitat \u00e9s con\u00e8ixer al nostre client, les seves necessitats i expectatives. Un client satisfet \u00e9s l\u2019actiu m\u00e9s important de l\u2019empresa, la seva fidelitzaci\u00f3 \u00e9s el nostre principal avantatge competitiu.<br \/>Qualitat \u00e9s adaptar-se a les necessitats dels nostres clients i oferir productes s\u00f2lids que puguin prevenir incid\u00e8ncies futures.<br \/>La consecuci\u00f3 de la m\u00e0xima Qualitat ser\u00e0 sempre objectiu continu de MAGMACULTURA, S.L. S\u2019aprendr\u00e0 de les fallades per millorar i es posar\u00e0 tota l\u2019obstinaci\u00f3 a localitzar les causes que els van produir, perqu\u00e8 no es repeteixin.<\/p><p>D\u2019aquesta forma, MAGMACULTURA, S.L. assumeix com a principals objectius:<\/p><p>Seguir cuidant als nostres clients habituals i creixent pas a pas per no afectar a la qualitat dels nostres serveis, consolidant-nos aix\u00ed cada vegada m\u00e9s en el nostre sector.<br \/>Millorar en tots els \u00e0mbits empresarials per donar un millor servei i aconseguir aix\u00ed adaptar-nos a les expectatives dels nostres clients, satisfent les seves necessitats a tot moment.<br \/>Reduir i gestionar correctament la producci\u00f3 de residus i emissions, el consum de recursos (materials, combustibles i energia).<br \/>Mantenir un control permanent del compliment legislatiu col\u00b7laborant amb les Administracions amb compet\u00e8ncies mediambientals i en seguretat i salut, aix\u00ed com altres requisits que l\u2019Empresa subscrigui.<br \/>Millora cont\u00ednua del sistema integrat de Qualitat, Ambient i Seguretat.<br \/>Prevenir la contaminaci\u00f3.<br \/>Promoure la formaci\u00f3 de tots els treballadors.<br \/>Implicar als nostres Prove\u00efdors en la cura i en les bones pr\u00e0ctiques Ambientals.<br \/>Fomentar l\u2019\u00fas racional i estalvi d\u2019energia entre els usuaris i la societat en general.<br \/>Proporcionar condicions de treball segures i saludables per a la prevenci\u00f3 de lesions i deterioraci\u00f3 de la salut dels nostres treballadors, dels treballs en el nostre nom i per a nosaltres mateixos.<br \/>Eliminar els perills i reduir els riscos per a la seguretat i salut en el treball.<br \/>Promoure la formaci\u00f3 i informaci\u00f3 aix\u00ed com la participaci\u00f3 de tots els treballadors en el sistema de gesti\u00f3 de Seguretat i Salut.<br \/>Fomentar la consulta, participaci\u00f3 i comunicaci\u00f3 a tots els nivells de l\u2019empresa per transmetre les inquietuds que afecten al benestar dels treballadors.<br \/>Millora de la gesti\u00f3 documental, amb la creaci\u00f3 de documents aut\u00e8ntics, fiables i usables.<br \/>Protegir la seguretat i integritat dels documents.<br \/>Promoure la formaci\u00f3 i conscienciaci\u00f3 dels treballadors en gesti\u00f3 documental.<br \/>La Direcci\u00f3 t\u00e9 la responsabilitat \u00faltima sobre l\u2019obtenci\u00f3 dels Objectius de Qualitat proposats, i en aquest sentit es proporcionen tots els mitjans humans, materials i econ\u00f2mics necessaris per aconseguir-los, complint de manera rigorosa amb els requisits legals i altres requisits aplicables. Aix\u00ed mateix la Direcci\u00f3 recolza i proporciona tots els mitjans i recursos necessaris per a la cura del Medi ambient i per preservar i millorar de forma cont\u00ednua la Seguretat i Salut durant el desenvolupament del treball aix\u00ed com per assegurar la correcta Gesti\u00f3 de Documents.<\/p><p>La Direcci\u00f3<\/p><p>Barcelona, gener 2020<\/p>\t\t\t\t\t\t\t\t<\/div>\n\t\t\t\t<\/div>\n\t\t\t\t\t<\/div>\n\t\t\t\t<\/div>\n\t\t\t\t<\/div>\n\t\t","protected":false},"excerpt":{"rendered":"<p>Qualitat i Medi Ambient Pol\u00edtica de Sistema Integral de Gesti\u00f3 de Magmacultura La missi\u00f3 principal de MAGMACULTURA, S.L. es descriu en els seg\u00fcents punts: \u2022 Implementaci\u00f3, gesti\u00f3 aut\u00f2noma integral d\u2019equips i projectes en equipaments culturals i espais tur\u00edstics.\u2022 Realitzaci\u00f3 de programes de difusi\u00f3 cultural, incloent l\u2019elaboraci\u00f3 dels materials i realitzaci\u00f3 de les activitats de dinamitzaci\u00f3 [&hellip;]<\/p>\n","protected":false},"author":4,"featured_media":0,"parent":0,"menu_order":0,"comment_status":"closed","ping_status":"closed","template":"","meta":{"footnotes":""},"class_list":["post-6405","page","type-page","status-publish","hentry"],"yoast_head":"<!-- This site is optimized with the Yoast SEO plugin v27.4 - https:\/\/yoast.com\/product\/yoast-seo-wordpress\/ -->\n<title>Qualitat i medi ambient | Magmacultura<\/title>\n<meta name=\"description\" content=\"Qualitat i Medi AmbientPol\u00edtica de Sistema Integral de Gesti\u00f3 de MagmaculturaLa missi\u00f3 principal de MAGMACULTURA, S.L. es descriu en els seg\u00fcents punts:\u2022\" \/>\n<meta name=\"robots\" content=\"index, follow, max-snippet:-1, max-image-preview:large, max-video-preview:-1\" \/>\n<link rel=\"canonical\" href=\"https:\/\/magmacultura.com\/ca\/qualitat-i-medi-ambient\/\" \/>\n<meta property=\"og:locale\" content=\"ca_ES\" \/>\n<meta property=\"og:type\" content=\"article\" \/>\n<meta property=\"og:title\" content=\"Qualitat i medi ambient | Magmacultura\" \/>\n<meta property=\"og:description\" content=\"Qualitat i Medi AmbientPol\u00edtica de Sistema Integral de Gesti\u00f3 de MagmaculturaLa missi\u00f3 principal de MAGMACULTURA, S.L. es descriu en els seg\u00fcents punts:\u2022\" \/>\n<meta property=\"og:url\" content=\"https:\/\/magmacultura.com\/ca\/qualitat-i-medi-ambient\/\" \/>\n<meta property=\"og:site_name\" content=\"Magmacultura\" \/>\n<meta property=\"article:publisher\" content=\"https:\/\/www.facebook.com\/MagmaCultura\/\" \/>\n<meta property=\"article:modified_time\" content=\"2022-09-05T14:50:26+00:00\" \/>\n<meta name=\"twitter:card\" content=\"summary_large_image\" \/>\n<meta name=\"twitter:site\" content=\"@magmacultura\" \/>\n<script type=\"application\/ld+json\" class=\"yoast-schema-graph\">{\"@context\":\"https:\\\/\\\/schema.org\",\"@graph\":[{\"@type\":\"WebPage\",\"@id\":\"https:\\\/\\\/magmacultura.com\\\/ca\\\/qualitat-i-medi-ambient\\\/\",\"url\":\"https:\\\/\\\/magmacultura.com\\\/ca\\\/qualitat-i-medi-ambient\\\/\",\"name\":\"Qualitat i medi ambient | Magmacultura\",\"isPartOf\":{\"@id\":\"https:\\\/\\\/magmacultura.com\\\/ca\\\/#website\"},\"datePublished\":\"2022-08-17T22:43:25+00:00\",\"dateModified\":\"2022-09-05T14:50:26+00:00\",\"description\":\"Qualitat i Medi AmbientPol\u00edtica de Sistema Integral de Gesti\u00f3 de MagmaculturaLa missi\u00f3 principal de MAGMACULTURA, S.L. es descriu en els seg\u00fcents punts:\u2022\",\"breadcrumb\":{\"@id\":\"https:\\\/\\\/magmacultura.com\\\/ca\\\/qualitat-i-medi-ambient\\\/#breadcrumb\"},\"inLanguage\":\"ca\",\"potentialAction\":[{\"@type\":\"ReadAction\",\"target\":[\"https:\\\/\\\/magmacultura.com\\\/ca\\\/qualitat-i-medi-ambient\\\/\"]}]},{\"@type\":\"BreadcrumbList\",\"@id\":\"https:\\\/\\\/magmacultura.com\\\/ca\\\/qualitat-i-medi-ambient\\\/#breadcrumb\",\"itemListElement\":[{\"@type\":\"ListItem\",\"position\":1,\"name\":\"Home\",\"item\":\"https:\\\/\\\/magmacultura.com\\\/ca\\\/\"},{\"@type\":\"ListItem\",\"position\":2,\"name\":\"Qualitat i medi ambient\"}]},{\"@type\":\"WebSite\",\"@id\":\"https:\\\/\\\/magmacultura.com\\\/ca\\\/#website\",\"url\":\"https:\\\/\\\/magmacultura.com\\\/ca\\\/\",\"name\":\"Magmacultura\",\"description\":\"Trabajamos para la cultura\",\"publisher\":{\"@id\":\"https:\\\/\\\/magmacultura.com\\\/ca\\\/#organization\"},\"potentialAction\":[{\"@type\":\"SearchAction\",\"target\":{\"@type\":\"EntryPoint\",\"urlTemplate\":\"https:\\\/\\\/magmacultura.com\\\/ca\\\/?s={search_term_string}\"},\"query-input\":{\"@type\":\"PropertyValueSpecification\",\"valueRequired\":true,\"valueName\":\"search_term_string\"}}],\"inLanguage\":\"ca\"},{\"@type\":\"Organization\",\"@id\":\"https:\\\/\\\/magmacultura.com\\\/ca\\\/#organization\",\"name\":\"Magmacultura\",\"url\":\"https:\\\/\\\/magmacultura.com\\\/ca\\\/\",\"logo\":{\"@type\":\"ImageObject\",\"inLanguage\":\"ca\",\"@id\":\"https:\\\/\\\/magmacultura.com\\\/ca\\\/#\\\/schema\\\/logo\\\/image\\\/\",\"url\":\"https:\\\/\\\/magmacultura.com\\\/wp-content\\\/uploads\\\/2022\\\/07\\\/logo-dark.svg\",\"contentUrl\":\"https:\\\/\\\/magmacultura.com\\\/wp-content\\\/uploads\\\/2022\\\/07\\\/logo-dark.svg\",\"width\":1,\"height\":1,\"caption\":\"Magmacultura\"},\"image\":{\"@id\":\"https:\\\/\\\/magmacultura.com\\\/ca\\\/#\\\/schema\\\/logo\\\/image\\\/\"},\"sameAs\":[\"https:\\\/\\\/www.facebook.com\\\/MagmaCultura\\\/\",\"https:\\\/\\\/x.com\\\/magmacultura\",\"https:\\\/\\\/www.linkedin.com\\\/company\\\/magmacultura.\\\/\",\"https:\\\/\\\/www.instagram.com\\\/magmacultura_\\\/\"]}]}<\/script>\n<!-- \/ Yoast SEO plugin. -->","yoast_head_json":{"title":"Qualitat i medi ambient | Magmacultura","description":"Qualitat i Medi AmbientPol\u00edtica de Sistema Integral de Gesti\u00f3 de MagmaculturaLa missi\u00f3 principal de MAGMACULTURA, S.L. es descriu en els seg\u00fcents punts:\u2022","robots":{"index":"index","follow":"follow","max-snippet":"max-snippet:-1","max-image-preview":"max-image-preview:large","max-video-preview":"max-video-preview:-1"},"canonical":"https:\/\/magmacultura.com\/ca\/qualitat-i-medi-ambient\/","og_locale":"ca_ES","og_type":"article","og_title":"Qualitat i medi ambient | Magmacultura","og_description":"Qualitat i Medi AmbientPol\u00edtica de Sistema Integral de Gesti\u00f3 de MagmaculturaLa missi\u00f3 principal de MAGMACULTURA, S.L. es descriu en els seg\u00fcents punts:\u2022","og_url":"https:\/\/magmacultura.com\/ca\/qualitat-i-medi-ambient\/","og_site_name":"Magmacultura","article_publisher":"https:\/\/www.facebook.com\/MagmaCultura\/","article_modified_time":"2022-09-05T14:50:26+00:00","twitter_card":"summary_large_image","twitter_site":"@magmacultura","schema":{"@context":"https:\/\/schema.org","@graph":[{"@type":"WebPage","@id":"https:\/\/magmacultura.com\/ca\/qualitat-i-medi-ambient\/","url":"https:\/\/magmacultura.com\/ca\/qualitat-i-medi-ambient\/","name":"Qualitat i medi ambient | Magmacultura","isPartOf":{"@id":"https:\/\/magmacultura.com\/ca\/#website"},"datePublished":"2022-08-17T22:43:25+00:00","dateModified":"2022-09-05T14:50:26+00:00","description":"Qualitat i Medi AmbientPol\u00edtica de Sistema Integral de Gesti\u00f3 de MagmaculturaLa missi\u00f3 principal de MAGMACULTURA, S.L. es descriu en els seg\u00fcents punts:\u2022","breadcrumb":{"@id":"https:\/\/magmacultura.com\/ca\/qualitat-i-medi-ambient\/#breadcrumb"},"inLanguage":"ca","potentialAction":[{"@type":"ReadAction","target":["https:\/\/magmacultura.com\/ca\/qualitat-i-medi-ambient\/"]}]},{"@type":"BreadcrumbList","@id":"https:\/\/magmacultura.com\/ca\/qualitat-i-medi-ambient\/#breadcrumb","itemListElement":[{"@type":"ListItem","position":1,"name":"Home","item":"https:\/\/magmacultura.com\/ca\/"},{"@type":"ListItem","position":2,"name":"Qualitat i medi ambient"}]},{"@type":"WebSite","@id":"https:\/\/magmacultura.com\/ca\/#website","url":"https:\/\/magmacultura.com\/ca\/","name":"Magmacultura","description":"Trabajamos para la cultura","publisher":{"@id":"https:\/\/magmacultura.com\/ca\/#organization"},"potentialAction":[{"@type":"SearchAction","target":{"@type":"EntryPoint","urlTemplate":"https:\/\/magmacultura.com\/ca\/?s={search_term_string}"},"query-input":{"@type":"PropertyValueSpecification","valueRequired":true,"valueName":"search_term_string"}}],"inLanguage":"ca"},{"@type":"Organization","@id":"https:\/\/magmacultura.com\/ca\/#organization","name":"Magmacultura","url":"https:\/\/magmacultura.com\/ca\/","logo":{"@type":"ImageObject","inLanguage":"ca","@id":"https:\/\/magmacultura.com\/ca\/#\/schema\/logo\/image\/","url":"https:\/\/magmacultura.com\/wp-content\/uploads\/2022\/07\/logo-dark.svg","contentUrl":"https:\/\/magmacultura.com\/wp-content\/uploads\/2022\/07\/logo-dark.svg","width":1,"height":1,"caption":"Magmacultura"},"image":{"@id":"https:\/\/magmacultura.com\/ca\/#\/schema\/logo\/image\/"},"sameAs":["https:\/\/www.facebook.com\/MagmaCultura\/","https:\/\/x.com\/magmacultura","https:\/\/www.linkedin.com\/company\/magmacultura.\/","https:\/\/www.instagram.com\/magmacultura_\/"]}]}},"_links":{"self":[{"href":"https:\/\/magmacultura.com\/ca\/wp-json\/wp\/v2\/pages\/6405","targetHints":{"allow":["GET"]}}],"collection":[{"href":"https:\/\/magmacultura.com\/ca\/wp-json\/wp\/v2\/pages"}],"about":[{"href":"https:\/\/magmacultura.com\/ca\/wp-json\/wp\/v2\/types\/page"}],"author":[{"embeddable":true,"href":"https:\/\/magmacultura.com\/ca\/wp-json\/wp\/v2\/users\/4"}],"replies":[{"embeddable":true,"href":"https:\/\/magmacultura.com\/ca\/wp-json\/wp\/v2\/comments?post=6405"}],"version-history":[{"count":0,"href":"https:\/\/magmacultura.com\/ca\/wp-json\/wp\/v2\/pages\/6405\/revisions"}],"wp:attachment":[{"href":"https:\/\/magmacultura.com\/ca\/wp-json\/wp\/v2\/media?parent=6405"}],"curies":[{"name":"wp","href":"https:\/\/api.w.org\/{rel}","templated":true}]}}