{"id":7994,"date":"2022-08-18T00:56:21","date_gmt":"2022-08-17T22:56:21","guid":{"rendered":"https:\/\/magmacultura.com\/politica-de-cookies\/"},"modified":"2022-10-06T17:08:16","modified_gmt":"2022-10-06T15:08:16","slug":"politica-de-cookies","status":"publish","type":"page","link":"https:\/\/magmacultura.com\/ca\/politica-de-cookies\/","title":{"rendered":"Pol\u00edtica de cookies"},"content":{"rendered":"\t\t<div data-elementor-type=\"wp-page\" data-elementor-id=\"7994\" class=\"elementor elementor-7994 elementor-4566\" data-elementor-post-type=\"page\">\n\t\t\t\t<div class=\"elementor-element elementor-element-c447b6a e-flex e-con-boxed e-con e-parent\" data-id=\"c447b6a\" data-element_type=\"container\" data-e-type=\"container\">\n\t\t\t\t\t<div class=\"e-con-inner\">\n\t\t\t\t<div class=\"elementor-element elementor-element-a67add2 elementor-widget elementor-widget-text-editor\" data-id=\"a67add2\" data-element_type=\"widget\" data-e-type=\"widget\" data-widget_type=\"text-editor.default\">\n\t\t\t\t<div class=\"elementor-widget-container\">\n\t\t\t\t\t\t\t\t\t<h1>Informaci\u00f3 de l&#8217;\u00fas de cookies<\/h1><p><strong>Qu\u00e8 s\u00f3n les cookies?<\/strong><\/p><p>Les cookies s\u00f3n petits arxius de dades que es reben en el terminal des del lloc web visitat i s&#8217;usen per a registrar unes certes interaccions de la navegaci\u00f3 en un lloc web emmagatzemant dades que podran ser actualitzats i recuperats. Aquests arxius s&#8217;emmagatzemen en l&#8217;ordinador de l&#8217;usuari i cont\u00e9 dades an\u00f2nimes que no s\u00f3n perjudicials per al seu equip. S&#8217;utilitzen per a recordar les prefer\u00e8ncies de l&#8217;usuari, com l&#8217;idioma seleccionat, dades d&#8217;acc\u00e9s o personalitzaci\u00f3 de la p\u00e0gina.<\/p><p>Les Cookies tamb\u00e9 poden ser utilitzades per a registrar informaci\u00f3 an\u00f2nima sobre com un visitant utilitza un lloc. Per exemple, des de quina p\u00e0gina Web ha accedit, o si ha utilitzat un \u201cb\u00e0ner\u201d publicitari per a arribar.<\/p><p><strong>Quin \u00fas li donem als diferents tipus de cookies?<\/strong><\/p><p><strong> <\/strong><strong>Segons la seva finalitat:<\/strong><\/p><p><strong> <\/strong><\/p><table><tbody><tr><td width=\"198\"><strong>Cookies t\u00e8cniques<\/strong><\/td><td width=\"451\"> <p>Les cookies t\u00e8cniques s\u00f3n aquelles faciliten la navegaci\u00f3 de l&#8217;usuari i la utilitzaci\u00f3 de les diferents opcions o serveis que ofereix la web com identificar la sessi\u00f3, permetre l&#8217;acc\u00e9s a determinades \u00e0rees, facilitar comandes, compres, emplenament de formularis, inscripcions, seguretat, facilitar funcionalitats (v\u00eddeos, xarxes socials\u2026).<\/p><p> <\/p><\/td><\/tr><tr><td width=\"198\"><strong>Cookies de personalitzaci\u00f3<\/strong><\/td><td width=\"451\"> <p>Les cookies de personalitzaci\u00f3 permeten a l&#8217;usuari accedir als serveis segons les seves prefer\u00e8ncies (idioma, navegador, configuraci\u00f3\u2026).<\/p><p> <\/p><\/td><\/tr><tr><td width=\"198\"><strong>Cookies anal\u00edtiques<\/strong><\/td><td width=\"451\"> <p>Les cookies d&#8217;an\u00e0lisis s\u00f3n les utilitzades per a dur a terme l&#8217;an\u00e0lisi an\u00f2nima del comportament dels usuaris de la web i que permeten mesurar l&#8217;activitat de l&#8217;usuari i elaborar perfils de navegaci\u00f3 amb la fi objectiva de millorar els llocs web.<\/p><p> <\/p><\/td><\/tr><tr><td width=\"198\"><strong>Cookies publicit\u00e0ries<\/strong><\/td><td width=\"451\"> <p>Les cookies publicit\u00e0ries permeten la gesti\u00f3 dels espais publicitaris de la web. A m\u00e9s, aquestes cookies poden ser de publicitat personalitzada i permetre aix\u00ed la gesti\u00f3 dels espais publicitaris de la web sobre la base del comportament i h\u00e0bits de navegaci\u00f3 d&#8217;usuari, d&#8217;on s&#8217;obt\u00e9 el seu perfil i permeten personalitzar la publicitat que es mostra en el navegador de l&#8217;usuari o altres perfils i xarxes socials de l&#8217;usuari.<\/p><p> <\/p><\/td><\/tr><\/tbody><\/table><p><strong> <\/strong><\/p><p><strong>Segons el seu termini:<\/strong><\/p><p> <\/p><table><tbody><tr><td width=\"198\"><strong>Cookies de sesi\u00f3<\/strong><\/td><td width=\"451\"> <p>Les cookies de sessi\u00f3 s\u00f3n aquelles que duren el temps que l&#8217;usuari est\u00e0 navegant per la p\u00e0gina Web i s&#8217;esborren en tancar el navegador.<\/p><p> <\/p><\/td><\/tr><tr><td width=\"198\"><strong>Cookies persistents<\/strong><\/td><td width=\"451\"> <p>Aquestes cookies queden emmagatzemades en el terminal de l&#8217;usuari fins que s\u00f3n eliminades manualment o hagi concl\u00f2s el per\u00edode de durada establert per a aquesta cookie.<\/p><p> <\/p><\/td><\/tr><\/tbody><\/table><p> <\/p><p><strong>Seg\u00fan su titularitat:<\/strong><\/p><p> <\/p><table><tbody><tr><td width=\"198\"><strong>Cookies propies<\/strong><\/td><td width=\"451\"> Aquelles que s&#8217;envien a l&#8217;equip terminal de l&#8217;usuari des d&#8217;un equip o domini gestionat pel propi editor i des del qual es presta el servei sol\u00b7licitat per l&#8217;usuari.<\/td><\/tr><tr><td width=\"198\"><strong>Cookies de tercers<\/strong><\/td><td width=\"451\"> Aquelles que s&#8217;envien a l&#8217;equip terminal de l&#8217;usuari des d&#8217;un equip o domini que no \u00e9s gestionat per l&#8217;editor, sin\u00f3 per una altra entitat que tracta les dades obtingudes trav\u00e9s de les cookies.<\/td><\/tr><\/tbody><\/table><p> <\/p><p><strong>La seg\u00fcent taula recull la classificaci\u00f3 i descripci\u00f3 de les cookies utilitzades en la present p\u00e0gina web perqu\u00e8 puguis identificar-les en el teu navegador:<\/strong><\/p><p><strong> <\/strong><\/p><table width=\"95%\"><tbody><tr><td width=\"33%\"><strong>Nom<\/strong><\/td><td width=\"18%\"><strong>Titular<\/strong><\/td><td width=\"15%\"><strong>Dade recollides<\/strong><\/td><td width=\"17%\"><strong>Finalitat<\/strong><\/td><td width=\"14%\"><strong>Durada<\/strong><\/td><\/tr><tr><td width=\"33%\"><strong>_ga<\/strong><\/td><td width=\"18%\">Google (Cookie de tercers)<\/td><td width=\"15%\">Sesions dels visitants.<\/td><td width=\"17%\"> S&#8217;usa per a distingir als usuaris.<\/td><td width=\"14%\">2 anys des del final de la darrea visita.<\/td><\/tr><tr><td width=\"33%\"> <p><strong>_gid<\/strong><\/p><\/td><td width=\"18%\">Google (Cookie de tercers)<\/td><td width=\"15%\">Sesions dels visitants.<\/td><td width=\"17%\">S&#8217;usa per a distingir als usuaris.<\/td><td width=\"14%\">24 hores des del final de la darrera visita.<\/td><\/tr><tr><td width=\"33%\"><strong>_gat_gtag_UA_133649805_1<\/strong><\/td><td width=\"18%\">Google (Cookie de tercers)<\/td><td width=\"15%\">Sesions dels visitants<\/td><td width=\"17%\"> S&#8217;usa per a distingir als usuaris i limitar el percentatge de sol\u00b7licituds.<\/td><td width=\"14%\">24 hores des del final de la darrera visita.<\/td><\/tr><tr><td width=\"33%\"><strong>PHPSESSID<\/strong><\/td><td width=\"18%\">Cookie pr\u00f2pia<\/td><td width=\"15%\">Sesions i prefer\u00e8ncies del visitant.<\/td><td width=\"17%\"> Permet que les variables de sessi\u00f3 siguin guardades en el servidor web<\/td><td width=\"14%\">Al finalitzar la sessi\u00f3 amb el navegador.<\/td><\/tr><\/tbody><\/table><p>MAGMA CULTURA, S.L. utilitza cookies t\u00e8cniques, de personalitzaci\u00f3 i an\u00e0lisi, pr\u00f2pies i de tercers, que tracten dades de connexi\u00f3 i\/o del dispositiu, aix\u00ed com h\u00e0bits de navegaci\u00f3 per a fins estad\u00edstics.<\/p><p>Per aix\u00f2, en accedir a la nostra web, en compliment de l&#8217;article 22 de la Llei de Serveis de la Societat de la Informaci\u00f3 li hem sol\u00b7licitat el seu consentiment per al seu \u00fas.<\/p><p>El subministrament de dades personals a trav\u00e9s del nostre portal i el consentiment per a l&#8217;\u00fas de cookies <u>requereix una edat m\u00ednima de 14 anys<\/u> i l&#8217;acceptaci\u00f3 expressa de la nostra Pol\u00edtica de Privacitat.<\/p><p><strong>De totes maneres, l&#8217;informem que pot activar o desactivar les cookies seguint les instruccions del seu navegador d&#8217;Internet:<\/strong><\/p><table width=\"662\"><tbody><tr><td width=\"95\"><strong>Chrome<\/strong><p><strong> <\/strong><\/p><\/td><td width=\"227\">Configuraci\u00f3 a Mostrar opcions avan\u00e7ades a Privacitat a Configuraci\u00f3 de contingut.<\/td><td width=\"340\">support.google.com<p> <\/p><\/td><\/tr><tr><td width=\"95\"><strong> <\/strong><p><strong>Firefox<\/strong><\/p><p><strong> <\/strong><\/p><\/td><td width=\"227\"> Eines a Opcions a Privacitat a Historial a Configuraci\u00f3 Personalitzada.<\/td><td width=\"340\">support.mozilla.org<\/td><\/tr><tr><td width=\"95\"><strong>Internet Explorer<\/strong><p><strong> <\/strong><\/p><\/td><td width=\"227\"> <p>Eines a Opcions a Privacitat a Historial a Configuraci\u00f3 Personalitzada.<\/p><p> <\/p><\/td><td width=\"340\">windows.microsoft.com<\/td><\/tr><tr><td width=\"95\"><strong>Opera<\/strong><p><strong> <\/strong><\/p><\/td><td width=\"227\"> <p>Eines a Prefer\u00e8ncies a Editar prefer\u00e8ncies a Cookies.<\/p><p> <\/p><\/td><td width=\"340\"><a href=\"http:\/\/www.opera.com\/help\/tutorials\/security\/cookies\/\">http:\/\/www.opera.com\/help\/tutorials\/security\/cookies\/<\/a><\/td><\/tr><tr><td width=\"95\"><strong> <\/strong><p><strong>Safari<\/strong><\/p><p><strong> <\/strong><\/p><\/td><td width=\"227\"> <p>Prefer\u00e8ncies de Seguretat.<\/p><p> <\/p><\/td><td width=\"340\"><a href=\"http:\/\/www.apple.com\/\">http:\/\/www.apple.com<\/a><\/td><\/tr><tr><td width=\"95\"><strong>Edge<\/strong><p><strong> <\/strong><\/p><\/td><td width=\"227\"> <p>Configuraci\u00f3 a Veure configuraci\u00f3 avan\u00e7ada a Privacitat i serveis a Cookies.<\/p><p> <\/p><\/td><td width=\"340\"><a href=\"https:\/\/privacy.microsoft.com\/es-es\/windows-10-microsoft-edge-and-privacy\">https:\/\/privacy.microsoft.com\/es-es\/windows-10-microsoft-edge-and-privacy<\/a><p> <\/p><\/td><\/tr><\/tbody><\/table><p> <\/p>\t\t\t\t\t\t\t\t<\/div>\n\t\t\t\t<\/div>\n\t\t\t\t\t<\/div>\n\t\t\t\t<\/div>\n\t\t\t\t<\/div>\n\t\t","protected":false},"excerpt":{"rendered":"<p>Informaci\u00f3 de l&#8217;\u00fas de cookies Qu\u00e8 s\u00f3n les cookies? Les cookies s\u00f3n petits arxius de dades que es reben en el terminal des del lloc web visitat i s&#8217;usen per a registrar unes certes interaccions de la navegaci\u00f3 en un lloc web emmagatzemant dades que podran ser actualitzats i recuperats. Aquests arxius s&#8217;emmagatzemen en l&#8217;ordinador [&hellip;]<\/p>\n","protected":false},"author":4,"featured_media":0,"parent":0,"menu_order":0,"comment_status":"closed","ping_status":"closed","template":"","meta":{"footnotes":""},"class_list":["post-7994","page","type-page","status-publish","hentry"],"yoast_head":"<!-- This site is optimized with the Yoast SEO plugin v27.4 - https:\/\/yoast.com\/product\/yoast-seo-wordpress\/ -->\n<title>Pol\u00edtica de cookies | Magmacultura<\/title>\n<meta name=\"description\" content=\"Informaci\u00f3 de l&#039;\u00fas de cookiesQu\u00e8 s\u00f3n les cookies?Les cookies s\u00f3n petits arxius de dades que es reben en el terminal des del lloc web visitat i s&#039;usen per\" \/>\n<meta name=\"robots\" content=\"index, follow, max-snippet:-1, max-image-preview:large, max-video-preview:-1\" \/>\n<link rel=\"canonical\" href=\"https:\/\/magmacultura.com\/ca\/politica-de-cookies\/\" \/>\n<meta property=\"og:locale\" content=\"ca_ES\" \/>\n<meta property=\"og:type\" content=\"article\" \/>\n<meta property=\"og:title\" content=\"Pol\u00edtica de cookies | Magmacultura\" \/>\n<meta property=\"og:description\" content=\"Informaci\u00f3 de l&#039;\u00fas de cookiesQu\u00e8 s\u00f3n les cookies?Les cookies s\u00f3n petits arxius de dades que es reben en el terminal des del lloc web visitat i s&#039;usen per\" \/>\n<meta property=\"og:url\" content=\"https:\/\/magmacultura.com\/ca\/politica-de-cookies\/\" \/>\n<meta property=\"og:site_name\" content=\"Magmacultura\" \/>\n<meta property=\"article:publisher\" content=\"https:\/\/www.facebook.com\/MagmaCultura\/\" \/>\n<meta property=\"article:modified_time\" content=\"2022-10-06T15:08:16+00:00\" \/>\n<meta name=\"twitter:card\" content=\"summary_large_image\" \/>\n<meta name=\"twitter:site\" content=\"@magmacultura\" \/>\n<meta name=\"twitter:label1\" content=\"Temps estimat de lectura\" \/>\n\t<meta name=\"twitter:data1\" content=\"4 minuts\" \/>\n<script type=\"application\/ld+json\" class=\"yoast-schema-graph\">{\"@context\":\"https:\\\/\\\/schema.org\",\"@graph\":[{\"@type\":\"WebPage\",\"@id\":\"https:\\\/\\\/magmacultura.com\\\/ca\\\/politica-de-cookies\\\/\",\"url\":\"https:\\\/\\\/magmacultura.com\\\/ca\\\/politica-de-cookies\\\/\",\"name\":\"Pol\u00edtica de cookies | Magmacultura\",\"isPartOf\":{\"@id\":\"https:\\\/\\\/magmacultura.com\\\/ca\\\/#website\"},\"datePublished\":\"2022-08-17T22:56:21+00:00\",\"dateModified\":\"2022-10-06T15:08:16+00:00\",\"description\":\"Informaci\u00f3 de l'\u00fas de cookiesQu\u00e8 s\u00f3n les cookies?Les cookies s\u00f3n petits arxius de dades que es reben en el terminal des del lloc web visitat i s'usen per\",\"breadcrumb\":{\"@id\":\"https:\\\/\\\/magmacultura.com\\\/ca\\\/politica-de-cookies\\\/#breadcrumb\"},\"inLanguage\":\"ca\",\"potentialAction\":[{\"@type\":\"ReadAction\",\"target\":[\"https:\\\/\\\/magmacultura.com\\\/ca\\\/politica-de-cookies\\\/\"]}]},{\"@type\":\"BreadcrumbList\",\"@id\":\"https:\\\/\\\/magmacultura.com\\\/ca\\\/politica-de-cookies\\\/#breadcrumb\",\"itemListElement\":[{\"@type\":\"ListItem\",\"position\":1,\"name\":\"Home\",\"item\":\"https:\\\/\\\/magmacultura.com\\\/ca\\\/\"},{\"@type\":\"ListItem\",\"position\":2,\"name\":\"Pol\u00edtica de cookies\"}]},{\"@type\":\"WebSite\",\"@id\":\"https:\\\/\\\/magmacultura.com\\\/ca\\\/#website\",\"url\":\"https:\\\/\\\/magmacultura.com\\\/ca\\\/\",\"name\":\"Magmacultura\",\"description\":\"Trabajamos para la cultura\",\"publisher\":{\"@id\":\"https:\\\/\\\/magmacultura.com\\\/ca\\\/#organization\"},\"potentialAction\":[{\"@type\":\"SearchAction\",\"target\":{\"@type\":\"EntryPoint\",\"urlTemplate\":\"https:\\\/\\\/magmacultura.com\\\/ca\\\/?s={search_term_string}\"},\"query-input\":{\"@type\":\"PropertyValueSpecification\",\"valueRequired\":true,\"valueName\":\"search_term_string\"}}],\"inLanguage\":\"ca\"},{\"@type\":\"Organization\",\"@id\":\"https:\\\/\\\/magmacultura.com\\\/ca\\\/#organization\",\"name\":\"Magmacultura\",\"url\":\"https:\\\/\\\/magmacultura.com\\\/ca\\\/\",\"logo\":{\"@type\":\"ImageObject\",\"inLanguage\":\"ca\",\"@id\":\"https:\\\/\\\/magmacultura.com\\\/ca\\\/#\\\/schema\\\/logo\\\/image\\\/\",\"url\":\"https:\\\/\\\/magmacultura.com\\\/wp-content\\\/uploads\\\/2022\\\/07\\\/logo-dark.svg\",\"contentUrl\":\"https:\\\/\\\/magmacultura.com\\\/wp-content\\\/uploads\\\/2022\\\/07\\\/logo-dark.svg\",\"width\":1,\"height\":1,\"caption\":\"Magmacultura\"},\"image\":{\"@id\":\"https:\\\/\\\/magmacultura.com\\\/ca\\\/#\\\/schema\\\/logo\\\/image\\\/\"},\"sameAs\":[\"https:\\\/\\\/www.facebook.com\\\/MagmaCultura\\\/\",\"https:\\\/\\\/x.com\\\/magmacultura\",\"https:\\\/\\\/www.linkedin.com\\\/company\\\/magmacultura.\\\/\",\"https:\\\/\\\/www.instagram.com\\\/magmacultura_\\\/\"]}]}<\/script>\n<!-- \/ Yoast SEO plugin. -->","yoast_head_json":{"title":"Pol\u00edtica de cookies | Magmacultura","description":"Informaci\u00f3 de l'\u00fas de cookiesQu\u00e8 s\u00f3n les cookies?Les cookies s\u00f3n petits arxius de dades que es reben en el terminal des del lloc web visitat i s'usen per","robots":{"index":"index","follow":"follow","max-snippet":"max-snippet:-1","max-image-preview":"max-image-preview:large","max-video-preview":"max-video-preview:-1"},"canonical":"https:\/\/magmacultura.com\/ca\/politica-de-cookies\/","og_locale":"ca_ES","og_type":"article","og_title":"Pol\u00edtica de cookies | Magmacultura","og_description":"Informaci\u00f3 de l'\u00fas de cookiesQu\u00e8 s\u00f3n les cookies?Les cookies s\u00f3n petits arxius de dades que es reben en el terminal des del lloc web visitat i s'usen per","og_url":"https:\/\/magmacultura.com\/ca\/politica-de-cookies\/","og_site_name":"Magmacultura","article_publisher":"https:\/\/www.facebook.com\/MagmaCultura\/","article_modified_time":"2022-10-06T15:08:16+00:00","twitter_card":"summary_large_image","twitter_site":"@magmacultura","twitter_misc":{"Temps estimat de lectura":"4 minuts"},"schema":{"@context":"https:\/\/schema.org","@graph":[{"@type":"WebPage","@id":"https:\/\/magmacultura.com\/ca\/politica-de-cookies\/","url":"https:\/\/magmacultura.com\/ca\/politica-de-cookies\/","name":"Pol\u00edtica de cookies | Magmacultura","isPartOf":{"@id":"https:\/\/magmacultura.com\/ca\/#website"},"datePublished":"2022-08-17T22:56:21+00:00","dateModified":"2022-10-06T15:08:16+00:00","description":"Informaci\u00f3 de l'\u00fas de cookiesQu\u00e8 s\u00f3n les cookies?Les cookies s\u00f3n petits arxius de dades que es reben en el terminal des del lloc web visitat i s'usen per","breadcrumb":{"@id":"https:\/\/magmacultura.com\/ca\/politica-de-cookies\/#breadcrumb"},"inLanguage":"ca","potentialAction":[{"@type":"ReadAction","target":["https:\/\/magmacultura.com\/ca\/politica-de-cookies\/"]}]},{"@type":"BreadcrumbList","@id":"https:\/\/magmacultura.com\/ca\/politica-de-cookies\/#breadcrumb","itemListElement":[{"@type":"ListItem","position":1,"name":"Home","item":"https:\/\/magmacultura.com\/ca\/"},{"@type":"ListItem","position":2,"name":"Pol\u00edtica de cookies"}]},{"@type":"WebSite","@id":"https:\/\/magmacultura.com\/ca\/#website","url":"https:\/\/magmacultura.com\/ca\/","name":"Magmacultura","description":"Trabajamos para la cultura","publisher":{"@id":"https:\/\/magmacultura.com\/ca\/#organization"},"potentialAction":[{"@type":"SearchAction","target":{"@type":"EntryPoint","urlTemplate":"https:\/\/magmacultura.com\/ca\/?s={search_term_string}"},"query-input":{"@type":"PropertyValueSpecification","valueRequired":true,"valueName":"search_term_string"}}],"inLanguage":"ca"},{"@type":"Organization","@id":"https:\/\/magmacultura.com\/ca\/#organization","name":"Magmacultura","url":"https:\/\/magmacultura.com\/ca\/","logo":{"@type":"ImageObject","inLanguage":"ca","@id":"https:\/\/magmacultura.com\/ca\/#\/schema\/logo\/image\/","url":"https:\/\/magmacultura.com\/wp-content\/uploads\/2022\/07\/logo-dark.svg","contentUrl":"https:\/\/magmacultura.com\/wp-content\/uploads\/2022\/07\/logo-dark.svg","width":1,"height":1,"caption":"Magmacultura"},"image":{"@id":"https:\/\/magmacultura.com\/ca\/#\/schema\/logo\/image\/"},"sameAs":["https:\/\/www.facebook.com\/MagmaCultura\/","https:\/\/x.com\/magmacultura","https:\/\/www.linkedin.com\/company\/magmacultura.\/","https:\/\/www.instagram.com\/magmacultura_\/"]}]}},"_links":{"self":[{"href":"https:\/\/magmacultura.com\/ca\/wp-json\/wp\/v2\/pages\/7994","targetHints":{"allow":["GET"]}}],"collection":[{"href":"https:\/\/magmacultura.com\/ca\/wp-json\/wp\/v2\/pages"}],"about":[{"href":"https:\/\/magmacultura.com\/ca\/wp-json\/wp\/v2\/types\/page"}],"author":[{"embeddable":true,"href":"https:\/\/magmacultura.com\/ca\/wp-json\/wp\/v2\/users\/4"}],"replies":[{"embeddable":true,"href":"https:\/\/magmacultura.com\/ca\/wp-json\/wp\/v2\/comments?post=7994"}],"version-history":[{"count":0,"href":"https:\/\/magmacultura.com\/ca\/wp-json\/wp\/v2\/pages\/7994\/revisions"}],"wp:attachment":[{"href":"https:\/\/magmacultura.com\/ca\/wp-json\/wp\/v2\/media?parent=7994"}],"curies":[{"name":"wp","href":"https:\/\/api.w.org\/{rel}","templated":true}]}}