{"id":8312,"date":"2022-08-18T00:56:21","date_gmt":"2022-08-17T22:56:21","guid":{"rendered":"https:\/\/magmacultura.com\/cookies-policy\/"},"modified":"2022-10-06T17:37:44","modified_gmt":"2022-10-06T15:37:44","slug":"cookies-policy","status":"publish","type":"page","link":"https:\/\/magmacultura.com\/en\/cookies-policy\/","title":{"rendered":"Cookies policy"},"content":{"rendered":"\t\t<div data-elementor-type=\"wp-page\" data-elementor-id=\"8312\" class=\"elementor elementor-8312 elementor-4566\" data-elementor-post-type=\"page\">\n\t\t\t\t<div class=\"elementor-element elementor-element-c447b6a e-flex e-con-boxed e-con e-parent\" data-id=\"c447b6a\" data-element_type=\"container\" data-e-type=\"container\">\n\t\t\t\t\t<div class=\"e-con-inner\">\n\t\t\t\t<div class=\"elementor-element elementor-element-a67add2 elementor-widget elementor-widget-text-editor\" data-id=\"a67add2\" data-element_type=\"widget\" data-e-type=\"widget\" data-widget_type=\"text-editor.default\">\n\t\t\t\t<div class=\"elementor-widget-container\">\n\t\t\t\t\t\t\t\t\t<h1>Information on the use of cookies<\/h1><p><strong>What are cookies?<\/strong><\/p><p>Cookies are small data files that are received in the terminal from the website you visit and are used to record certain browsing interactions on a website by storing data that can be updated and retrieved. These files are stored on the user\u2019s computer and contain anonymous data that is not harmful to your computer. They are used to remember user preferences, such as the language selected, access data or personalization of the page.  <\/p><p>Cookies may also be used to record anonymous information about how a visitor uses a site. For example, from which web page you have accessed, or if you have used an advertising banner to get there.<\/p><p><strong>What use do we give to the different types of cookies?<\/strong><\/p><p><strong> <\/strong><strong>Depending on its purpose:<\/strong><\/p><p><strong> <\/strong><\/p><table><tbody><tr><td width=\"198\"><strong>Technical cookies<\/strong><\/td><td width=\"451\"> <p>Technical cookies are those that facilitate the user\u2019s navigation and the use of the different options or services offered by the web such as identifying the session, allowing access to certain areas, facilitating orders, purchases, filling out forms, registrations, security , facilitate functionalities (videos, social networks \u2026).<\/p><p> <\/p><\/td><\/tr><tr><td width=\"198\"><strong>Personalization cookies<\/strong><\/td><td width=\"451\"> <p>Customization cookies allow the user to access the services according to their preferences (language, browser, settings \u2026).<\/p><p> <\/p><\/td><\/tr><tr><td width=\"198\"><strong>Analytical cookies<\/strong><\/td><td width=\"451\"> <p>Analysis cookies are those used to perform anonymous analysis of the behavior of web users and that allow measuring user activity and developing navigation profiles in order to improve websites.<\/p><p> <\/p><\/td><\/tr><tr><td width=\"198\"><strong>Advertising cookies<\/strong><\/td><td width=\"451\"> <p>Advertising cookies allow the management of the advertising spaces on the web. In addition, these cookies can be personalized advertising and thus allow the management of the advertising spaces of the web based on the behavior and browsing habits of the user, where his profile is obtained and allow to customize the advertising that is displays in the user\u2019s browser or other profiles and social networks of the user. <\/p><p> <\/p><\/td><\/tr><\/tbody><\/table><p><strong> <\/strong><\/p><p><strong>Depending on your term:<\/strong><\/p><p> <\/p><table><tbody><tr><td width=\"198\"><strong>Session cookies<\/strong><\/td><td width=\"451\"> <p>Session cookies are those that last for the time the user is browsing the Web page and are deleted when the browser is closed.<\/p><p> <\/p><\/td><\/tr><tr><td width=\"198\"><strong>Persistent cookies<\/strong><\/td><td width=\"451\"> <p>These cookies are stored in the user\u2019s terminal until they are manually deleted or the period of time set for this cookie has expired.<\/p><p> <\/p><\/td><\/tr><\/tbody><\/table><p> <\/p><p><strong>According to ownership:<\/strong><\/p><p> <\/p><table><tbody><tr><td width=\"198\"><strong>Own cookies <\/strong><\/td><td width=\"451\">Those that are sent to the terminal equipment of the user from a computer or domain managed by the publisher and from which the service requested by the user is provided.<\/td><\/tr><tr><td width=\"198\"><strong>Third-party cookies<\/strong><\/td><td width=\"451\">Those that are sent to the user\u2019s terminal equipment from a computer or domain that is not managed by the publisher, but by another entity that processes the data obtained through the cookies.<\/td><\/tr><\/tbody><\/table><p> <\/p><p><strong>The following table collects the classification and description of the cookies used in this web page so that you can identify them in your browser:<\/strong><\/p><p><strong> <\/strong><\/p><table width=\"95%\"><tbody><tr><td width=\"33%\"><strong>Name<\/strong><\/td><td width=\"18%\"><strong>Holder<\/strong><\/td><td width=\"15%\"><strong>Data collected<\/strong><\/td><td width=\"17%\"><strong>Purpose<\/strong><\/td><td width=\"14%\"><strong>Duration<\/strong><\/td><\/tr><tr><td width=\"33%\"><strong>_ga<\/strong><\/td><td width=\"18%\">Google (third party cookie)<\/td><td width=\"15%\">Visitor sessions<\/td><td width=\"17%\">It is used to distinguish users.<\/td><td width=\"14%\">2 years since the end of the last visit<\/td><\/tr><tr><td width=\"33%\"> <p><strong>_gid<\/strong><\/p><\/td><td width=\"18%\">Google (third party cookie)<\/td><td width=\"15%\">Visitor sessions<\/td><td width=\"17%\">It is used to distinguish users.<\/td><td width=\"14%\">24 hours from the end of the last visit.<\/td><\/tr><tr><td width=\"33%\"><strong>_gat_gtag_UA_133649805_1<\/strong><\/td><td width=\"18%\">Google (third party cookie))<\/td><td width=\"15%\">Visitor sessions<\/td><td width=\"17%\"> It is used to distinguish users and limit the percentage of requests<\/td><td width=\"14%\">24 hours from the end of the last visit.<\/td><\/tr><tr><td width=\"33%\"><strong>PHPSESSID<\/strong><\/td><td width=\"18%\">Own cookie<\/td><td width=\"15%\">Sessions and preferences of the visitor<\/td><td width=\"17%\">Allows session variables to be stored on the web server<\/td><td width=\"14%\">At the end of the session with the browser<\/td><\/tr><\/tbody><\/table><p>MAGMA CULTURA, S.L. uses technical cookies, personalization and analysis, own and third parties, which process connection and \/ or device data, as well as browsing habits for statistical purposes.<\/p><p>Therefore, when accessing our website, in compliance with article 22 of the Law of Services of the Information Society we have asked for your consent to use it.<\/p><p>The provision of personal data through our portal and the consent for the use of cookies <u>requires a minimum age of 14 years<\/u> and the express acceptance of our Privacy Policy.<\/p><p><strong>However, we inform you that you can enable or disable cookies by following the instructions of your Internet browser:<\/strong><\/p><table width=\"662\"><tbody><tr><td width=\"95\"><strong>Chrome<\/strong><p><strong> <\/strong><\/p><\/td><td width=\"227\">Configuraci\u00f3n \u00e0 Mostrar opciones avanzadas \u00e0 Privacidad \u00e0 Configuraci\u00f3n de contenido.<\/td><td width=\"340\">support.google.com<p> <\/p><\/td><\/tr><tr><td width=\"95\"><strong> <\/strong><p><strong>Firefox<\/strong><\/p><p><strong> <\/strong><\/p><\/td><td width=\"227\">Herramientas \u00e0 Opciones \u00e0 Privacidad \u00e0 Historial \u00e0 Configuraci\u00f3n Personalizada.<\/td><td width=\"340\">support.mozilla.org<\/td><\/tr><tr><td width=\"95\"><strong>Internet Explorer<\/strong><p><strong> <\/strong><\/p><\/td><td width=\"227\"> <p>Herramientas \u00e0 Opciones de Internet \u00e0 Privacidad \u00e0 Configuraci\u00f3n.<\/p><p> <\/p><\/td><td width=\"340\">windows.microsoft.com<\/td><\/tr><tr><td width=\"95\"><strong>Opera<\/strong><p><strong> <\/strong><\/p><\/td><td width=\"227\"> <p>Herramientas \u00e0 Preferencias \u00e0 Editar preferencias \u00e0 Cookies.<\/p><p> <\/p><\/td><td width=\"340\"><a href=\"http:\/\/www.opera.com\/help\/tutorials\/security\/cookies\/\">http:\/\/www.opera.com\/help\/tutorials\/security\/cookies\/<\/a><\/td><\/tr><tr><td width=\"95\"><strong> <\/strong><p><strong>Safari<\/strong><\/p><p><strong> <\/strong><\/p><\/td><td width=\"227\"> <p>Preferencias \u00e0 Seguridad.<\/p><p> <\/p><\/td><td width=\"340\"><a href=\"http:\/\/www.apple.com\/\">http:\/\/www.apple.com<\/a><\/td><\/tr><tr><td width=\"95\"><strong>Edge<\/strong><p><strong> <\/strong><\/p><\/td><td width=\"227\"> <p>Configuraci\u00f3n \u00e0 Ver configuraci\u00f3n avanzada \u00e0 Privacidad y servicios \u00e0 Cookies.<\/p><p> <\/p><\/td><td width=\"340\"><a href=\"https:\/\/privacy.microsoft.com\/es-es\/windows-10-microsoft-edge-and-privacy\">https:\/\/privacy.microsoft.com\/es-es\/windows-10-microsoft-edge-and-privacy<\/a><p> <\/p><\/td><\/tr><\/tbody><\/table><p> <\/p>\t\t\t\t\t\t\t\t<\/div>\n\t\t\t\t<\/div>\n\t\t\t\t\t<\/div>\n\t\t\t\t<\/div>\n\t\t\t\t<\/div>\n\t\t","protected":false},"excerpt":{"rendered":"<p>Information on the use of cookies What are cookies? Cookies are small data files that are received in the terminal from the website you visit and are used to record certain browsing interactions on a website by storing data that can be updated and retrieved. These files are stored on the user\u2019s computer and contain [&hellip;]<\/p>\n","protected":false},"author":4,"featured_media":0,"parent":0,"menu_order":0,"comment_status":"closed","ping_status":"closed","template":"","meta":{"footnotes":""},"class_list":["post-8312","page","type-page","status-publish","hentry"],"yoast_head":"<!-- This site is optimized with the Yoast SEO plugin v27.4 - https:\/\/yoast.com\/product\/yoast-seo-wordpress\/ -->\n<title>Cookies policy | Magmacultura<\/title>\n<meta name=\"description\" content=\"Information on the use of cookiesWhat are cookies?Cookies are small data files that are received in the terminal from the website you visit and are used\" \/>\n<meta name=\"robots\" content=\"index, follow, max-snippet:-1, max-image-preview:large, max-video-preview:-1\" \/>\n<link rel=\"canonical\" href=\"https:\/\/magmacultura.com\/en\/cookies-policy\/\" \/>\n<meta property=\"og:locale\" content=\"en_US\" \/>\n<meta property=\"og:type\" content=\"article\" \/>\n<meta property=\"og:title\" content=\"Cookies policy | Magmacultura\" \/>\n<meta property=\"og:description\" content=\"Information on the use of cookiesWhat are cookies?Cookies are small data files that are received in the terminal from the website you visit and are used\" \/>\n<meta property=\"og:url\" content=\"https:\/\/magmacultura.com\/en\/cookies-policy\/\" \/>\n<meta property=\"og:site_name\" content=\"Magmacultura\" \/>\n<meta property=\"article:publisher\" content=\"https:\/\/www.facebook.com\/MagmaCultura\/\" \/>\n<meta property=\"article:modified_time\" content=\"2022-10-06T15:37:44+00:00\" \/>\n<meta name=\"twitter:card\" content=\"summary_large_image\" \/>\n<meta name=\"twitter:site\" content=\"@magmacultura\" \/>\n<meta name=\"twitter:label1\" content=\"Est. reading time\" \/>\n\t<meta name=\"twitter:data1\" content=\"4 minutes\" \/>\n<script type=\"application\/ld+json\" class=\"yoast-schema-graph\">{\"@context\":\"https:\\\/\\\/schema.org\",\"@graph\":[{\"@type\":\"WebPage\",\"@id\":\"https:\\\/\\\/magmacultura.com\\\/en\\\/cookies-policy\\\/\",\"url\":\"https:\\\/\\\/magmacultura.com\\\/en\\\/cookies-policy\\\/\",\"name\":\"Cookies policy | Magmacultura\",\"isPartOf\":{\"@id\":\"https:\\\/\\\/magmacultura.com\\\/en\\\/#website\"},\"datePublished\":\"2022-08-17T22:56:21+00:00\",\"dateModified\":\"2022-10-06T15:37:44+00:00\",\"description\":\"Information on the use of cookiesWhat are cookies?Cookies are small data files that are received in the terminal from the website you visit and are used\",\"breadcrumb\":{\"@id\":\"https:\\\/\\\/magmacultura.com\\\/en\\\/cookies-policy\\\/#breadcrumb\"},\"inLanguage\":\"en-US\",\"potentialAction\":[{\"@type\":\"ReadAction\",\"target\":[\"https:\\\/\\\/magmacultura.com\\\/en\\\/cookies-policy\\\/\"]}]},{\"@type\":\"BreadcrumbList\",\"@id\":\"https:\\\/\\\/magmacultura.com\\\/en\\\/cookies-policy\\\/#breadcrumb\",\"itemListElement\":[{\"@type\":\"ListItem\",\"position\":1,\"name\":\"Home\",\"item\":\"https:\\\/\\\/magmacultura.com\\\/en\\\/\"},{\"@type\":\"ListItem\",\"position\":2,\"name\":\"Cookies policy\"}]},{\"@type\":\"WebSite\",\"@id\":\"https:\\\/\\\/magmacultura.com\\\/en\\\/#website\",\"url\":\"https:\\\/\\\/magmacultura.com\\\/en\\\/\",\"name\":\"Magmacultura\",\"description\":\"Trabajamos para la cultura\",\"publisher\":{\"@id\":\"https:\\\/\\\/magmacultura.com\\\/en\\\/#organization\"},\"potentialAction\":[{\"@type\":\"SearchAction\",\"target\":{\"@type\":\"EntryPoint\",\"urlTemplate\":\"https:\\\/\\\/magmacultura.com\\\/en\\\/?s={search_term_string}\"},\"query-input\":{\"@type\":\"PropertyValueSpecification\",\"valueRequired\":true,\"valueName\":\"search_term_string\"}}],\"inLanguage\":\"en-US\"},{\"@type\":\"Organization\",\"@id\":\"https:\\\/\\\/magmacultura.com\\\/en\\\/#organization\",\"name\":\"Magmacultura\",\"url\":\"https:\\\/\\\/magmacultura.com\\\/en\\\/\",\"logo\":{\"@type\":\"ImageObject\",\"inLanguage\":\"en-US\",\"@id\":\"https:\\\/\\\/magmacultura.com\\\/en\\\/#\\\/schema\\\/logo\\\/image\\\/\",\"url\":\"https:\\\/\\\/magmacultura.com\\\/wp-content\\\/uploads\\\/2022\\\/07\\\/logo-dark.svg\",\"contentUrl\":\"https:\\\/\\\/magmacultura.com\\\/wp-content\\\/uploads\\\/2022\\\/07\\\/logo-dark.svg\",\"width\":1,\"height\":1,\"caption\":\"Magmacultura\"},\"image\":{\"@id\":\"https:\\\/\\\/magmacultura.com\\\/en\\\/#\\\/schema\\\/logo\\\/image\\\/\"},\"sameAs\":[\"https:\\\/\\\/www.facebook.com\\\/MagmaCultura\\\/\",\"https:\\\/\\\/x.com\\\/magmacultura\",\"https:\\\/\\\/www.linkedin.com\\\/company\\\/magmacultura.\\\/\",\"https:\\\/\\\/www.instagram.com\\\/magmacultura_\\\/\"]}]}<\/script>\n<!-- \/ Yoast SEO plugin. -->","yoast_head_json":{"title":"Cookies policy | Magmacultura","description":"Information on the use of cookiesWhat are cookies?Cookies are small data files that are received in the terminal from the website you visit and are used","robots":{"index":"index","follow":"follow","max-snippet":"max-snippet:-1","max-image-preview":"max-image-preview:large","max-video-preview":"max-video-preview:-1"},"canonical":"https:\/\/magmacultura.com\/en\/cookies-policy\/","og_locale":"en_US","og_type":"article","og_title":"Cookies policy | Magmacultura","og_description":"Information on the use of cookiesWhat are cookies?Cookies are small data files that are received in the terminal from the website you visit and are used","og_url":"https:\/\/magmacultura.com\/en\/cookies-policy\/","og_site_name":"Magmacultura","article_publisher":"https:\/\/www.facebook.com\/MagmaCultura\/","article_modified_time":"2022-10-06T15:37:44+00:00","twitter_card":"summary_large_image","twitter_site":"@magmacultura","twitter_misc":{"Est. reading time":"4 minutes"},"schema":{"@context":"https:\/\/schema.org","@graph":[{"@type":"WebPage","@id":"https:\/\/magmacultura.com\/en\/cookies-policy\/","url":"https:\/\/magmacultura.com\/en\/cookies-policy\/","name":"Cookies policy | Magmacultura","isPartOf":{"@id":"https:\/\/magmacultura.com\/en\/#website"},"datePublished":"2022-08-17T22:56:21+00:00","dateModified":"2022-10-06T15:37:44+00:00","description":"Information on the use of cookiesWhat are cookies?Cookies are small data files that are received in the terminal from the website you visit and are used","breadcrumb":{"@id":"https:\/\/magmacultura.com\/en\/cookies-policy\/#breadcrumb"},"inLanguage":"en-US","potentialAction":[{"@type":"ReadAction","target":["https:\/\/magmacultura.com\/en\/cookies-policy\/"]}]},{"@type":"BreadcrumbList","@id":"https:\/\/magmacultura.com\/en\/cookies-policy\/#breadcrumb","itemListElement":[{"@type":"ListItem","position":1,"name":"Home","item":"https:\/\/magmacultura.com\/en\/"},{"@type":"ListItem","position":2,"name":"Cookies policy"}]},{"@type":"WebSite","@id":"https:\/\/magmacultura.com\/en\/#website","url":"https:\/\/magmacultura.com\/en\/","name":"Magmacultura","description":"Trabajamos para la cultura","publisher":{"@id":"https:\/\/magmacultura.com\/en\/#organization"},"potentialAction":[{"@type":"SearchAction","target":{"@type":"EntryPoint","urlTemplate":"https:\/\/magmacultura.com\/en\/?s={search_term_string}"},"query-input":{"@type":"PropertyValueSpecification","valueRequired":true,"valueName":"search_term_string"}}],"inLanguage":"en-US"},{"@type":"Organization","@id":"https:\/\/magmacultura.com\/en\/#organization","name":"Magmacultura","url":"https:\/\/magmacultura.com\/en\/","logo":{"@type":"ImageObject","inLanguage":"en-US","@id":"https:\/\/magmacultura.com\/en\/#\/schema\/logo\/image\/","url":"https:\/\/magmacultura.com\/wp-content\/uploads\/2022\/07\/logo-dark.svg","contentUrl":"https:\/\/magmacultura.com\/wp-content\/uploads\/2022\/07\/logo-dark.svg","width":1,"height":1,"caption":"Magmacultura"},"image":{"@id":"https:\/\/magmacultura.com\/en\/#\/schema\/logo\/image\/"},"sameAs":["https:\/\/www.facebook.com\/MagmaCultura\/","https:\/\/x.com\/magmacultura","https:\/\/www.linkedin.com\/company\/magmacultura.\/","https:\/\/www.instagram.com\/magmacultura_\/"]}]}},"_links":{"self":[{"href":"https:\/\/magmacultura.com\/en\/wp-json\/wp\/v2\/pages\/8312","targetHints":{"allow":["GET"]}}],"collection":[{"href":"https:\/\/magmacultura.com\/en\/wp-json\/wp\/v2\/pages"}],"about":[{"href":"https:\/\/magmacultura.com\/en\/wp-json\/wp\/v2\/types\/page"}],"author":[{"embeddable":true,"href":"https:\/\/magmacultura.com\/en\/wp-json\/wp\/v2\/users\/4"}],"replies":[{"embeddable":true,"href":"https:\/\/magmacultura.com\/en\/wp-json\/wp\/v2\/comments?post=8312"}],"version-history":[{"count":0,"href":"https:\/\/magmacultura.com\/en\/wp-json\/wp\/v2\/pages\/8312\/revisions"}],"wp:attachment":[{"href":"https:\/\/magmacultura.com\/en\/wp-json\/wp\/v2\/media?parent=8312"}],"curies":[{"name":"wp","href":"https:\/\/api.w.org\/{rel}","templated":true}]}}