{"id":10140,"date":"2022-08-18T00:43:25","date_gmt":"2022-08-17T22:43:25","guid":{"rendered":"https:\/\/magmacultura.com\/qualite-et-environnement\/"},"modified":"2023-08-22T15:45:31","modified_gmt":"2023-08-22T13:45:31","slug":"qualite-et-environnement","status":"publish","type":"page","link":"https:\/\/magmacultura.com\/fr\/qualite-et-environnement\/","title":{"rendered":"Qualit\u00e9 et environnement"},"content":{"rendered":"\t\t<div data-elementor-type=\"wp-page\" data-elementor-id=\"10140\" class=\"elementor elementor-10140 elementor-4548\" data-elementor-post-type=\"page\">\n\t\t\t\t<div class=\"elementor-element elementor-element-c447b6a e-flex e-con-boxed e-con e-parent\" data-id=\"c447b6a\" data-element_type=\"container\" data-e-type=\"container\">\n\t\t\t\t\t<div class=\"e-con-inner\">\n\t\t\t\t<div class=\"elementor-element elementor-element-a67add2 elementor-widget elementor-widget-text-editor\" data-id=\"a67add2\" data-element_type=\"widget\" data-e-type=\"widget\" data-widget_type=\"text-editor.default\">\n\t\t\t\t<div class=\"elementor-widget-container\">\n\t\t\t\t\t\t\t\t\t<h1>Qualit\u00e9 et environnement<\/h1>\n<h2>Politique globale du syst\u00e8me de gestion de Magmaculture<\/h2>\n<\/p>\n<p>La mission principale de MAGMACULTURA, S.L. Il est d\u00e9crit dans les points suivants :<\/p>\n<p>\u2022 Mise en place, gestion autonome globale d&rsquo;\u00e9quipes et de projets dans des \u00e9quipements culturels et des espaces touristiques.<\/p>\n<p>\u2022 R\u00e9alisation de programmes de diffusion culturelle, y compris l&rsquo;\u00e9laboration des mat\u00e9riels et la r\u00e9alisation des activit\u00e9s de dynamisation d\u00e9riv\u00e9es.<\/p>\n<p>\u2022 Production, r\u00e9alisation d&rsquo;\u00e9v\u00e9nements \u00e0 contenu culturel, r\u00e9cr\u00e9atif ou social ou corporatif pour les institutions et entit\u00e9s publiques.<\/p>\n<p>\u2022 Conception et mise en \u0153uvre de projets personnalis\u00e9s dans le domaine des archives et de la gestion documentaire.<\/p>\n<p>\u2022 Gestion globale des services et mise \u00e0 disposition de personnel sp\u00e9cialis\u00e9 pour la gestion des Archives.<\/p>\n<\/p>\n<p>Notre mission est de devenir des collaborateurs actifs de nos clients dans les processus de gestion et la r\u00e9alisation des activit\u00e9s qui, pour quelque raison que ce soit, doivent \u00eatre r\u00e9alis\u00e9es avec des ressources externes, contribuant, compte tenu de notre sp\u00e9cialisation, \u00e0 des am\u00e9liorations en termes de qualit\u00e9, d&rsquo;efficacit\u00e9 et d&rsquo;efficience.<\/p>\n<p>En tant que professionnels de la gestion culturelle et documentaire, nous souhaitons devenir une r\u00e9f\u00e9rence dans le cadre de la gestion culturelle, en apportant nos id\u00e9es et nos solutions, ainsi qu&rsquo;en contribuant \u00e0 consolider un mod\u00e8le sectoriel de responsabilit\u00e9 partag\u00e9e entre agents publics et priv\u00e9s en termes de croissance, d&rsquo;innovation, qualit\u00e9 et durabilit\u00e9. Nos domaines d&rsquo;action sont ceux o\u00f9 les ressources culturelles, patrimoniales, \u00e9ducatives et touristiques rencontrent leurs publics. Nous nous identifions \u00e0 la mission et aux valeurs de nos clients : sp\u00e9cialisation et sensibilit\u00e9 culturelle, transversalit\u00e9 et autonomie de gestion.<\/p>\n<p>MAGMACULTURA, S.L. comprend que la Qualit\u00e9 implique un effort continu pour atteindre son objectif principal de donner la pleine satisfaction du client. Par cons\u00e9quent, sa strat\u00e9gie et sa politique Qualit\u00e9 sont \u00e9tablies, qu&rsquo;elle appliquera \u00e0 ses services et processus.<\/p>\n<p>La direction de MAGMACULTURA, S.L. d\u00e9finit sa Politique de Syst\u00e8me de Gestion Int\u00e9gr\u00e9e comme partie int\u00e9grante de la Politique g\u00e9n\u00e9rale de MAGMACULTURA, S.L. et s&rsquo;engage \u00e0 respecter, diffuser et faire respecter le respect par l&rsquo;ensemble du personnel.<\/p>\n<p>La Direction assume ainsi, comme responsabilit\u00e9 et objectifs prioritaires, la mise en \u0153uvre du Plan et la conception, le d\u00e9veloppement et le maintien de ce Syst\u00e8me de Garantie de Qualit\u00e9, Environnement et S\u00e9curit\u00e9 et Sant\u00e9 au Travail et de Gestion Documentaire auquel elle fournira les ressources qui sont n\u00e9cessaire.<\/p>\n<p>Pour atteindre ces objectifs, MAGMACULTURA, S.L. Elle dispose d&rsquo;un personnel hautement motiv\u00e9 et qualifi\u00e9 qui, gr\u00e2ce \u00e0 une formation ad\u00e9quate et au moyen d&rsquo;instructions \u00e9crites, est en mesure d&rsquo;accomplir les t\u00e2ches assign\u00e9es.<\/p>\n<p>Les objectifs fondamentaux de ce syst\u00e8me de gestion int\u00e9gr\u00e9 sont d&rsquo;atteindre une satisfaction maximale du client en d\u00e9terminant et en respectant les exigences qu&rsquo;il \u00e9tablit et en s&rsquo;adaptant \u00e0 l&rsquo;utilisation de nos produits et services. La pr\u00e9vention de toute non-conformit\u00e9 est \u00e9tablie au maximum dans le syst\u00e8me, de sorte que l&rsquo;absence de d\u00e9fauts ou leur d\u00e9tection pr\u00e9coce et notre orientation client nous permettent d&rsquo;occuper en permanence une position de premier plan en tant qu&rsquo;entreprise d\u00e9di\u00e9e aux SERVICES CULTURELS et \u00e0 la GESTION DE DOCUMENTS.<\/p>\n<p>Pour exprimer son engagement envers la qualit\u00e9, le syst\u00e8me SIG de MAGMACULTURA, S.L. Il est bas\u00e9 sur les normes UNE-EN-ISO-9001:2015, UNE-EN-ISO-14001:2015, ISO-45001:2018 et UNE-EN-ISO 30301:2011.<\/p>\n<\/p>\n<p>\u00c0 travers ce document, ce D\u00e9partement souhaite envoyer tous les membres du Groupe d&rsquo;Affaires MAGMACULTURA, S.L. l&rsquo;engagement acquis dans la Politique et la Gestion des Documents de Qualit\u00e9, Environnement et Sant\u00e9 et S\u00e9curit\u00e9 au Travail et d&rsquo;\u00e9tendre \u00e0 tous ses fournisseurs, collaborateurs, clients et partenaires la demande de coop\u00e9ration afin d&rsquo;offrir ses services exempts de d\u00e9fauts, et toujours dans leur int\u00e9gralit\u00e9 satisfaction de ceux qui vont les utiliser.<\/p>\n<p>De m\u00eame, MAGMACULTURA, S.L. Elle a \u00e9galement pour principes fondamentaux la pr\u00e9servation de l\u2019environnement et le bien-\u00eatre et la s\u00e9curit\u00e9 et la sant\u00e9 au travail de ses professionnels. Par cons\u00e9quent, nous d\u00e9clarons et assumons les engagements et principes suivants en mati\u00e8re d\u2019environnement et de sant\u00e9 et s\u00e9curit\u00e9 au travail :<\/p>\n<ul>\n<li>D\u00e9velopper toutes les activit\u00e9s li\u00e9es aux SERVICES CULTURELS et \u00e0 la GESTION DES DOCUMENTS de mani\u00e8re \u00e0 ce qu&rsquo;elles contribuent positivement au comportement environnemental associ\u00e9 \u00e0 ses services, installations et accorder une attention particuli\u00e8re \u00e0 la protection de l&rsquo;environnement, de ses clients et du grand public.<\/li>\n<li>D\u00e9velopper toutes les activit\u00e9s li\u00e9es aux SERVICES CULTURELS et \u00e0 la GESTION DES DOCUMENTS, en contr\u00f4lant en permanence toutes les mesures n\u00e9cessaires pour assurer \u00e0 nos travailleurs et \u00e0 tous nos collaborateurs des conditions optimales de sant\u00e9 et de s\u00e9curit\u00e9 au travail.<\/li>\n<\/ul>\n<p>C&rsquo;est pourquoi nous comptons sur l&rsquo;engagement de tous pour remplir cette mission et celle de son outil de base, le Syst\u00e8me de Gestion Int\u00e9gr\u00e9, et nous exprimons la conviction que :<\/p>\n<ul>\n<li>La qualit\u00e9, c&rsquo;est conna\u00eetre notre client, ses besoins et ses attentes. Un client satisfait est l\u2019atout le plus important de l\u2019entreprise, sa fid\u00e9lit\u00e9 est notre principal avantage concurrentiel.<\/li>\n<li>La qualit\u00e9, c&rsquo;est s&rsquo;adapter aux besoins de nos clients et proposer des produits solides qui peuvent pr\u00e9venir de futurs incidents.<\/li>\n<li>L&rsquo;obtention de la plus haute qualit\u00e9 sera toujours l&rsquo;objectif continu de MAGMACULTURA, S.L. Vous apprendrez des \u00e9checs pour vous am\u00e9liorer et vous ferez tout votre possible pour localiser les causes qui les ont produits, afin qu&rsquo;ils ne se reproduisent plus.<\/li>\n<\/ul>\n<p>Ainsi, MAGMACULTURA, S.L. assume comme objectifs principaux :<\/p>\n<ul>\n<li>Continuer \u00e0 prendre soin de nos clients r\u00e9guliers et grandir petit \u00e0 petit pour ne pas affecter la qualit\u00e9 de nos services, nous consolidant ainsi de plus en plus dans notre secteur.<\/li>\n<li>S&rsquo;am\u00e9liorer dans tous les domaines d&rsquo;activit\u00e9 pour offrir un meilleur service et ainsi pouvoir s&rsquo;adapter aux attentes de nos clients, en satisfaisant leurs besoins \u00e0 tout moment.<\/li>\n<li>R\u00e9duire et g\u00e9rer correctement la production de d\u00e9chets et d&rsquo;\u00e9missions, ainsi que la consommation de ressources (mat\u00e9riaux, carburants et \u00e9nergie).<\/li>\n<li>Maintenir un contr\u00f4le permanent de la conformit\u00e9 l\u00e9gislative en collaborant avec les administrations ayant des comp\u00e9tences en mati\u00e8re d&rsquo;environnement, de sant\u00e9 et de s\u00e9curit\u00e9, ainsi que d&rsquo;autres exigences auxquelles l&rsquo;entreprise souscrit.<\/li>\n<li>Am\u00e9lioration continue du syst\u00e8me int\u00e9gr\u00e9 de Qualit\u00e9, Environnement et S\u00e9curit\u00e9.<\/li>\n<li>Pr\u00e9venir la contamination.<\/li>\n<li>Promouvoir la formation de tous les travailleurs.<\/li>\n<li>Impliquer nos Fournisseurs dans le soin et dans les bonnes pratiques environnementales.<\/li>\n<li>Promouvoir l\u2019utilisation rationnelle et les \u00e9conomies d\u2019\u00e9nergie aupr\u00e8s des utilisateurs et de la soci\u00e9t\u00e9 en g\u00e9n\u00e9ral.<\/li>\n<li>Assurer des conditions de travail s\u00fbres et saines pour la pr\u00e9vention des blessures et de la d\u00e9t\u00e9rioration de la sant\u00e9 de nos travailleurs, des travaux en notre nom et pour nous-m\u00eames.<\/li>\n<li>\u00c9liminer les dangers et r\u00e9duire les risques pour la s\u00e9curit\u00e9 et la sant\u00e9 au travail.<\/li>\n<li>Promouvoir la formation et l&rsquo;information ainsi que la participation de tous les travailleurs au syst\u00e8me de gestion de la sant\u00e9 et de la s\u00e9curit\u00e9.<\/li>\n<li>Promouvoir la consultation, la participation et la communication \u00e0 tous les niveaux de l&rsquo;entreprise pour transmettre les pr\u00e9occupations qui affectent le bien-\u00eatre des travailleurs.<\/li>\n<li>Am\u00e9lioration de la gestion documentaire, avec la cr\u00e9ation de documents authentiques, fiables et exploitables.<\/li>\n<li>Prot\u00e9ger la s\u00e9curit\u00e9 et l\u2019int\u00e9grit\u00e9 des documents.<\/li>\n<li>Promouvoir la formation et la sensibilisation des travailleurs \u00e0 la gestion documentaire.<\/li>\n<\/ul>\n<p>La Direction a la responsabilit\u00e9 ultime d&rsquo;atteindre les Objectifs de Qualit\u00e9 propos\u00e9s et, en ce sens, tous les moyens humains, mat\u00e9riels et \u00e9conomiques n\u00e9cessaires sont fournis pour les atteindre, en respectant rigoureusement les exigences l\u00e9gales et autres exigences applicables. De m\u00eame, la Direction soutient et fournit tous les moyens et ressources n\u00e9cessaires pour prendre soin de l&rsquo;Environnement et pr\u00e9server et am\u00e9liorer continuellement la Sant\u00e9 et la S\u00e9curit\u00e9 pendant le d\u00e9veloppement des travaux, ainsi que pour assurer la bonne gestion documentaire. <\/p>\n<p>La Direction<\/p>\n<p>Barcelone, janvier 2020<\/p>\n\t\t\t\t\t\t\t\t<\/div>\n\t\t\t\t<\/div>\n\t\t\t\t\t<\/div>\n\t\t\t\t<\/div>\n\t\t\t\t<\/div>\n\t\t","protected":false},"excerpt":{"rendered":"<p>Qualit\u00e9 et environnement Politique globale du syst\u00e8me de gestion de Magmaculture La mission principale de MAGMACULTURA, S.L. Il est d\u00e9crit dans les points suivants : \u2022 Mise en place, gestion autonome globale d&rsquo;\u00e9quipes et de projets dans des \u00e9quipements culturels et des espaces touristiques. \u2022 R\u00e9alisation de programmes de diffusion culturelle, y compris l&rsquo;\u00e9laboration des [&hellip;]<\/p>\n","protected":false},"author":10,"featured_media":0,"parent":0,"menu_order":0,"comment_status":"closed","ping_status":"closed","template":"","meta":{"footnotes":""},"class_list":["post-10140","page","type-page","status-publish","hentry"],"yoast_head":"<!-- This site is optimized with the Yoast SEO plugin v26.7 - https:\/\/yoast.com\/wordpress\/plugins\/seo\/ -->\n<title>Qualit\u00e9 et environnement | Magmacultura<\/title>\n<meta name=\"description\" content=\"Qualit\u00e9 et environnement Politique globale du syst\u00e8me de gestion de Magmaculture La mission principale de MAGMACULTURA, S.L. Il est d\u00e9crit dans les points\" \/>\n<meta name=\"robots\" content=\"index, follow, max-snippet:-1, max-image-preview:large, max-video-preview:-1\" \/>\n<link rel=\"canonical\" href=\"https:\/\/magmacultura.com\/fr\/qualite-et-environnement\/\" \/>\n<meta property=\"og:locale\" content=\"fr_FR\" \/>\n<meta property=\"og:type\" content=\"article\" \/>\n<meta property=\"og:title\" content=\"Qualit\u00e9 et environnement | Magmacultura\" \/>\n<meta property=\"og:description\" content=\"Qualit\u00e9 et environnement Politique globale du syst\u00e8me de gestion de Magmaculture La mission principale de MAGMACULTURA, S.L. Il est d\u00e9crit dans les points\" \/>\n<meta property=\"og:url\" content=\"https:\/\/magmacultura.com\/fr\/qualite-et-environnement\/\" \/>\n<meta property=\"og:site_name\" content=\"Magmacultura\" \/>\n<meta property=\"article:publisher\" content=\"https:\/\/www.facebook.com\/MagmaCultura\/\" \/>\n<meta property=\"article:modified_time\" content=\"2023-08-22T13:45:31+00:00\" \/>\n<meta name=\"twitter:card\" content=\"summary_large_image\" \/>\n<meta name=\"twitter:site\" content=\"@magmacultura\" \/>\n<meta name=\"twitter:label1\" content=\"Dur\u00e9e de lecture estim\u00e9e\" \/>\n\t<meta name=\"twitter:data1\" content=\"7 minutes\" \/>\n<script type=\"application\/ld+json\" class=\"yoast-schema-graph\">{\"@context\":\"https:\/\/schema.org\",\"@graph\":[{\"@type\":\"WebPage\",\"@id\":\"https:\/\/magmacultura.com\/fr\/qualite-et-environnement\/\",\"url\":\"https:\/\/magmacultura.com\/fr\/qualite-et-environnement\/\",\"name\":\"Qualit\u00e9 et environnement | Magmacultura\",\"isPartOf\":{\"@id\":\"https:\/\/magmacultura.com\/fr\/#website\"},\"datePublished\":\"2022-08-17T22:43:25+00:00\",\"dateModified\":\"2023-08-22T13:45:31+00:00\",\"description\":\"Qualit\u00e9 et environnement Politique globale du syst\u00e8me de gestion de Magmaculture La mission principale de MAGMACULTURA, S.L. Il est d\u00e9crit dans les points\",\"breadcrumb\":{\"@id\":\"https:\/\/magmacultura.com\/fr\/qualite-et-environnement\/#breadcrumb\"},\"inLanguage\":\"fr-FR\",\"potentialAction\":[{\"@type\":\"ReadAction\",\"target\":[\"https:\/\/magmacultura.com\/fr\/qualite-et-environnement\/\"]}]},{\"@type\":\"BreadcrumbList\",\"@id\":\"https:\/\/magmacultura.com\/fr\/qualite-et-environnement\/#breadcrumb\",\"itemListElement\":[{\"@type\":\"ListItem\",\"position\":1,\"name\":\"Home\",\"item\":\"https:\/\/magmacultura.com\/fr\/\"},{\"@type\":\"ListItem\",\"position\":2,\"name\":\"Qualit\u00e9 et environnement\"}]},{\"@type\":\"WebSite\",\"@id\":\"https:\/\/magmacultura.com\/fr\/#website\",\"url\":\"https:\/\/magmacultura.com\/fr\/\",\"name\":\"Magmacultura\",\"description\":\"Trabajamos para la cultura\",\"publisher\":{\"@id\":\"https:\/\/magmacultura.com\/fr\/#organization\"},\"potentialAction\":[{\"@type\":\"SearchAction\",\"target\":{\"@type\":\"EntryPoint\",\"urlTemplate\":\"https:\/\/magmacultura.com\/fr\/?s={search_term_string}\"},\"query-input\":{\"@type\":\"PropertyValueSpecification\",\"valueRequired\":true,\"valueName\":\"search_term_string\"}}],\"inLanguage\":\"fr-FR\"},{\"@type\":\"Organization\",\"@id\":\"https:\/\/magmacultura.com\/fr\/#organization\",\"name\":\"Magmacultura\",\"url\":\"https:\/\/magmacultura.com\/fr\/\",\"logo\":{\"@type\":\"ImageObject\",\"inLanguage\":\"fr-FR\",\"@id\":\"https:\/\/magmacultura.com\/fr\/#\/schema\/logo\/image\/\",\"url\":\"https:\/\/magmacultura.com\/wp-content\/uploads\/2022\/07\/logo-dark.svg\",\"contentUrl\":\"https:\/\/magmacultura.com\/wp-content\/uploads\/2022\/07\/logo-dark.svg\",\"width\":1,\"height\":1,\"caption\":\"Magmacultura\"},\"image\":{\"@id\":\"https:\/\/magmacultura.com\/fr\/#\/schema\/logo\/image\/\"},\"sameAs\":[\"https:\/\/www.facebook.com\/MagmaCultura\/\",\"https:\/\/x.com\/magmacultura\",\"https:\/\/www.linkedin.com\/company\/magmacultura.\/\",\"https:\/\/www.instagram.com\/magmacultura_\/\"]}]}<\/script>\n<!-- \/ Yoast SEO plugin. -->","yoast_head_json":{"title":"Qualit\u00e9 et environnement | Magmacultura","description":"Qualit\u00e9 et environnement Politique globale du syst\u00e8me de gestion de Magmaculture La mission principale de MAGMACULTURA, S.L. Il est d\u00e9crit dans les points","robots":{"index":"index","follow":"follow","max-snippet":"max-snippet:-1","max-image-preview":"max-image-preview:large","max-video-preview":"max-video-preview:-1"},"canonical":"https:\/\/magmacultura.com\/fr\/qualite-et-environnement\/","og_locale":"fr_FR","og_type":"article","og_title":"Qualit\u00e9 et environnement | Magmacultura","og_description":"Qualit\u00e9 et environnement Politique globale du syst\u00e8me de gestion de Magmaculture La mission principale de MAGMACULTURA, S.L. Il est d\u00e9crit dans les points","og_url":"https:\/\/magmacultura.com\/fr\/qualite-et-environnement\/","og_site_name":"Magmacultura","article_publisher":"https:\/\/www.facebook.com\/MagmaCultura\/","article_modified_time":"2023-08-22T13:45:31+00:00","twitter_card":"summary_large_image","twitter_site":"@magmacultura","twitter_misc":{"Dur\u00e9e de lecture estim\u00e9e":"7 minutes"},"schema":{"@context":"https:\/\/schema.org","@graph":[{"@type":"WebPage","@id":"https:\/\/magmacultura.com\/fr\/qualite-et-environnement\/","url":"https:\/\/magmacultura.com\/fr\/qualite-et-environnement\/","name":"Qualit\u00e9 et environnement | Magmacultura","isPartOf":{"@id":"https:\/\/magmacultura.com\/fr\/#website"},"datePublished":"2022-08-17T22:43:25+00:00","dateModified":"2023-08-22T13:45:31+00:00","description":"Qualit\u00e9 et environnement Politique globale du syst\u00e8me de gestion de Magmaculture La mission principale de MAGMACULTURA, S.L. Il est d\u00e9crit dans les points","breadcrumb":{"@id":"https:\/\/magmacultura.com\/fr\/qualite-et-environnement\/#breadcrumb"},"inLanguage":"fr-FR","potentialAction":[{"@type":"ReadAction","target":["https:\/\/magmacultura.com\/fr\/qualite-et-environnement\/"]}]},{"@type":"BreadcrumbList","@id":"https:\/\/magmacultura.com\/fr\/qualite-et-environnement\/#breadcrumb","itemListElement":[{"@type":"ListItem","position":1,"name":"Home","item":"https:\/\/magmacultura.com\/fr\/"},{"@type":"ListItem","position":2,"name":"Qualit\u00e9 et environnement"}]},{"@type":"WebSite","@id":"https:\/\/magmacultura.com\/fr\/#website","url":"https:\/\/magmacultura.com\/fr\/","name":"Magmacultura","description":"Trabajamos para la cultura","publisher":{"@id":"https:\/\/magmacultura.com\/fr\/#organization"},"potentialAction":[{"@type":"SearchAction","target":{"@type":"EntryPoint","urlTemplate":"https:\/\/magmacultura.com\/fr\/?s={search_term_string}"},"query-input":{"@type":"PropertyValueSpecification","valueRequired":true,"valueName":"search_term_string"}}],"inLanguage":"fr-FR"},{"@type":"Organization","@id":"https:\/\/magmacultura.com\/fr\/#organization","name":"Magmacultura","url":"https:\/\/magmacultura.com\/fr\/","logo":{"@type":"ImageObject","inLanguage":"fr-FR","@id":"https:\/\/magmacultura.com\/fr\/#\/schema\/logo\/image\/","url":"https:\/\/magmacultura.com\/wp-content\/uploads\/2022\/07\/logo-dark.svg","contentUrl":"https:\/\/magmacultura.com\/wp-content\/uploads\/2022\/07\/logo-dark.svg","width":1,"height":1,"caption":"Magmacultura"},"image":{"@id":"https:\/\/magmacultura.com\/fr\/#\/schema\/logo\/image\/"},"sameAs":["https:\/\/www.facebook.com\/MagmaCultura\/","https:\/\/x.com\/magmacultura","https:\/\/www.linkedin.com\/company\/magmacultura.\/","https:\/\/www.instagram.com\/magmacultura_\/"]}]}},"_links":{"self":[{"href":"https:\/\/magmacultura.com\/fr\/wp-json\/wp\/v2\/pages\/10140","targetHints":{"allow":["GET"]}}],"collection":[{"href":"https:\/\/magmacultura.com\/fr\/wp-json\/wp\/v2\/pages"}],"about":[{"href":"https:\/\/magmacultura.com\/fr\/wp-json\/wp\/v2\/types\/page"}],"author":[{"embeddable":true,"href":"https:\/\/magmacultura.com\/fr\/wp-json\/wp\/v2\/users\/10"}],"replies":[{"embeddable":true,"href":"https:\/\/magmacultura.com\/fr\/wp-json\/wp\/v2\/comments?post=10140"}],"version-history":[{"count":0,"href":"https:\/\/magmacultura.com\/fr\/wp-json\/wp\/v2\/pages\/10140\/revisions"}],"wp:attachment":[{"href":"https:\/\/magmacultura.com\/fr\/wp-json\/wp\/v2\/media?parent=10140"}],"curies":[{"name":"wp","href":"https:\/\/api.w.org\/{rel}","templated":true}]}}