{"id":10153,"date":"2022-08-18T00:56:21","date_gmt":"2022-08-17T22:56:21","guid":{"rendered":"https:\/\/magmacultura.com\/politique-de-cookies\/"},"modified":"2023-08-22T16:42:31","modified_gmt":"2023-08-22T14:42:31","slug":"politique-de-cookies","status":"publish","type":"page","link":"https:\/\/magmacultura.com\/fr\/politique-de-cookies\/","title":{"rendered":"Politique de cookies"},"content":{"rendered":"\t\t<div data-elementor-type=\"wp-page\" data-elementor-id=\"10153\" class=\"elementor elementor-10153 elementor-4566\" data-elementor-post-type=\"page\">\n\t\t\t\t<div class=\"elementor-element elementor-element-c447b6a e-flex e-con-boxed e-con e-parent\" data-id=\"c447b6a\" data-element_type=\"container\" data-e-type=\"container\">\n\t\t\t\t\t<div class=\"e-con-inner\">\n\t\t\t\t<div class=\"elementor-element elementor-element-a67add2 elementor-widget elementor-widget-text-editor\" data-id=\"a67add2\" data-element_type=\"widget\" data-e-type=\"widget\" data-widget_type=\"text-editor.default\">\n\t\t\t\t<div class=\"elementor-widget-container\">\n\t\t\t\t\t\t\t\t\t<h1>Informations sur l&rsquo;utilisation des cookies<\/h1>\n<p><strong>Que sont les cookies ?<\/strong><\/p>\n<p>Les cookies sont de petits fichiers de donn\u00e9es qui sont re\u00e7us dans le terminal du site Web visit\u00e9 et sont utilis\u00e9s pour enregistrer certaines interactions de navigation sur un site Web, en stockant des donn\u00e9es qui peuvent \u00eatre mises \u00e0 jour et r\u00e9cup\u00e9r\u00e9es. Ces fichiers sont stock\u00e9s sur l&rsquo;ordinateur de l&rsquo;utilisateur et contiennent des donn\u00e9es anonymes qui ne nuisent pas \u00e0 votre ordinateur. Ils sont utilis\u00e9s pour m\u00e9moriser les pr\u00e9f\u00e9rences de l&rsquo;utilisateur, telles que la langue s\u00e9lectionn\u00e9e, les donn\u00e9es d&rsquo;acc\u00e8s ou la personnalisation de la page.  <\/p>\n<p>Les cookies peuvent \u00e9galement \u00eatre utilis\u00e9s pour enregistrer des informations anonymes sur la mani\u00e8re dont un visiteur utilise un site. Par exemple, \u00e0 partir de quelle page Web vous avez acc\u00e9d\u00e9, ou si vous avez utilis\u00e9 une \u00ab banni\u00e8re \u00bb publicitaire pour y acc\u00e9der. <\/p>\n<p><strong>Quelle utilisation donnons-nous aux diff\u00e9rents types de cookies ?<\/strong><\/p>\n<p><strong> <\/strong><strong>Selon sa finalit\u00e9 :<\/strong><\/p>\n<p><strong> <\/strong><\/p>\n<table>\n<tbody>\n<tr>\n<td width=\"198\"><strong>Cookies techniques<\/strong><\/td>\n<td width=\"451\">\n<p>Les cookies techniques sont ceux qui facilitent la navigation de l&rsquo;utilisateur et l&rsquo;utilisation des diff\u00e9rentes options ou services propos\u00e9s par le Web tels que l&rsquo;identification de la session, permettant l&rsquo;acc\u00e8s \u00e0 certaines zones, facilitant les commandes, les achats, le remplissage de formulaires, l&rsquo;inscription, la s\u00e9curit\u00e9, facilitant les fonctionnalit\u00e9s. ( vid\u00e9os, r\u00e9seaux sociaux\u2026).<\/p>\n<\/p>\n<\/td>\n<\/tr>\n<tr>\n<td width=\"198\"><strong>Cookies de personnalisation<\/strong><\/td>\n<td width=\"451\">\n<p>Les cookies de personnalisation permettent \u00e0 l&rsquo;utilisateur d&rsquo;acc\u00e9der aux services selon ses pr\u00e9f\u00e9rences (langue, navigateur, configuration\u2026).<\/p>\n<\/p>\n<\/td>\n<\/tr>\n<tr>\n<td width=\"198\"><strong>Cookies analytiques<\/strong><\/td>\n<td width=\"451\">\n<p>Les cookies d&rsquo;analyse sont ceux utilis\u00e9s pour effectuer une analyse anonyme du comportement des internautes et qui permettent de mesurer l&rsquo;activit\u00e9 des utilisateurs et de cr\u00e9er des profils de navigation dans le but d&rsquo;am\u00e9liorer les sites Web.as<\/p>\n<\/p>\n<\/td>\n<\/tr>\n<tr>\n<td width=\"198\"><strong>cookies publicitaires<\/strong><\/td>\n<td width=\"451\">\n<p>Les cookies publicitaires permettent la gestion des espaces publicitaires sur le web. De plus, ces cookies peuvent \u00eatre destin\u00e9s \u00e0 des publicit\u00e9s personnalis\u00e9es et ainsi permettre la gestion d&rsquo;espaces publicitaires Web en fonction du comportement des utilisateurs et des habitudes de navigation, \u00e0 partir desquels leur profil est obtenu et permettre de personnaliser la publicit\u00e9 affich\u00e9e dans le navigateur de l&rsquo;utilisateur ou d&rsquo;autres profils. et les r\u00e9seaux sociaux de l&rsquo;utilisateur. <\/p>\n<\/p>\n<\/td>\n<\/tr>\n<\/tbody>\n<\/table>\n<p><strong> <\/strong><\/p>\n<p><strong>Selon sa p\u00e9riode de validit\u00e9 :<\/strong><\/p>\n<\/p>\n<table>\n<tbody>\n<tr>\n<td width=\"198\"><strong>Cookies de session<\/strong><\/td>\n<td width=\"451\">\n<p>Les cookies de session sont ceux qui durent aussi longtemps que l&rsquo;utilisateur navigue sur la page Web et sont supprim\u00e9s \u00e0 la fermeture du navigateur.<\/p>\n<\/p>\n<\/td>\n<\/tr>\n<tr>\n<td width=\"198\"><strong>Cookies persistants<\/strong><\/td>\n<td width=\"451\">\n<p>Ces cookies restent stock\u00e9s dans le terminal de l&rsquo;utilisateur jusqu&rsquo;\u00e0 leur suppression manuelle ou jusqu&rsquo;\u00e0 l&rsquo;expiration de la dur\u00e9e fix\u00e9e pour ledit cookie<\/p>\n<\/p>\n<\/td>\n<\/tr>\n<\/tbody>\n<\/table>\n<p><strong>Selon son propri\u00e9taire :<\/strong><\/p>\n<\/p>\n<table>\n<tbody>\n<tr>\n<td width=\"198\"><strong>Cookies propres<\/strong><\/td>\n<td width=\"451\">Ceux qui sont envoy\u00e9s \u00e0 l&rsquo;\u00e9quipement terminal de l&rsquo;utilisateur depuis un ordinateur ou un domaine g\u00e9r\u00e9 par l&rsquo;\u00e9diteur lui-m\u00eame et \u00e0 partir duquel est fourni le service demand\u00e9 par l&rsquo;utilisateur.<\/td>\n<\/tr>\n<tr>\n<td width=\"198\"><strong>Cookies tiers<\/strong><\/td>\n<td width=\"451\">Ceux qui sont envoy\u00e9s \u00e0 l&rsquo;\u00e9quipement terminal de l&rsquo;utilisateur depuis un ordinateur ou un domaine qui n&rsquo;est pas g\u00e9r\u00e9 par l&rsquo;\u00e9diteur, mais par une autre entit\u00e9 qui traite les donn\u00e9es obtenues via les cookies.<\/td>\n<\/tr>\n<\/tbody>\n<\/table>\n<p><strong>Le tableau suivant contient la classification et la description des cookies utilis\u00e9s sur ce site afin que vous puissiez les identifier dans votre navigateur :<\/strong><\/p>\n<p><strong> <\/strong><\/p>\n<table width=\"95%\">\n<tbody>\n<tr>\n<td width=\"33%\"><strong>Nom<\/strong><\/td>\n<td width=\"18%\"><strong>Propri\u00e9taire<\/strong><\/td>\n<td width=\"15%\"><strong>Donn\u00e9es collect\u00e9es<\/strong><\/td>\n<td width=\"17%\"><strong>objectif<\/strong><\/td>\n<td width=\"14%\"><strong>Dur\u00e9e<\/strong><\/td>\n<\/tr>\n<tr>\n<td width=\"33%\"><strong>_ga<\/strong><\/td>\n<td width=\"18%\">Google (cookie tiers)<\/td>\n<td width=\"15%\">S\u00e9ances de visiteurs.<\/td>\n<td width=\"17%\">Il est utilis\u00e9 pour distinguer les utilisateurs.<\/td>\n<td width=\"14%\">2 ans \u00e0 compter de la fin de la derni\u00e8re visite.<\/td>\n<\/tr>\n<tr>\n<td width=\"33%\">\n<p><strong>_gid<\/strong><\/p>\n<\/td>\n<td width=\"18%\">Google (Cookies tiers)<\/td>\n<td width=\"15%\">S\u00e9ances de visiteurs.<\/td>\n<td width=\"17%\">Il est utilis\u00e9 pour distinguer les utilisateurs..<\/td>\n<td width=\"14%\">24 heures apr\u00e8s la fin de la derni\u00e8re visite.<\/td>\n<\/tr>\n<tr>\n<td width=\"33%\"><strong>_gat_gtag_UA_133649805_1<\/strong><\/td>\n<td width=\"18%\">Google (Cookie tiers)<\/td>\n<td width=\"15%\">Sessions visiteurs<\/td>\n<td width=\"17%\">Il permet de distinguer les utilisateurs et de limiter le taux de requ\u00eates<\/td>\n<td width=\"14%\">24 heures apr\u00e8s la fin de la derni\u00e8re visite.<\/td>\n<\/tr>\n<tr>\n<td width=\"33%\"><strong>PHPSESSID<\/strong><\/td>\n<td width=\"18%\">propre cookie<\/td>\n<td width=\"15%\">Sessions et pr\u00e9f\u00e9rences des visiteurs.<\/td>\n<td width=\"17%\">Permet d&rsquo;enregistrer les variables de session sur le serveur Web<\/td>\n<td width=\"14%\">A la fin de la session avec le navigateur.<\/td>\n<\/tr>\n<\/tbody>\n<\/table>\n<p>MAGMA CULTURE, S.L. utilise ses propres cookies techniques, de personnalisation et d&rsquo;analyse ainsi que ceux de tiers, qui traitent les donn\u00e9es de connexion et\/ou de l&rsquo;appareil, ainsi que les habitudes de navigation \u00e0 des fins statistiques.<\/p>\n<p>Par cons\u00e9quent, lors de l&rsquo;acc\u00e8s \u00e0 notre site Web, conform\u00e9ment \u00e0 l&rsquo;article 22 de la loi sur les services de la soci\u00e9t\u00e9 de l&rsquo;information, nous avons demand\u00e9 votre consentement pour son utilisation.<\/p>\n<p>La fourniture de donn\u00e9es personnelles via notre portail et le consentement pour l&rsquo;utilisation de cookies <u>n\u00e9cessitent un \u00e2ge minimum de 14 an<\/u>s et l&rsquo;acceptation expresse de notre politique de confidentialit\u00e9.<\/p>\n<p><strong>Dans tous les cas, nous vous informons que vous pouvez activer ou d\u00e9sactiver les cookies en suivant les instructions de votre navigateur Internet :<\/strong><\/p>\n<table width=\"662\">\n<tbody>\n<tr>\n<td width=\"95\"><strong>Chrome<\/strong><\/p>\n<p><strong> <\/strong><\/p>\n<\/td>\n<td width=\"227\">Param\u00e8tres \u00e0 Afficher les options avanc\u00e9es \u00e0 Confidentialit\u00e9 \u00e0 Param\u00e8tres de contenu. support.google.com<\/td>\n<td width=\"340\">support.google.com<\/p>\n<\/td>\n<\/tr>\n<tr>\n<td width=\"95\"><strong> <\/strong><\/p>\n<p><strong>Firefox<\/strong><\/p>\n<p><strong> <\/strong><\/p>\n<\/td>\n<td width=\"227\">Outils \u00e0 Options \u00e0 Confidentialit\u00e9 \u00e0 Historique \u00e0 Param\u00e8tres personnalis\u00e9s.<\/td>\n<td width=\"340\">support.mozilla.org<\/td>\n<\/tr>\n<tr>\n<td width=\"95\"><strong>Internet Explorer<\/strong><\/p>\n<p><strong> <\/strong><\/p>\n<\/td>\n<td width=\"227\">\n<p>Outils \u00e0 Options Internet \u00e0 Confidentialit\u00e9 \u00e0 Param\u00e8tres.<\/p>\n<\/p>\n<\/td>\n<td width=\"340\">windows.microsoft.com<\/td>\n<\/tr>\n<tr>\n<td width=\"95\"><strong>Opera<\/strong><\/p>\n<p><strong> <\/strong><\/p>\n<\/td>\n<td width=\"227\">\n<p>Outils \u00e0 Pr\u00e9f\u00e9rences \u00e0 Modifier les pr\u00e9f\u00e9rences \u00e0 Cookies.<\/p>\n<\/p>\n<\/td>\n<td width=\"340\"><a href=\"http:\/\/www.opera.com\/help\/tutorials\/security\/cookies\/\">http:\/\/www.opera.com\/help\/tutorials\/security\/cookies\/<\/a><\/td>\n<\/tr>\n<tr>\n<td width=\"95\"><strong> <\/strong><\/p>\n<p><strong>Safari<\/strong><\/p>\n<p><strong> <\/strong><\/p>\n<\/td>\n<td width=\"227\">\n<p>Pr\u00e9f\u00e9rences pour la s\u00e9curit\u00e9.<\/p>\n<\/p>\n<\/td>\n<td width=\"340\"><a href=\"http:\/\/www.apple.com\/\">http:\/\/www.apple.com<\/a><\/td>\n<\/tr>\n<tr>\n<td width=\"95\"><strong>Edge<\/strong><\/p>\n<p><strong> <\/strong><\/p>\n<\/td>\n<td width=\"227\">\n<p>Configuration \u00e0 Voir configuration avanc\u00e9e \u00e0 Confidentialit\u00e9 et services \u00e0 Cookies.<\/p>\n<\/p>\n<\/td>\n<td width=\"340\"><a href=\"https:\/\/privacy.microsoft.com\/es-es\/windows-10-microsoft-edge-and-privacy\">https:\/\/privacy.microsoft.com\/es-es\/windows-10-microsoft-edge-and-privacy<\/a><\/p>\n<\/td>\n<\/tr>\n<\/tbody>\n<\/table>\n\t\t\t\t\t\t\t\t<\/div>\n\t\t\t\t<\/div>\n\t\t\t\t\t<\/div>\n\t\t\t\t<\/div>\n\t\t\t\t<\/div>\n\t\t","protected":false},"excerpt":{"rendered":"<p>Informations sur l&rsquo;utilisation des cookies Que sont les cookies ? Les cookies sont de petits fichiers de donn\u00e9es qui sont re\u00e7us dans le terminal du site Web visit\u00e9 et sont utilis\u00e9s pour enregistrer certaines interactions de navigation sur un site Web, en stockant des donn\u00e9es qui peuvent \u00eatre mises \u00e0 jour et r\u00e9cup\u00e9r\u00e9es. Ces fichiers [&hellip;]<\/p>\n","protected":false},"author":4,"featured_media":0,"parent":0,"menu_order":0,"comment_status":"closed","ping_status":"closed","template":"","meta":{"footnotes":""},"class_list":["post-10153","page","type-page","status-publish","hentry"],"yoast_head":"<!-- This site is optimized with the Yoast SEO plugin v27.4 - https:\/\/yoast.com\/product\/yoast-seo-wordpress\/ -->\n<title>Politique de cookies | Magmacultura<\/title>\n<meta name=\"description\" content=\"Informations sur l&#039;utilisation des cookies Que sont les cookies ? Les cookies sont de petits fichiers de donn\u00e9es qui sont re\u00e7us dans le terminal du site\" \/>\n<meta name=\"robots\" content=\"index, follow, max-snippet:-1, max-image-preview:large, max-video-preview:-1\" \/>\n<link rel=\"canonical\" href=\"https:\/\/magmacultura.com\/fr\/politique-de-cookies\/\" \/>\n<meta property=\"og:locale\" content=\"fr_FR\" \/>\n<meta property=\"og:type\" content=\"article\" \/>\n<meta property=\"og:title\" content=\"Politique de cookies | Magmacultura\" \/>\n<meta property=\"og:description\" content=\"Informations sur l&#039;utilisation des cookies Que sont les cookies ? Les cookies sont de petits fichiers de donn\u00e9es qui sont re\u00e7us dans le terminal du site\" \/>\n<meta property=\"og:url\" content=\"https:\/\/magmacultura.com\/fr\/politique-de-cookies\/\" \/>\n<meta property=\"og:site_name\" content=\"Magmacultura\" \/>\n<meta property=\"article:publisher\" content=\"https:\/\/www.facebook.com\/MagmaCultura\/\" \/>\n<meta property=\"article:modified_time\" content=\"2023-08-22T14:42:31+00:00\" \/>\n<meta name=\"twitter:card\" content=\"summary_large_image\" \/>\n<meta name=\"twitter:site\" content=\"@magmacultura\" \/>\n<meta name=\"twitter:label1\" content=\"Dur\u00e9e de lecture estim\u00e9e\" \/>\n\t<meta name=\"twitter:data1\" content=\"4 minutes\" \/>\n<script type=\"application\/ld+json\" class=\"yoast-schema-graph\">{\"@context\":\"https:\\\/\\\/schema.org\",\"@graph\":[{\"@type\":\"WebPage\",\"@id\":\"https:\\\/\\\/magmacultura.com\\\/fr\\\/politique-de-cookies\\\/\",\"url\":\"https:\\\/\\\/magmacultura.com\\\/fr\\\/politique-de-cookies\\\/\",\"name\":\"Politique de cookies | Magmacultura\",\"isPartOf\":{\"@id\":\"https:\\\/\\\/magmacultura.com\\\/fr\\\/#website\"},\"datePublished\":\"2022-08-17T22:56:21+00:00\",\"dateModified\":\"2023-08-22T14:42:31+00:00\",\"description\":\"Informations sur l'utilisation des cookies Que sont les cookies ? Les cookies sont de petits fichiers de donn\u00e9es qui sont re\u00e7us dans le terminal du site\",\"breadcrumb\":{\"@id\":\"https:\\\/\\\/magmacultura.com\\\/fr\\\/politique-de-cookies\\\/#breadcrumb\"},\"inLanguage\":\"fr-FR\",\"potentialAction\":[{\"@type\":\"ReadAction\",\"target\":[\"https:\\\/\\\/magmacultura.com\\\/fr\\\/politique-de-cookies\\\/\"]}]},{\"@type\":\"BreadcrumbList\",\"@id\":\"https:\\\/\\\/magmacultura.com\\\/fr\\\/politique-de-cookies\\\/#breadcrumb\",\"itemListElement\":[{\"@type\":\"ListItem\",\"position\":1,\"name\":\"Home\",\"item\":\"https:\\\/\\\/magmacultura.com\\\/fr\\\/\"},{\"@type\":\"ListItem\",\"position\":2,\"name\":\"Politique de cookies\"}]},{\"@type\":\"WebSite\",\"@id\":\"https:\\\/\\\/magmacultura.com\\\/fr\\\/#website\",\"url\":\"https:\\\/\\\/magmacultura.com\\\/fr\\\/\",\"name\":\"Magmacultura\",\"description\":\"Trabajamos para la cultura\",\"publisher\":{\"@id\":\"https:\\\/\\\/magmacultura.com\\\/fr\\\/#organization\"},\"potentialAction\":[{\"@type\":\"SearchAction\",\"target\":{\"@type\":\"EntryPoint\",\"urlTemplate\":\"https:\\\/\\\/magmacultura.com\\\/fr\\\/?s={search_term_string}\"},\"query-input\":{\"@type\":\"PropertyValueSpecification\",\"valueRequired\":true,\"valueName\":\"search_term_string\"}}],\"inLanguage\":\"fr-FR\"},{\"@type\":\"Organization\",\"@id\":\"https:\\\/\\\/magmacultura.com\\\/fr\\\/#organization\",\"name\":\"Magmacultura\",\"url\":\"https:\\\/\\\/magmacultura.com\\\/fr\\\/\",\"logo\":{\"@type\":\"ImageObject\",\"inLanguage\":\"fr-FR\",\"@id\":\"https:\\\/\\\/magmacultura.com\\\/fr\\\/#\\\/schema\\\/logo\\\/image\\\/\",\"url\":\"https:\\\/\\\/magmacultura.com\\\/wp-content\\\/uploads\\\/2022\\\/07\\\/logo-dark.svg\",\"contentUrl\":\"https:\\\/\\\/magmacultura.com\\\/wp-content\\\/uploads\\\/2022\\\/07\\\/logo-dark.svg\",\"width\":1,\"height\":1,\"caption\":\"Magmacultura\"},\"image\":{\"@id\":\"https:\\\/\\\/magmacultura.com\\\/fr\\\/#\\\/schema\\\/logo\\\/image\\\/\"},\"sameAs\":[\"https:\\\/\\\/www.facebook.com\\\/MagmaCultura\\\/\",\"https:\\\/\\\/x.com\\\/magmacultura\",\"https:\\\/\\\/www.linkedin.com\\\/company\\\/magmacultura.\\\/\",\"https:\\\/\\\/www.instagram.com\\\/magmacultura_\\\/\"]}]}<\/script>\n<!-- \/ Yoast SEO plugin. -->","yoast_head_json":{"title":"Politique de cookies | Magmacultura","description":"Informations sur l'utilisation des cookies Que sont les cookies ? Les cookies sont de petits fichiers de donn\u00e9es qui sont re\u00e7us dans le terminal du site","robots":{"index":"index","follow":"follow","max-snippet":"max-snippet:-1","max-image-preview":"max-image-preview:large","max-video-preview":"max-video-preview:-1"},"canonical":"https:\/\/magmacultura.com\/fr\/politique-de-cookies\/","og_locale":"fr_FR","og_type":"article","og_title":"Politique de cookies | Magmacultura","og_description":"Informations sur l'utilisation des cookies Que sont les cookies ? Les cookies sont de petits fichiers de donn\u00e9es qui sont re\u00e7us dans le terminal du site","og_url":"https:\/\/magmacultura.com\/fr\/politique-de-cookies\/","og_site_name":"Magmacultura","article_publisher":"https:\/\/www.facebook.com\/MagmaCultura\/","article_modified_time":"2023-08-22T14:42:31+00:00","twitter_card":"summary_large_image","twitter_site":"@magmacultura","twitter_misc":{"Dur\u00e9e de lecture estim\u00e9e":"4 minutes"},"schema":{"@context":"https:\/\/schema.org","@graph":[{"@type":"WebPage","@id":"https:\/\/magmacultura.com\/fr\/politique-de-cookies\/","url":"https:\/\/magmacultura.com\/fr\/politique-de-cookies\/","name":"Politique de cookies | Magmacultura","isPartOf":{"@id":"https:\/\/magmacultura.com\/fr\/#website"},"datePublished":"2022-08-17T22:56:21+00:00","dateModified":"2023-08-22T14:42:31+00:00","description":"Informations sur l'utilisation des cookies Que sont les cookies ? Les cookies sont de petits fichiers de donn\u00e9es qui sont re\u00e7us dans le terminal du site","breadcrumb":{"@id":"https:\/\/magmacultura.com\/fr\/politique-de-cookies\/#breadcrumb"},"inLanguage":"fr-FR","potentialAction":[{"@type":"ReadAction","target":["https:\/\/magmacultura.com\/fr\/politique-de-cookies\/"]}]},{"@type":"BreadcrumbList","@id":"https:\/\/magmacultura.com\/fr\/politique-de-cookies\/#breadcrumb","itemListElement":[{"@type":"ListItem","position":1,"name":"Home","item":"https:\/\/magmacultura.com\/fr\/"},{"@type":"ListItem","position":2,"name":"Politique de cookies"}]},{"@type":"WebSite","@id":"https:\/\/magmacultura.com\/fr\/#website","url":"https:\/\/magmacultura.com\/fr\/","name":"Magmacultura","description":"Trabajamos para la cultura","publisher":{"@id":"https:\/\/magmacultura.com\/fr\/#organization"},"potentialAction":[{"@type":"SearchAction","target":{"@type":"EntryPoint","urlTemplate":"https:\/\/magmacultura.com\/fr\/?s={search_term_string}"},"query-input":{"@type":"PropertyValueSpecification","valueRequired":true,"valueName":"search_term_string"}}],"inLanguage":"fr-FR"},{"@type":"Organization","@id":"https:\/\/magmacultura.com\/fr\/#organization","name":"Magmacultura","url":"https:\/\/magmacultura.com\/fr\/","logo":{"@type":"ImageObject","inLanguage":"fr-FR","@id":"https:\/\/magmacultura.com\/fr\/#\/schema\/logo\/image\/","url":"https:\/\/magmacultura.com\/wp-content\/uploads\/2022\/07\/logo-dark.svg","contentUrl":"https:\/\/magmacultura.com\/wp-content\/uploads\/2022\/07\/logo-dark.svg","width":1,"height":1,"caption":"Magmacultura"},"image":{"@id":"https:\/\/magmacultura.com\/fr\/#\/schema\/logo\/image\/"},"sameAs":["https:\/\/www.facebook.com\/MagmaCultura\/","https:\/\/x.com\/magmacultura","https:\/\/www.linkedin.com\/company\/magmacultura.\/","https:\/\/www.instagram.com\/magmacultura_\/"]}]}},"_links":{"self":[{"href":"https:\/\/magmacultura.com\/fr\/wp-json\/wp\/v2\/pages\/10153","targetHints":{"allow":["GET"]}}],"collection":[{"href":"https:\/\/magmacultura.com\/fr\/wp-json\/wp\/v2\/pages"}],"about":[{"href":"https:\/\/magmacultura.com\/fr\/wp-json\/wp\/v2\/types\/page"}],"author":[{"embeddable":true,"href":"https:\/\/magmacultura.com\/fr\/wp-json\/wp\/v2\/users\/4"}],"replies":[{"embeddable":true,"href":"https:\/\/magmacultura.com\/fr\/wp-json\/wp\/v2\/comments?post=10153"}],"version-history":[{"count":0,"href":"https:\/\/magmacultura.com\/fr\/wp-json\/wp\/v2\/pages\/10153\/revisions"}],"wp:attachment":[{"href":"https:\/\/magmacultura.com\/fr\/wp-json\/wp\/v2\/media?parent=10153"}],"curies":[{"name":"wp","href":"https:\/\/api.w.org\/{rel}","templated":true}]}}