{"id":10441,"date":"2022-01-01T11:13:01","date_gmt":"2022-01-01T09:13:01","guid":{"rendered":"https:\/\/magmacultura.com\/?page_id=10441"},"modified":"2024-07-30T11:05:43","modified_gmt":"2024-07-30T09:05:43","slug":"canal-ethique","status":"publish","type":"page","link":"https:\/\/magmacultura.com\/fr\/canal-ethique\/","title":{"rendered":"Cha\u00eene \u00e9thique"},"content":{"rendered":"\t\t<div data-elementor-type=\"wp-page\" data-elementor-id=\"10441\" class=\"elementor elementor-10441 elementor-10416\" data-elementor-post-type=\"page\">\n\t\t\t\t<div class=\"elementor-element elementor-element-c447b6a e-flex e-con-boxed e-con e-parent\" data-id=\"c447b6a\" data-element_type=\"container\" data-e-type=\"container\">\n\t\t\t\t\t<div class=\"e-con-inner\">\n\t\t\t\t<div class=\"elementor-element elementor-element-a67add2 elementor-widget elementor-widget-text-editor\" data-id=\"a67add2\" data-element_type=\"widget\" data-e-type=\"widget\" data-widget_type=\"text-editor.default\">\n\t\t\t\t<div class=\"elementor-widget-container\">\n\t\t\t\t\t\t\t\t\t<h1>CHA\u00ceNE \u00c9THIQUE<\/h1><p>Notre ressource confidentielle et canal de d\u00e9p\u00f4t de r\u00e9clamations et de plaintes conform\u00e9ment \u00e0 la loi 2\/2023, r\u00e9glementant la protection des personnes qui signalent des infractions r\u00e9glementaires et la lutte contre la corruption.<br \/><br \/><\/p><p><u><a href=\"https:\/\/canal-etico.lant-abogados.com\/Specific\/MVistaPublica?codiClient=MDAxMjcz&amp;secure=119027.0\">Acc\u00e8s \u00e0 la cha\u00eene \u00e9thique Magmacultura<\/a><\/u><\/p><p>\u00a0<\/p>\t\t\t\t\t\t\t\t<\/div>\n\t\t\t\t<\/div>\n\t\t\t\t\t<\/div>\n\t\t\t\t<\/div>\n\t\t\t\t<\/div>\n\t\t","protected":false},"excerpt":{"rendered":"<p>CHA\u00ceNE \u00c9THIQUE Notre ressource confidentielle et canal de d\u00e9p\u00f4t de r\u00e9clamations et de plaintes conform\u00e9ment \u00e0 la loi 2\/2023, r\u00e9glementant la protection des personnes qui signalent des infractions r\u00e9glementaires et la lutte contre la corruption. Acc\u00e8s \u00e0 la cha\u00eene \u00e9thique Magmacultura \u00a0<\/p>\n","protected":false},"author":4,"featured_media":0,"parent":0,"menu_order":0,"comment_status":"closed","ping_status":"closed","template":"","meta":{"footnotes":""},"class_list":["post-10441","page","type-page","status-publish","hentry"],"yoast_head":"<!-- This site is optimized with the Yoast SEO plugin v26.7 - https:\/\/yoast.com\/wordpress\/plugins\/seo\/ -->\n<title>Cha\u00eene \u00e9thique | Magmacultura<\/title>\n<meta name=\"description\" content=\"Notre ressource confidentielle et canal de d\u00e9p\u00f4t de r\u00e9clamations et de plaintes conform\u00e9ment \u00e0 la loi 2\/2023\" \/>\n<meta name=\"robots\" content=\"index, follow, max-snippet:-1, max-image-preview:large, max-video-preview:-1\" \/>\n<link rel=\"canonical\" href=\"https:\/\/magmacultura.com\/fr\/canal-ethique\/\" \/>\n<meta property=\"og:locale\" content=\"fr_FR\" \/>\n<meta property=\"og:type\" content=\"article\" \/>\n<meta property=\"og:title\" content=\"Cha\u00eene \u00e9thique | Magmacultura\" \/>\n<meta property=\"og:description\" content=\"Notre ressource confidentielle et canal de d\u00e9p\u00f4t de r\u00e9clamations et de plaintes conform\u00e9ment \u00e0 la loi 2\/2023\" \/>\n<meta property=\"og:url\" content=\"https:\/\/magmacultura.com\/fr\/canal-ethique\/\" \/>\n<meta property=\"og:site_name\" content=\"Magmacultura\" \/>\n<meta property=\"article:publisher\" content=\"https:\/\/www.facebook.com\/MagmaCultura\/\" \/>\n<meta property=\"article:modified_time\" content=\"2024-07-30T09:05:43+00:00\" \/>\n<meta name=\"twitter:card\" content=\"summary_large_image\" \/>\n<meta name=\"twitter:site\" content=\"@magmacultura\" \/>\n<meta name=\"twitter:label1\" content=\"Dur\u00e9e de lecture estim\u00e9e\" \/>\n\t<meta name=\"twitter:data1\" content=\"1 minute\" \/>\n<script type=\"application\/ld+json\" class=\"yoast-schema-graph\">{\"@context\":\"https:\/\/schema.org\",\"@graph\":[{\"@type\":\"WebPage\",\"@id\":\"https:\/\/magmacultura.com\/fr\/canal-ethique\/\",\"url\":\"https:\/\/magmacultura.com\/fr\/canal-ethique\/\",\"name\":\"Cha\u00eene \u00e9thique | Magmacultura\",\"isPartOf\":{\"@id\":\"https:\/\/magmacultura.com\/fr\/#website\"},\"datePublished\":\"2022-01-01T09:13:01+00:00\",\"dateModified\":\"2024-07-30T09:05:43+00:00\",\"description\":\"Notre ressource confidentielle et canal de d\u00e9p\u00f4t de r\u00e9clamations et de plaintes conform\u00e9ment \u00e0 la loi 2\/2023\",\"breadcrumb\":{\"@id\":\"https:\/\/magmacultura.com\/fr\/canal-ethique\/#breadcrumb\"},\"inLanguage\":\"fr-FR\",\"potentialAction\":[{\"@type\":\"ReadAction\",\"target\":[\"https:\/\/magmacultura.com\/fr\/canal-ethique\/\"]}]},{\"@type\":\"BreadcrumbList\",\"@id\":\"https:\/\/magmacultura.com\/fr\/canal-ethique\/#breadcrumb\",\"itemListElement\":[{\"@type\":\"ListItem\",\"position\":1,\"name\":\"Home\",\"item\":\"https:\/\/magmacultura.com\/fr\/\"},{\"@type\":\"ListItem\",\"position\":2,\"name\":\"Cha\u00eene \u00e9thique\"}]},{\"@type\":\"WebSite\",\"@id\":\"https:\/\/magmacultura.com\/fr\/#website\",\"url\":\"https:\/\/magmacultura.com\/fr\/\",\"name\":\"Magmacultura\",\"description\":\"Trabajamos para la cultura\",\"publisher\":{\"@id\":\"https:\/\/magmacultura.com\/fr\/#organization\"},\"potentialAction\":[{\"@type\":\"SearchAction\",\"target\":{\"@type\":\"EntryPoint\",\"urlTemplate\":\"https:\/\/magmacultura.com\/fr\/?s={search_term_string}\"},\"query-input\":{\"@type\":\"PropertyValueSpecification\",\"valueRequired\":true,\"valueName\":\"search_term_string\"}}],\"inLanguage\":\"fr-FR\"},{\"@type\":\"Organization\",\"@id\":\"https:\/\/magmacultura.com\/fr\/#organization\",\"name\":\"Magmacultura\",\"url\":\"https:\/\/magmacultura.com\/fr\/\",\"logo\":{\"@type\":\"ImageObject\",\"inLanguage\":\"fr-FR\",\"@id\":\"https:\/\/magmacultura.com\/fr\/#\/schema\/logo\/image\/\",\"url\":\"https:\/\/magmacultura.com\/wp-content\/uploads\/2022\/07\/logo-dark.svg\",\"contentUrl\":\"https:\/\/magmacultura.com\/wp-content\/uploads\/2022\/07\/logo-dark.svg\",\"width\":1,\"height\":1,\"caption\":\"Magmacultura\"},\"image\":{\"@id\":\"https:\/\/magmacultura.com\/fr\/#\/schema\/logo\/image\/\"},\"sameAs\":[\"https:\/\/www.facebook.com\/MagmaCultura\/\",\"https:\/\/x.com\/magmacultura\",\"https:\/\/www.linkedin.com\/company\/magmacultura.\/\",\"https:\/\/www.instagram.com\/magmacultura_\/\"]}]}<\/script>\n<!-- \/ Yoast SEO plugin. -->","yoast_head_json":{"title":"Cha\u00eene \u00e9thique | Magmacultura","description":"Notre ressource confidentielle et canal de d\u00e9p\u00f4t de r\u00e9clamations et de plaintes conform\u00e9ment \u00e0 la loi 2\/2023","robots":{"index":"index","follow":"follow","max-snippet":"max-snippet:-1","max-image-preview":"max-image-preview:large","max-video-preview":"max-video-preview:-1"},"canonical":"https:\/\/magmacultura.com\/fr\/canal-ethique\/","og_locale":"fr_FR","og_type":"article","og_title":"Cha\u00eene \u00e9thique | Magmacultura","og_description":"Notre ressource confidentielle et canal de d\u00e9p\u00f4t de r\u00e9clamations et de plaintes conform\u00e9ment \u00e0 la loi 2\/2023","og_url":"https:\/\/magmacultura.com\/fr\/canal-ethique\/","og_site_name":"Magmacultura","article_publisher":"https:\/\/www.facebook.com\/MagmaCultura\/","article_modified_time":"2024-07-30T09:05:43+00:00","twitter_card":"summary_large_image","twitter_site":"@magmacultura","twitter_misc":{"Dur\u00e9e de lecture estim\u00e9e":"1 minute"},"schema":{"@context":"https:\/\/schema.org","@graph":[{"@type":"WebPage","@id":"https:\/\/magmacultura.com\/fr\/canal-ethique\/","url":"https:\/\/magmacultura.com\/fr\/canal-ethique\/","name":"Cha\u00eene \u00e9thique | Magmacultura","isPartOf":{"@id":"https:\/\/magmacultura.com\/fr\/#website"},"datePublished":"2022-01-01T09:13:01+00:00","dateModified":"2024-07-30T09:05:43+00:00","description":"Notre ressource confidentielle et canal de d\u00e9p\u00f4t de r\u00e9clamations et de plaintes conform\u00e9ment \u00e0 la loi 2\/2023","breadcrumb":{"@id":"https:\/\/magmacultura.com\/fr\/canal-ethique\/#breadcrumb"},"inLanguage":"fr-FR","potentialAction":[{"@type":"ReadAction","target":["https:\/\/magmacultura.com\/fr\/canal-ethique\/"]}]},{"@type":"BreadcrumbList","@id":"https:\/\/magmacultura.com\/fr\/canal-ethique\/#breadcrumb","itemListElement":[{"@type":"ListItem","position":1,"name":"Home","item":"https:\/\/magmacultura.com\/fr\/"},{"@type":"ListItem","position":2,"name":"Cha\u00eene \u00e9thique"}]},{"@type":"WebSite","@id":"https:\/\/magmacultura.com\/fr\/#website","url":"https:\/\/magmacultura.com\/fr\/","name":"Magmacultura","description":"Trabajamos para la cultura","publisher":{"@id":"https:\/\/magmacultura.com\/fr\/#organization"},"potentialAction":[{"@type":"SearchAction","target":{"@type":"EntryPoint","urlTemplate":"https:\/\/magmacultura.com\/fr\/?s={search_term_string}"},"query-input":{"@type":"PropertyValueSpecification","valueRequired":true,"valueName":"search_term_string"}}],"inLanguage":"fr-FR"},{"@type":"Organization","@id":"https:\/\/magmacultura.com\/fr\/#organization","name":"Magmacultura","url":"https:\/\/magmacultura.com\/fr\/","logo":{"@type":"ImageObject","inLanguage":"fr-FR","@id":"https:\/\/magmacultura.com\/fr\/#\/schema\/logo\/image\/","url":"https:\/\/magmacultura.com\/wp-content\/uploads\/2022\/07\/logo-dark.svg","contentUrl":"https:\/\/magmacultura.com\/wp-content\/uploads\/2022\/07\/logo-dark.svg","width":1,"height":1,"caption":"Magmacultura"},"image":{"@id":"https:\/\/magmacultura.com\/fr\/#\/schema\/logo\/image\/"},"sameAs":["https:\/\/www.facebook.com\/MagmaCultura\/","https:\/\/x.com\/magmacultura","https:\/\/www.linkedin.com\/company\/magmacultura.\/","https:\/\/www.instagram.com\/magmacultura_\/"]}]}},"_links":{"self":[{"href":"https:\/\/magmacultura.com\/fr\/wp-json\/wp\/v2\/pages\/10441","targetHints":{"allow":["GET"]}}],"collection":[{"href":"https:\/\/magmacultura.com\/fr\/wp-json\/wp\/v2\/pages"}],"about":[{"href":"https:\/\/magmacultura.com\/fr\/wp-json\/wp\/v2\/types\/page"}],"author":[{"embeddable":true,"href":"https:\/\/magmacultura.com\/fr\/wp-json\/wp\/v2\/users\/4"}],"replies":[{"embeddable":true,"href":"https:\/\/magmacultura.com\/fr\/wp-json\/wp\/v2\/comments?post=10441"}],"version-history":[{"count":0,"href":"https:\/\/magmacultura.com\/fr\/wp-json\/wp\/v2\/pages\/10441\/revisions"}],"wp:attachment":[{"href":"https:\/\/magmacultura.com\/fr\/wp-json\/wp\/v2\/media?parent=10441"}],"curies":[{"name":"wp","href":"https:\/\/api.w.org\/{rel}","templated":true}]}}