{"id":10611,"date":"2023-12-13T16:52:35","date_gmt":"2023-12-13T14:52:35","guid":{"rendered":"https:\/\/magmacultura.com\/informations-sur-la-protection-des-donnees\/"},"modified":"2024-07-30T11:59:37","modified_gmt":"2024-07-30T09:59:37","slug":"informations-sur-la-protection-des-donnees","status":"publish","type":"page","link":"https:\/\/magmacultura.com\/fr\/informations-sur-la-protection-des-donnees\/","title":{"rendered":"Informations sur la protection des donn\u00e9es"},"content":{"rendered":"\t\t<div data-elementor-type=\"wp-page\" data-elementor-id=\"10611\" class=\"elementor elementor-10611 elementor-10595\" data-elementor-post-type=\"page\">\n\t\t\t\t<div class=\"elementor-element elementor-element-c447b6a e-flex e-con-boxed e-con e-parent\" data-id=\"c447b6a\" data-element_type=\"container\" data-e-type=\"container\">\n\t\t\t\t\t<div class=\"e-con-inner\">\n\t\t\t\t<div class=\"elementor-element elementor-element-a67add2 elementor-widget elementor-widget-text-editor\" data-id=\"a67add2\" data-element_type=\"widget\" data-e-type=\"widget\" data-widget_type=\"text-editor.default\">\n\t\t\t\t<div class=\"elementor-widget-container\">\n\t\t\t\t\t\t\t\t\t<h1>INFORMATIONS SUR LA PROTECTION DES DONN\u00c9ES<\/h1>\n<\/p>\n<h2>Responsable : MAGMACULTURA, S.L. (B61949764)<\/h2>\n<p>Nous vous informons que vos donn\u00e9es d&rsquo;identification ainsi que le contenu des emails et fichiers joints pourront \u00eatre int\u00e9gr\u00e9s dans nos bases de donn\u00e9es aux fins d&rsquo;entretien des relations professionnelles et\/ou commerciales et qu&rsquo;ils seront conserv\u00e9s tant que la relation sera maintenue. Si vous le souhaitez, vous pouvez exercer votre droit d&rsquo;acc\u00e8s, de rectification et de suppression de vos donn\u00e9es et autres donn\u00e9es l\u00e9galement reconnues en contactant l&rsquo;e-mail \u00e9metteur ou \u00e0 <span style=\"text-decoration: underline;\"><a href=\"mailto:administracion@magmacultura.com\">administracion@magmacultura.com<\/a><\/span><\/p>\n<p>Ce message et tout document joint, le cas \u00e9ch\u00e9ant, peuvent \u00eatre confidentiels et destin\u00e9s uniquement \u00e0 la personne ou \u00e0 l&rsquo;entit\u00e9 \u00e0 laquelle il a \u00e9t\u00e9 envoy\u00e9.<\/p>\n<p>Magma Cultura, S.L..<br \/><span style=\"color: var( --e-global-color-text ); font-family: var( --e-global-typography-primary-font-family ), Sans-serif; font-size: var( --e-global-typography-primary-font-size ); font-weight: var( --e-global-typography-primary-font-weight ); letter-spacing: var( --e-global-typography-primary-letter-spacing ); text-transform: var( --e-global-typography-text-text-transform ); text-align: var(--text-align);\">C\/Corunya, 11 &#8211; 08026 Barcelona ES<\/span><\/p>\n\t\t\t\t\t\t\t\t<\/div>\n\t\t\t\t<\/div>\n\t\t\t\t\t<\/div>\n\t\t\t\t<\/div>\n\t\t\t\t<\/div>\n\t\t","protected":false},"excerpt":{"rendered":"<p>INFORMATIONS SUR LA PROTECTION DES DONN\u00c9ES Responsable : MAGMACULTURA, S.L. (B61949764) Nous vous informons que vos donn\u00e9es d&rsquo;identification ainsi que le contenu des emails et fichiers joints pourront \u00eatre int\u00e9gr\u00e9s dans nos bases de donn\u00e9es aux fins d&rsquo;entretien des relations professionnelles et\/ou commerciales et qu&rsquo;ils seront conserv\u00e9s tant que la relation sera maintenue. Si vous [&hellip;]<\/p>\n","protected":false},"author":4,"featured_media":0,"parent":0,"menu_order":0,"comment_status":"closed","ping_status":"closed","template":"","meta":{"footnotes":""},"class_list":["post-10611","page","type-page","status-publish","hentry"],"yoast_head":"<!-- This site is optimized with the Yoast SEO plugin v26.7 - https:\/\/yoast.com\/wordpress\/plugins\/seo\/ -->\n<title>Informations sur la protection des donn\u00e9es | Magmacultura<\/title>\n<meta name=\"description\" content=\"INFORMATIONS SUR LA PROTECTION DES DONN\u00c9ES Responsable : MAGMACULTURA, S.L. (B61949764) Nous vous informons que vos donn\u00e9es d&#039;identification ainsi que le\" \/>\n<meta name=\"robots\" content=\"index, follow, max-snippet:-1, max-image-preview:large, max-video-preview:-1\" \/>\n<link rel=\"canonical\" href=\"https:\/\/magmacultura.com\/fr\/informations-sur-la-protection-des-donnees\/\" \/>\n<meta property=\"og:locale\" content=\"fr_FR\" \/>\n<meta property=\"og:type\" content=\"article\" \/>\n<meta property=\"og:title\" content=\"Informations sur la protection des donn\u00e9es | Magmacultura\" \/>\n<meta property=\"og:description\" content=\"INFORMATIONS SUR LA PROTECTION DES DONN\u00c9ES Responsable : MAGMACULTURA, S.L. (B61949764) Nous vous informons que vos donn\u00e9es d&#039;identification ainsi que le\" \/>\n<meta property=\"og:url\" content=\"https:\/\/magmacultura.com\/fr\/informations-sur-la-protection-des-donnees\/\" \/>\n<meta property=\"og:site_name\" content=\"Magmacultura\" \/>\n<meta property=\"article:publisher\" content=\"https:\/\/www.facebook.com\/MagmaCultura\/\" \/>\n<meta property=\"article:modified_time\" content=\"2024-07-30T09:59:37+00:00\" \/>\n<meta name=\"twitter:card\" content=\"summary_large_image\" \/>\n<meta name=\"twitter:site\" content=\"@magmacultura\" \/>\n<meta name=\"twitter:label1\" content=\"Dur\u00e9e de lecture estim\u00e9e\" \/>\n\t<meta name=\"twitter:data1\" content=\"1 minute\" \/>\n<script type=\"application\/ld+json\" class=\"yoast-schema-graph\">{\"@context\":\"https:\/\/schema.org\",\"@graph\":[{\"@type\":\"WebPage\",\"@id\":\"https:\/\/magmacultura.com\/fr\/informations-sur-la-protection-des-donnees\/\",\"url\":\"https:\/\/magmacultura.com\/fr\/informations-sur-la-protection-des-donnees\/\",\"name\":\"Informations sur la protection des donn\u00e9es | Magmacultura\",\"isPartOf\":{\"@id\":\"https:\/\/magmacultura.com\/fr\/#website\"},\"datePublished\":\"2023-12-13T14:52:35+00:00\",\"dateModified\":\"2024-07-30T09:59:37+00:00\",\"description\":\"INFORMATIONS SUR LA PROTECTION DES DONN\u00c9ES Responsable : MAGMACULTURA, S.L. (B61949764) Nous vous informons que vos donn\u00e9es d'identification ainsi que le\",\"breadcrumb\":{\"@id\":\"https:\/\/magmacultura.com\/fr\/informations-sur-la-protection-des-donnees\/#breadcrumb\"},\"inLanguage\":\"fr-FR\",\"potentialAction\":[{\"@type\":\"ReadAction\",\"target\":[\"https:\/\/magmacultura.com\/fr\/informations-sur-la-protection-des-donnees\/\"]}]},{\"@type\":\"BreadcrumbList\",\"@id\":\"https:\/\/magmacultura.com\/fr\/informations-sur-la-protection-des-donnees\/#breadcrumb\",\"itemListElement\":[{\"@type\":\"ListItem\",\"position\":1,\"name\":\"Home\",\"item\":\"https:\/\/magmacultura.com\/fr\/\"},{\"@type\":\"ListItem\",\"position\":2,\"name\":\"Informations sur la protection des donn\u00e9es\"}]},{\"@type\":\"WebSite\",\"@id\":\"https:\/\/magmacultura.com\/fr\/#website\",\"url\":\"https:\/\/magmacultura.com\/fr\/\",\"name\":\"Magmacultura\",\"description\":\"Trabajamos para la cultura\",\"publisher\":{\"@id\":\"https:\/\/magmacultura.com\/fr\/#organization\"},\"potentialAction\":[{\"@type\":\"SearchAction\",\"target\":{\"@type\":\"EntryPoint\",\"urlTemplate\":\"https:\/\/magmacultura.com\/fr\/?s={search_term_string}\"},\"query-input\":{\"@type\":\"PropertyValueSpecification\",\"valueRequired\":true,\"valueName\":\"search_term_string\"}}],\"inLanguage\":\"fr-FR\"},{\"@type\":\"Organization\",\"@id\":\"https:\/\/magmacultura.com\/fr\/#organization\",\"name\":\"Magmacultura\",\"url\":\"https:\/\/magmacultura.com\/fr\/\",\"logo\":{\"@type\":\"ImageObject\",\"inLanguage\":\"fr-FR\",\"@id\":\"https:\/\/magmacultura.com\/fr\/#\/schema\/logo\/image\/\",\"url\":\"https:\/\/magmacultura.com\/wp-content\/uploads\/2022\/07\/logo-dark.svg\",\"contentUrl\":\"https:\/\/magmacultura.com\/wp-content\/uploads\/2022\/07\/logo-dark.svg\",\"width\":1,\"height\":1,\"caption\":\"Magmacultura\"},\"image\":{\"@id\":\"https:\/\/magmacultura.com\/fr\/#\/schema\/logo\/image\/\"},\"sameAs\":[\"https:\/\/www.facebook.com\/MagmaCultura\/\",\"https:\/\/x.com\/magmacultura\",\"https:\/\/www.linkedin.com\/company\/magmacultura.\/\",\"https:\/\/www.instagram.com\/magmacultura_\/\"]}]}<\/script>\n<!-- \/ Yoast SEO plugin. -->","yoast_head_json":{"title":"Informations sur la protection des donn\u00e9es | Magmacultura","description":"INFORMATIONS SUR LA PROTECTION DES DONN\u00c9ES Responsable : MAGMACULTURA, S.L. (B61949764) Nous vous informons que vos donn\u00e9es d'identification ainsi que le","robots":{"index":"index","follow":"follow","max-snippet":"max-snippet:-1","max-image-preview":"max-image-preview:large","max-video-preview":"max-video-preview:-1"},"canonical":"https:\/\/magmacultura.com\/fr\/informations-sur-la-protection-des-donnees\/","og_locale":"fr_FR","og_type":"article","og_title":"Informations sur la protection des donn\u00e9es | Magmacultura","og_description":"INFORMATIONS SUR LA PROTECTION DES DONN\u00c9ES Responsable : MAGMACULTURA, S.L. (B61949764) Nous vous informons que vos donn\u00e9es d'identification ainsi que le","og_url":"https:\/\/magmacultura.com\/fr\/informations-sur-la-protection-des-donnees\/","og_site_name":"Magmacultura","article_publisher":"https:\/\/www.facebook.com\/MagmaCultura\/","article_modified_time":"2024-07-30T09:59:37+00:00","twitter_card":"summary_large_image","twitter_site":"@magmacultura","twitter_misc":{"Dur\u00e9e de lecture estim\u00e9e":"1 minute"},"schema":{"@context":"https:\/\/schema.org","@graph":[{"@type":"WebPage","@id":"https:\/\/magmacultura.com\/fr\/informations-sur-la-protection-des-donnees\/","url":"https:\/\/magmacultura.com\/fr\/informations-sur-la-protection-des-donnees\/","name":"Informations sur la protection des donn\u00e9es | Magmacultura","isPartOf":{"@id":"https:\/\/magmacultura.com\/fr\/#website"},"datePublished":"2023-12-13T14:52:35+00:00","dateModified":"2024-07-30T09:59:37+00:00","description":"INFORMATIONS SUR LA PROTECTION DES DONN\u00c9ES Responsable : MAGMACULTURA, S.L. (B61949764) Nous vous informons que vos donn\u00e9es d'identification ainsi que le","breadcrumb":{"@id":"https:\/\/magmacultura.com\/fr\/informations-sur-la-protection-des-donnees\/#breadcrumb"},"inLanguage":"fr-FR","potentialAction":[{"@type":"ReadAction","target":["https:\/\/magmacultura.com\/fr\/informations-sur-la-protection-des-donnees\/"]}]},{"@type":"BreadcrumbList","@id":"https:\/\/magmacultura.com\/fr\/informations-sur-la-protection-des-donnees\/#breadcrumb","itemListElement":[{"@type":"ListItem","position":1,"name":"Home","item":"https:\/\/magmacultura.com\/fr\/"},{"@type":"ListItem","position":2,"name":"Informations sur la protection des donn\u00e9es"}]},{"@type":"WebSite","@id":"https:\/\/magmacultura.com\/fr\/#website","url":"https:\/\/magmacultura.com\/fr\/","name":"Magmacultura","description":"Trabajamos para la cultura","publisher":{"@id":"https:\/\/magmacultura.com\/fr\/#organization"},"potentialAction":[{"@type":"SearchAction","target":{"@type":"EntryPoint","urlTemplate":"https:\/\/magmacultura.com\/fr\/?s={search_term_string}"},"query-input":{"@type":"PropertyValueSpecification","valueRequired":true,"valueName":"search_term_string"}}],"inLanguage":"fr-FR"},{"@type":"Organization","@id":"https:\/\/magmacultura.com\/fr\/#organization","name":"Magmacultura","url":"https:\/\/magmacultura.com\/fr\/","logo":{"@type":"ImageObject","inLanguage":"fr-FR","@id":"https:\/\/magmacultura.com\/fr\/#\/schema\/logo\/image\/","url":"https:\/\/magmacultura.com\/wp-content\/uploads\/2022\/07\/logo-dark.svg","contentUrl":"https:\/\/magmacultura.com\/wp-content\/uploads\/2022\/07\/logo-dark.svg","width":1,"height":1,"caption":"Magmacultura"},"image":{"@id":"https:\/\/magmacultura.com\/fr\/#\/schema\/logo\/image\/"},"sameAs":["https:\/\/www.facebook.com\/MagmaCultura\/","https:\/\/x.com\/magmacultura","https:\/\/www.linkedin.com\/company\/magmacultura.\/","https:\/\/www.instagram.com\/magmacultura_\/"]}]}},"_links":{"self":[{"href":"https:\/\/magmacultura.com\/fr\/wp-json\/wp\/v2\/pages\/10611","targetHints":{"allow":["GET"]}}],"collection":[{"href":"https:\/\/magmacultura.com\/fr\/wp-json\/wp\/v2\/pages"}],"about":[{"href":"https:\/\/magmacultura.com\/fr\/wp-json\/wp\/v2\/types\/page"}],"author":[{"embeddable":true,"href":"https:\/\/magmacultura.com\/fr\/wp-json\/wp\/v2\/users\/4"}],"replies":[{"embeddable":true,"href":"https:\/\/magmacultura.com\/fr\/wp-json\/wp\/v2\/comments?post=10611"}],"version-history":[{"count":4,"href":"https:\/\/magmacultura.com\/fr\/wp-json\/wp\/v2\/pages\/10611\/revisions"}],"predecessor-version":[{"id":11289,"href":"https:\/\/magmacultura.com\/fr\/wp-json\/wp\/v2\/pages\/10611\/revisions\/11289"}],"wp:attachment":[{"href":"https:\/\/magmacultura.com\/fr\/wp-json\/wp\/v2\/media?parent=10611"}],"curies":[{"name":"wp","href":"https:\/\/api.w.org\/{rel}","templated":true}]}}