{"id":11213,"date":"2022-08-18T00:43:25","date_gmt":"2022-08-17T22:43:25","guid":{"rendered":"https:\/\/magmacultura.com\/qualidade-e-meio-ambiente\/"},"modified":"2024-07-29T15:22:37","modified_gmt":"2024-07-29T13:22:37","slug":"qualidade-e-meio-ambiente","status":"publish","type":"page","link":"https:\/\/magmacultura.com\/pt-pt\/qualidade-e-meio-ambiente\/","title":{"rendered":"Qualidade e Meio Ambiente"},"content":{"rendered":"\t\t<div data-elementor-type=\"wp-page\" data-elementor-id=\"11213\" class=\"elementor elementor-11213 elementor-4548\" data-elementor-post-type=\"page\">\n\t\t\t\t<div class=\"elementor-element elementor-element-c447b6a e-flex e-con-boxed e-con e-parent\" data-id=\"c447b6a\" data-element_type=\"container\" data-e-type=\"container\">\n\t\t\t\t\t<div class=\"e-con-inner\">\n\t\t\t\t<div class=\"elementor-element elementor-element-a67add2 elementor-widget elementor-widget-text-editor\" data-id=\"a67add2\" data-element_type=\"widget\" data-e-type=\"widget\" data-widget_type=\"text-editor.default\">\n\t\t\t\t<div class=\"elementor-widget-container\">\n\t\t\t\t\t\t\t\t\t<h1>Qualidade e Meio Ambiente<\/h1>\n<h2>Pol\u00edtica do Sistema Integral de Gest\u00e3o da Magmacultura<\/h2>\n<\/p>\n<p>A miss\u00e3o principal da MAGMACULTURA, S.L. \u00e9 descrita nos seguintes pontos:<\/p>\n<p>\u2022 Implementa\u00e7\u00e3o e gest\u00e3o aut\u00f3noma integral de equipas e projetos em equipamentos culturais e espa\u00e7os tur\u00edsticos.<\/p>\n<p>\u2022 Realiza\u00e7\u00e3o de programas de difus\u00e3o cultural, incluindo a elabora\u00e7\u00e3o dos materiais e a realiza\u00e7\u00e3o das atividades de dinamiza\u00e7\u00e3o derivadas.<\/p>\n<p>\u2022 Produ\u00e7\u00e3o e realiza\u00e7\u00e3o de eventos culturais, l\u00fadicos ou de conte\u00fado social ou corporativo para institui\u00e7\u00f5es e entidades p\u00fablicas.<\/p>\n<p>\u2022 Design e implementa\u00e7\u00e3o de projetos sob medida no \u00e2mbito dos Arquivos e da Gest\u00e3o Documental.<\/p>\n<p>\u2022 Gest\u00e3o integral de servi\u00e7os e fornecimento de pessoal especializado para a gest\u00e3o de Arquivos.<\/p>\n<\/p>\n<p>A nossa miss\u00e3o \u00e9 constituirmo-nos como colaboradores ativos dos nossos clientes nos processos de gest\u00e3o e realiza\u00e7\u00e3o daquelas atividades que, por qualquer motivo, t\u00eam de realizar com recursos externos, proporcionando, dada a nossa especializa\u00e7\u00e3o, melhorias em termos de qualidade, efic\u00e1cia e efici\u00eancia.<\/p>\n<p>Como profissionais da cultura e da gest\u00e3o documental, queremos tornar-nos uma refer\u00eancia no \u00e2mbito da gest\u00e3o cultural, trazendo as nossas ideias e solu\u00e7\u00f5es, bem como contribuindo para consolidar um modelo de setor com responsabilidade partilhada entre agentes p\u00fablicos e privados no que se refere a crescimento, inova\u00e7\u00e3o, qualidade e sustentabilidade.<br \/>Os nossos \u00e2mbitos de atua\u00e7\u00e3o s\u00e3o aqueles onde os recursos culturais, patrimoniais, educativos e tur\u00edsticos se encontram com o seu p\u00fablico. Identificamo-nos com a miss\u00e3o e os valores dos nossos clientes: especializa\u00e7\u00e3o e sensibilidade cultural, transversalidade e autonomia de gest\u00e3o.  <\/p>\n<p>A MAGMACULTURA, S.L. entende que a Qualidade implica um esfor\u00e7o cont\u00ednuo para alcan\u00e7ar o seu principal objetivo de dar plena satisfa\u00e7\u00e3o ao cliente. Em consequ\u00eancia, estabelece a sua estrat\u00e9gia e pol\u00edtica de Qualidade que aplicar\u00e1 aos seus servi\u00e7os e processos. <\/p>\n<p>A dire\u00e7\u00e3o da MAGMACULTURA, S.L. define a sua Pol\u00edtica do Sistema Integrado de Gest\u00e3o como parte integrante da Pol\u00edtica geral da MAGMACULTURA, S.L. e compromete-se a cumprir, divulgar e assegurar o cumprimento por parte de todo o pessoal.<\/p>\n<p>A Dire\u00e7\u00e3o assume, desta forma, como responsabilidade e objetivos priorit\u00e1rios, a implementa\u00e7\u00e3o do Plano e o design, desenvolvimento e manuten\u00e7\u00e3o deste Sistema de Garantia de Qualidade, Meio Ambiente e Seguran\u00e7a e Sa\u00fade no trabalho e Gest\u00e3o de Documentos, ao qual fornecer\u00e1 os recursos necess\u00e1rios.<\/p>\n<p>Para alcan\u00e7ar estes objetivos, a MAGMACULTURA, S.L. disp\u00f5e de pessoal altamente motivado e qualificado que, atrav\u00e9s da forma\u00e7\u00e3o adequada e por meio de instru\u00e7\u00f5es escritas, pode realizar as tarefas atribu\u00eddas.<\/p>\n<p>Os objetivos fundamentais deste Sistema Integrado de Gest\u00e3o s\u00e3o alcan\u00e7ar a m\u00e1xima satisfa\u00e7\u00e3o do cliente, mediante a determina\u00e7\u00e3o e cumprimento dos requisitos estabelecidos e a adequa\u00e7\u00e3o ao uso dos nossos produtos e servi\u00e7os. A preven\u00e7\u00e3o de qualquer n\u00e3o-conformidade \u00e9 estabelecida como prioridade no sistema, de modo que a aus\u00eancia de defeitos ou a sua dete\u00e7\u00e3o precoce e a nossa orienta\u00e7\u00e3o para o cliente nos permita ocupar permanentemente uma posi\u00e7\u00e3o de destaque como empresa dedicada aos SERVI\u00c7OS CULTURAIS e \u00e0 GEST\u00c3O DOCUMENTAL. <\/p>\n<p>Como forma de expressar o seu compromisso com a qualidade, o Sistema SIG da MAGMACULTURA, S.L. est\u00e1 baseado nas normas UNE-EN-ISO-9001:2015, UNE-EN-ISO-14001:2015, ISO-45001:2018 e UNE-EN-ISO 30301:2011.<\/p>\n<\/p>\n<p>Por meio deste documento, esta Dire\u00e7\u00e3o deseja transmitir a todos os integrantes do Grupo Empresarial MAGMACULTURA, S.L. o compromisso assumido na Pol\u00edtica de Qualidade, Meio Ambiente e Seguran\u00e7a e Sa\u00fade no Trabalho e Gest\u00e3o de Documentos, e estender a todos os seus fornecedores, colaboradores, clientes e parceiros o pedido de coopera\u00e7\u00e3o a fim de oferecer servi\u00e7os sem defeitos, garantindo sempre a plena satisfa\u00e7\u00e3o daqueles que ir\u00e3o utiliz\u00e1-los.<\/p>\n<p>Al\u00e9m disso, a MAGMACULTURA, S.L. tem como princ\u00edpios fundamentais a preserva\u00e7\u00e3o do meio ambiente e o bem-estar, seguran\u00e7a e sa\u00fade no trabalho dos seus profissionais. Em consequ\u00eancia, manifestamos e assumimos os seguintes compromissos e princ\u00edpios ambientais e de seguran\u00e7a e sa\u00fade no trabalho: <\/p>\n<ul>\n<li>Desenvolver todas as atividades relacionadas com os SERVI\u00c7OS E PROJETOS CULTURAIS e a GEST\u00c3O DOCUMENTAL de forma a contribuir positivamente para o comportamento ambiental associado aos seus servi\u00e7os e instala\u00e7\u00f5es, prestando especial aten\u00e7\u00e3o \u00e0 prote\u00e7\u00e3o do meio ambiente, dos seus clientes e do p\u00fablico em geral.<\/li>\n<li>Desenvolver todas as atividades relacionadas com os SERVI\u00c7OS e PROJETOS CULTURAIS e a GEST\u00c3O DOCUMENTAL, controlando de forma cont\u00ednua todas as medidas necess\u00e1rias para assegurar aos nossos trabalhadores e a todos os nossos colaboradores condi\u00e7\u00f5es \u00f3timas de seguran\u00e7a e sa\u00fade no trabalho.\n<\/li>\n<\/ul>\n<p>\u00c9 por isso que contamos com o compromisso de todos para cumprir com esta miss\u00e3o e com a sua ferramenta b\u00e1sica, o Sistema Integrado de Gest\u00e3o, e manifestamos a convic\u00e7\u00e3o de que:<\/p>\n<ul>\n<li>Qualidade \u00e9 conhecer o nosso cliente, as suas necessidades e expectativas. Um cliente satisfeito \u00e9 o ativo mais importante da empresa, e a sua fideliza\u00e7\u00e3o \u00e9 a nossa principal vantagem competitiva. <\/li>\n<li>Qualidade \u00e9 adaptar-se \u00e0s necessidades dos nossos clientes e oferecer produtos s\u00f3lidos que possam prevenir incidentes futuros.<\/li>\n<li>A obten\u00e7\u00e3o da m\u00e1xima Qualidade ser\u00e1 sempre um objetivo cont\u00ednuo da MAGMACULTURA, S.L. Aprender-se-\u00e1 com os erros para melhorar, e ser\u00e1 feito todo o esfor\u00e7o para localizar as causas que os produziram, de modo a evitar que se repitam.<\/li>\n<\/ul>\n<p>Desta forma, a MAGMACULTURA, S.L. assume como principais objetivos:<\/p>\n<ul>\n<li>Continuar a cuidar dos nossos clientes habituais e crescer passo a passo para n\u00e3o afetar a qualidade dos nossos servi\u00e7os, consolidando-nos assim cada vez mais no nosso setor.<\/li>\n<li>Melhorar em todos os \u00e2mbitos empresariais para prestar um servi\u00e7o de melhor qualidade e, assim, conseguir adaptar-nos \u00e0s expectativas dos nossos clientes, satisfazendo as suas necessidades em todos os momentos.<\/li>\n<li>Reduzir e gerir corretamente a produ\u00e7\u00e3o de res\u00edduos e emiss\u00f5es, bem como o consumo de recursos (materiais, combust\u00edveis e energia).<\/li>\n<li>Manter um controlo permanente do cumprimento legislativo, colaborando com as Administra\u00e7\u00f5es com compet\u00eancias ambientais e em seguran\u00e7a e sa\u00fade, bem como outros requisitos que a Empresa subscreva.<\/li>\n<li>Melhoria cont\u00ednua do sistema integrado de Qualidade, Ambiente e Seguran\u00e7a.<\/li>\n<li>Prevenir a polui\u00e7\u00e3o.<\/li>\n<li>Promover a forma\u00e7\u00e3o de todos os trabalhadores.<\/li>\n<li>Envolver os nossos fornecedores no cuidado e nas boas pr\u00e1ticas ambientais.<\/li>\n<li>Promover o uso racional e a economia de energia entre os utilizadores e a sociedade em geral.<\/li>\n<li>Proporcionar condi\u00e7\u00f5es de trabalho seguras e saud\u00e1veis para a preven\u00e7\u00e3o de les\u00f5es e deteriora\u00e7\u00e3o da sa\u00fade dos nossos trabalhadores, dos que trabalham em nosso nome e para n\u00f3s mesmos.<\/li>\n<li>Eliminar os perigos e reduzir os riscos para a seguran\u00e7a e sa\u00fade no trabalho.<\/li>\n<li>Promover a forma\u00e7\u00e3o e informa\u00e7\u00e3o, assim como a participa\u00e7\u00e3o de todos os trabalhadores no sistema de gest\u00e3o de Seguran\u00e7a e Sa\u00fade.<\/li>\n<li>Promover a consulta, participa\u00e7\u00e3o e comunica\u00e7\u00e3o em todos os n\u00edveis da empresa para transmitir as preocupa\u00e7\u00f5es que afetam o bem-estar dos trabalhadores.<\/li>\n<li>Melhorar a gest\u00e3o documental, com a cria\u00e7\u00e3o de documentos aut\u00eanticos, fi\u00e1veis e utiliz\u00e1veis.<\/li>\n<li>Proteger a seguran\u00e7a e a integridade dos documentos.<\/li>\n<li>Promover a forma\u00e7\u00e3o e a conscientiza\u00e7\u00e3o dos trabalhadores em gest\u00e3o documental.<\/li>\n<\/ul>\n<p>A Dire\u00e7\u00e3o tem a responsabilidade \u00faltima sobre a obten\u00e7\u00e3o dos Objetivos de Qualidade propostos e, nesse sentido, s\u00e3o providenciados todos os meios humanos, materiais e econ\u00f3micos necess\u00e1rios para alcan\u00e7\u00e1-los, cumprindo rigorosamente os requisitos legais e outros requisitos aplic\u00e1veis. Al\u00e9m disso, a Dire\u00e7\u00e3o apoia e fornece todos os meios e recursos necess\u00e1rios para o cuidado do Meio Ambiente e para preservar e melhorar continuamente a Seguran\u00e7a e Sa\u00fade durante o desenvolvimento do trabalho, bem como para assegurar a correta Gest\u00e3o de Documentos. <\/p>\n<p>A Dire\u00e7\u00e3o<\/p>\n<p>Barcelona, janeiro de 2020<\/p>\n\t\t\t\t\t\t\t\t<\/div>\n\t\t\t\t<\/div>\n\t\t\t\t\t<\/div>\n\t\t\t\t<\/div>\n\t\t\t\t<\/div>\n\t\t","protected":false},"excerpt":{"rendered":"<p>Qualidade e Meio Ambiente Pol\u00edtica do Sistema Integral de Gest\u00e3o da Magmacultura A miss\u00e3o principal da MAGMACULTURA, S.L. \u00e9 descrita nos seguintes pontos: \u2022 Implementa\u00e7\u00e3o e gest\u00e3o aut\u00f3noma integral de equipas e projetos em equipamentos culturais e espa\u00e7os tur\u00edsticos. \u2022 Realiza\u00e7\u00e3o de programas de difus\u00e3o cultural, incluindo a elabora\u00e7\u00e3o dos materiais e a realiza\u00e7\u00e3o das [&hellip;]<\/p>\n","protected":false},"author":4,"featured_media":0,"parent":0,"menu_order":0,"comment_status":"closed","ping_status":"closed","template":"","meta":{"footnotes":""},"class_list":["post-11213","page","type-page","status-publish","hentry"],"yoast_head":"<!-- This site is optimized with the Yoast SEO plugin v27.4 - https:\/\/yoast.com\/product\/yoast-seo-wordpress\/ -->\n<title>Qualidade e Meio Ambiente | Magmacultura<\/title>\n<meta name=\"description\" content=\"Qualidade e Meio Ambiente Pol\u00edtica do Sistema Integral de Gest\u00e3o da Magmacultura A miss\u00e3o principal da MAGMACULTURA, S.L. \u00e9 descrita nos seguintes pontos:\" \/>\n<meta name=\"robots\" content=\"index, follow, max-snippet:-1, max-image-preview:large, max-video-preview:-1\" \/>\n<link rel=\"canonical\" href=\"https:\/\/magmacultura.com\/pt-pt\/qualidade-e-meio-ambiente\/\" \/>\n<meta property=\"og:locale\" content=\"pt_PT\" \/>\n<meta property=\"og:type\" content=\"article\" \/>\n<meta property=\"og:title\" content=\"Qualidade e Meio Ambiente | Magmacultura\" \/>\n<meta property=\"og:description\" content=\"Qualidade e Meio Ambiente Pol\u00edtica do Sistema Integral de Gest\u00e3o da Magmacultura A miss\u00e3o principal da MAGMACULTURA, S.L. \u00e9 descrita nos seguintes pontos:\" \/>\n<meta property=\"og:url\" content=\"https:\/\/magmacultura.com\/pt-pt\/qualidade-e-meio-ambiente\/\" \/>\n<meta property=\"og:site_name\" content=\"Magmacultura\" \/>\n<meta property=\"article:publisher\" content=\"https:\/\/www.facebook.com\/MagmaCultura\/\" \/>\n<meta property=\"article:modified_time\" content=\"2024-07-29T13:22:37+00:00\" \/>\n<meta name=\"twitter:card\" content=\"summary_large_image\" \/>\n<meta name=\"twitter:site\" content=\"@magmacultura\" \/>\n<meta name=\"twitter:label1\" content=\"Tempo estimado de leitura\" \/>\n\t<meta name=\"twitter:data1\" content=\"7 minutos\" \/>\n<script type=\"application\/ld+json\" class=\"yoast-schema-graph\">{\"@context\":\"https:\\\/\\\/schema.org\",\"@graph\":[{\"@type\":\"WebPage\",\"@id\":\"https:\\\/\\\/magmacultura.com\\\/pt-pt\\\/qualidade-e-meio-ambiente\\\/\",\"url\":\"https:\\\/\\\/magmacultura.com\\\/pt-pt\\\/qualidade-e-meio-ambiente\\\/\",\"name\":\"Qualidade e Meio Ambiente | Magmacultura\",\"isPartOf\":{\"@id\":\"https:\\\/\\\/magmacultura.com\\\/pt-pt\\\/#website\"},\"datePublished\":\"2022-08-17T22:43:25+00:00\",\"dateModified\":\"2024-07-29T13:22:37+00:00\",\"description\":\"Qualidade e Meio Ambiente Pol\u00edtica do Sistema Integral de Gest\u00e3o da Magmacultura A miss\u00e3o principal da MAGMACULTURA, S.L. \u00e9 descrita nos seguintes pontos:\",\"breadcrumb\":{\"@id\":\"https:\\\/\\\/magmacultura.com\\\/pt-pt\\\/qualidade-e-meio-ambiente\\\/#breadcrumb\"},\"inLanguage\":\"pt-PT\",\"potentialAction\":[{\"@type\":\"ReadAction\",\"target\":[\"https:\\\/\\\/magmacultura.com\\\/pt-pt\\\/qualidade-e-meio-ambiente\\\/\"]}]},{\"@type\":\"BreadcrumbList\",\"@id\":\"https:\\\/\\\/magmacultura.com\\\/pt-pt\\\/qualidade-e-meio-ambiente\\\/#breadcrumb\",\"itemListElement\":[{\"@type\":\"ListItem\",\"position\":1,\"name\":\"Home\",\"item\":\"https:\\\/\\\/magmacultura.com\\\/pt-pt\\\/\"},{\"@type\":\"ListItem\",\"position\":2,\"name\":\"Qualidade e Meio Ambiente\"}]},{\"@type\":\"WebSite\",\"@id\":\"https:\\\/\\\/magmacultura.com\\\/pt-pt\\\/#website\",\"url\":\"https:\\\/\\\/magmacultura.com\\\/pt-pt\\\/\",\"name\":\"Magmacultura\",\"description\":\"Trabajamos para la cultura\",\"publisher\":{\"@id\":\"https:\\\/\\\/magmacultura.com\\\/pt-pt\\\/#organization\"},\"potentialAction\":[{\"@type\":\"SearchAction\",\"target\":{\"@type\":\"EntryPoint\",\"urlTemplate\":\"https:\\\/\\\/magmacultura.com\\\/pt-pt\\\/?s={search_term_string}\"},\"query-input\":{\"@type\":\"PropertyValueSpecification\",\"valueRequired\":true,\"valueName\":\"search_term_string\"}}],\"inLanguage\":\"pt-PT\"},{\"@type\":\"Organization\",\"@id\":\"https:\\\/\\\/magmacultura.com\\\/pt-pt\\\/#organization\",\"name\":\"Magmacultura\",\"url\":\"https:\\\/\\\/magmacultura.com\\\/pt-pt\\\/\",\"logo\":{\"@type\":\"ImageObject\",\"inLanguage\":\"pt-PT\",\"@id\":\"https:\\\/\\\/magmacultura.com\\\/pt-pt\\\/#\\\/schema\\\/logo\\\/image\\\/\",\"url\":\"https:\\\/\\\/magmacultura.com\\\/wp-content\\\/uploads\\\/2022\\\/07\\\/logo-dark.svg\",\"contentUrl\":\"https:\\\/\\\/magmacultura.com\\\/wp-content\\\/uploads\\\/2022\\\/07\\\/logo-dark.svg\",\"width\":1,\"height\":1,\"caption\":\"Magmacultura\"},\"image\":{\"@id\":\"https:\\\/\\\/magmacultura.com\\\/pt-pt\\\/#\\\/schema\\\/logo\\\/image\\\/\"},\"sameAs\":[\"https:\\\/\\\/www.facebook.com\\\/MagmaCultura\\\/\",\"https:\\\/\\\/x.com\\\/magmacultura\",\"https:\\\/\\\/www.linkedin.com\\\/company\\\/magmacultura.\\\/\",\"https:\\\/\\\/www.instagram.com\\\/magmacultura_\\\/\"]}]}<\/script>\n<!-- \/ Yoast SEO plugin. -->","yoast_head_json":{"title":"Qualidade e Meio Ambiente | Magmacultura","description":"Qualidade e Meio Ambiente Pol\u00edtica do Sistema Integral de Gest\u00e3o da Magmacultura A miss\u00e3o principal da MAGMACULTURA, S.L. \u00e9 descrita nos seguintes pontos:","robots":{"index":"index","follow":"follow","max-snippet":"max-snippet:-1","max-image-preview":"max-image-preview:large","max-video-preview":"max-video-preview:-1"},"canonical":"https:\/\/magmacultura.com\/pt-pt\/qualidade-e-meio-ambiente\/","og_locale":"pt_PT","og_type":"article","og_title":"Qualidade e Meio Ambiente | Magmacultura","og_description":"Qualidade e Meio Ambiente Pol\u00edtica do Sistema Integral de Gest\u00e3o da Magmacultura A miss\u00e3o principal da MAGMACULTURA, S.L. \u00e9 descrita nos seguintes pontos:","og_url":"https:\/\/magmacultura.com\/pt-pt\/qualidade-e-meio-ambiente\/","og_site_name":"Magmacultura","article_publisher":"https:\/\/www.facebook.com\/MagmaCultura\/","article_modified_time":"2024-07-29T13:22:37+00:00","twitter_card":"summary_large_image","twitter_site":"@magmacultura","twitter_misc":{"Tempo estimado de leitura":"7 minutos"},"schema":{"@context":"https:\/\/schema.org","@graph":[{"@type":"WebPage","@id":"https:\/\/magmacultura.com\/pt-pt\/qualidade-e-meio-ambiente\/","url":"https:\/\/magmacultura.com\/pt-pt\/qualidade-e-meio-ambiente\/","name":"Qualidade e Meio Ambiente | Magmacultura","isPartOf":{"@id":"https:\/\/magmacultura.com\/pt-pt\/#website"},"datePublished":"2022-08-17T22:43:25+00:00","dateModified":"2024-07-29T13:22:37+00:00","description":"Qualidade e Meio Ambiente Pol\u00edtica do Sistema Integral de Gest\u00e3o da Magmacultura A miss\u00e3o principal da MAGMACULTURA, S.L. \u00e9 descrita nos seguintes pontos:","breadcrumb":{"@id":"https:\/\/magmacultura.com\/pt-pt\/qualidade-e-meio-ambiente\/#breadcrumb"},"inLanguage":"pt-PT","potentialAction":[{"@type":"ReadAction","target":["https:\/\/magmacultura.com\/pt-pt\/qualidade-e-meio-ambiente\/"]}]},{"@type":"BreadcrumbList","@id":"https:\/\/magmacultura.com\/pt-pt\/qualidade-e-meio-ambiente\/#breadcrumb","itemListElement":[{"@type":"ListItem","position":1,"name":"Home","item":"https:\/\/magmacultura.com\/pt-pt\/"},{"@type":"ListItem","position":2,"name":"Qualidade e Meio Ambiente"}]},{"@type":"WebSite","@id":"https:\/\/magmacultura.com\/pt-pt\/#website","url":"https:\/\/magmacultura.com\/pt-pt\/","name":"Magmacultura","description":"Trabajamos para la cultura","publisher":{"@id":"https:\/\/magmacultura.com\/pt-pt\/#organization"},"potentialAction":[{"@type":"SearchAction","target":{"@type":"EntryPoint","urlTemplate":"https:\/\/magmacultura.com\/pt-pt\/?s={search_term_string}"},"query-input":{"@type":"PropertyValueSpecification","valueRequired":true,"valueName":"search_term_string"}}],"inLanguage":"pt-PT"},{"@type":"Organization","@id":"https:\/\/magmacultura.com\/pt-pt\/#organization","name":"Magmacultura","url":"https:\/\/magmacultura.com\/pt-pt\/","logo":{"@type":"ImageObject","inLanguage":"pt-PT","@id":"https:\/\/magmacultura.com\/pt-pt\/#\/schema\/logo\/image\/","url":"https:\/\/magmacultura.com\/wp-content\/uploads\/2022\/07\/logo-dark.svg","contentUrl":"https:\/\/magmacultura.com\/wp-content\/uploads\/2022\/07\/logo-dark.svg","width":1,"height":1,"caption":"Magmacultura"},"image":{"@id":"https:\/\/magmacultura.com\/pt-pt\/#\/schema\/logo\/image\/"},"sameAs":["https:\/\/www.facebook.com\/MagmaCultura\/","https:\/\/x.com\/magmacultura","https:\/\/www.linkedin.com\/company\/magmacultura.\/","https:\/\/www.instagram.com\/magmacultura_\/"]}]}},"_links":{"self":[{"href":"https:\/\/magmacultura.com\/pt-pt\/wp-json\/wp\/v2\/pages\/11213","targetHints":{"allow":["GET"]}}],"collection":[{"href":"https:\/\/magmacultura.com\/pt-pt\/wp-json\/wp\/v2\/pages"}],"about":[{"href":"https:\/\/magmacultura.com\/pt-pt\/wp-json\/wp\/v2\/types\/page"}],"author":[{"embeddable":true,"href":"https:\/\/magmacultura.com\/pt-pt\/wp-json\/wp\/v2\/users\/4"}],"replies":[{"embeddable":true,"href":"https:\/\/magmacultura.com\/pt-pt\/wp-json\/wp\/v2\/comments?post=11213"}],"version-history":[{"count":1,"href":"https:\/\/magmacultura.com\/pt-pt\/wp-json\/wp\/v2\/pages\/11213\/revisions"}],"predecessor-version":[{"id":11214,"href":"https:\/\/magmacultura.com\/pt-pt\/wp-json\/wp\/v2\/pages\/11213\/revisions\/11214"}],"wp:attachment":[{"href":"https:\/\/magmacultura.com\/pt-pt\/wp-json\/wp\/v2\/media?parent=11213"}],"curies":[{"name":"wp","href":"https:\/\/api.w.org\/{rel}","templated":true}]}}