{"id":11229,"date":"2022-01-01T11:13:01","date_gmt":"2022-01-01T09:13:01","guid":{"rendered":"https:\/\/magmacultura.com\/canal-etico-2\/"},"modified":"2024-07-30T11:00:15","modified_gmt":"2024-07-30T09:00:15","slug":"canal-etico","status":"publish","type":"page","link":"https:\/\/magmacultura.com\/pt-pt\/canal-etico\/","title":{"rendered":"Canal \u00c9tico"},"content":{"rendered":"\t\t<div data-elementor-type=\"wp-page\" data-elementor-id=\"11229\" class=\"elementor elementor-11229 elementor-10416\" data-elementor-post-type=\"page\">\n\t\t\t\t\t\t<section class=\"elementor-section elementor-top-section elementor-element elementor-element-17e6ecb1 elementor-section-boxed elementor-section-height-default elementor-section-height-default\" data-id=\"17e6ecb1\" data-element_type=\"section\" data-e-type=\"section\">\n\t\t\t\t\t\t<div class=\"elementor-container elementor-column-gap-default\">\n\t\t\t\t\t<div class=\"elementor-column elementor-col-100 elementor-top-column elementor-element elementor-element-5ddfb349\" data-id=\"5ddfb349\" data-element_type=\"column\" data-e-type=\"column\">\n\t\t\t<div class=\"elementor-widget-wrap elementor-element-populated\">\n\t\t\t\t\t\t<div class=\"elementor-element elementor-element-48b04205 elementor-widget elementor-widget-text-editor\" data-id=\"48b04205\" data-element_type=\"widget\" data-e-type=\"widget\" data-widget_type=\"text-editor.default\">\n\t\t\t\t<div class=\"elementor-widget-container\">\n\t\t\t\t\t\t\t\t\t<h1>CANAL \u00c9TICO<\/h1>\n<p>Nosso recurso e canal confidencial para apresentar reclama\u00e7\u00f5es e den\u00fancias em conformidade com a Lei 2\/2023, reguladora da prote\u00e7\u00e3o das pessoas que informem sobre infra\u00e7\u00f5es normativas e de combate \u00e0 corrup\u00e7\u00e3o.<\/p>\n<p>Algumas das situa\u00e7\u00f5es que podem ser denunciadas por esta via s\u00e3o:<\/p>\n<p>\u2022 poss\u00edveis condutas e comportamentos considerados ilegais no desempenho do trabalho,<br \/>\u2022 presum\u00edvel gest\u00e3o lucrativa de recursos da empresa,<br \/>\u2022 situa\u00e7\u00f5es de discrimina\u00e7\u00e3o ou abuso sexual,<br \/>\u2022 pr\u00e1ticas de corrup\u00e7\u00e3o, roubos, fraudes, etc.<\/p>\n<p><strong>Quem pode apresentar uma comunica\u00e7\u00e3o?<\/strong><br \/>Qualquer pessoa da empresa e aquelas pessoas externas que estejam ou tenham estado vinculadas ou relacionadas com a mesma em um contexto laboral ou profissional.<br \/><strong>Como posso realizar uma comunica\u00e7\u00e3o?<\/strong><br \/>Pode ser feita de forma verbal, escrita ou presencial seguindo os passos indicados no formul\u00e1rio do Canal confidencial de den\u00fancias. Al\u00e9m disso, a comunica\u00e7\u00e3o pode ser an\u00f4nima. <br \/><strong>Como ser\u00e1 tramitada a comunica\u00e7\u00e3o?<br \/><\/strong> Ser\u00e1 tramitada garantindo a confidencialidade e a proibi\u00e7\u00e3o de repres\u00e1lias \u00e0 pessoa informante.<\/p>\n<p><strong>Garantia de confidencialidade da pessoa informante<\/strong> <br \/>O sistema interno de informa\u00e7\u00e3o re\u00fane as garantias de confidencialidade, aus\u00eancia de repres\u00e1lias, respeito \u00e0 independ\u00eancia, prote\u00e7\u00e3o de dados, sigilo das comunica\u00e7\u00f5es e as pr\u00e1ticas corretas de acompanhamento, investiga\u00e7\u00e3o e prote\u00e7\u00e3o da pessoa informante.<\/p>\n<p>Certificamos que todos os meios colocados \u00e0 disposi\u00e7\u00e3o para apresentar a den\u00fancia passam por um filtro pr\u00e9vio por parte de Lant Advogados para garantir a confidencialidade da den\u00fancia e que esta seja remetida a um interlocutor v\u00e1lido da entidade denunciada.<\/p>\n<p><u><a href=\"https:\/\/canal-etico.lant-abogados.com\/Specific\/MVistaPublica?codiClient=MDAxMjcz&amp;secure=119027.0\"><a href=\"https:\/\/canal-etico.lant-abogados.com\/Specific\/MVistaPublica?codiClient=MDAxMjcz&amp;secure=119027.0\">Acesso ao canal \u00e9tico da Magmacultura<\/a><\/a><\/u><a href=\"https:\/\/canal-etico.lant-abogados.com\/Specific\/MVistaPublica?codiClient=MDAxMjcz&amp;secure=119027.0\">  <\/a><u><a href=\"https:\/\/canal-etico.lant-abogados.com\/Specific\/MVistaPublica?codiClient=MDAxMjcz&amp;secure=119027.0\"><img loading=\"lazy\" decoding=\"async\" class=\"alignnone wp-image-10507\" src=\"https:\/\/magmacultura.com\/wp-content\/uploads\/2023\/10\/flecha2.png\" alt=\"\" width=\"34\" height=\"27\"><\/a><\/u><\/p>\n\t\t\t\t\t\t\t\t<\/div>\n\t\t\t\t<\/div>\n\t\t\t\t\t<\/div>\n\t\t<\/div>\n\t\t\t\t\t<\/div>\n\t\t<\/section>\n\t\t\t\t<\/div>\n\t\t","protected":false},"excerpt":{"rendered":"<p>CANAL \u00c9TICO Nosso recurso e canal confidencial para apresentar reclama\u00e7\u00f5es e den\u00fancias em conformidade com a Lei 2\/2023, reguladora da prote\u00e7\u00e3o das pessoas que informem sobre infra\u00e7\u00f5es normativas e de combate \u00e0 corrup\u00e7\u00e3o. Algumas das situa\u00e7\u00f5es que podem ser denunciadas por esta via s\u00e3o: \u2022 poss\u00edveis condutas e comportamentos considerados ilegais no desempenho do trabalho,\u2022 [&hellip;]<\/p>\n","protected":false},"author":4,"featured_media":0,"parent":0,"menu_order":0,"comment_status":"closed","ping_status":"closed","template":"","meta":{"footnotes":""},"class_list":["post-11229","page","type-page","status-publish","hentry"],"yoast_head":"<!-- This site is optimized with the Yoast SEO plugin v27.4 - https:\/\/yoast.com\/product\/yoast-seo-wordpress\/ -->\n<title>Canal \u00c9tico | Magmacultura<\/title>\n<meta name=\"description\" content=\"CANAL \u00c9TICO Nosso recurso e canal confidencial para apresentar reclama\u00e7\u00f5es e den\u00fancias em conformidade com a Lei 2\/2023, reguladora da prote\u00e7\u00e3o das\" \/>\n<meta name=\"robots\" content=\"index, follow, max-snippet:-1, max-image-preview:large, max-video-preview:-1\" \/>\n<link rel=\"canonical\" href=\"https:\/\/magmacultura.com\/pt-pt\/canal-etico\/\" \/>\n<meta property=\"og:locale\" content=\"pt_PT\" \/>\n<meta property=\"og:type\" content=\"article\" \/>\n<meta property=\"og:title\" content=\"Canal \u00c9tico | Magmacultura\" \/>\n<meta property=\"og:description\" content=\"CANAL \u00c9TICO Nosso recurso e canal confidencial para apresentar reclama\u00e7\u00f5es e den\u00fancias em conformidade com a Lei 2\/2023, reguladora da prote\u00e7\u00e3o das\" \/>\n<meta property=\"og:url\" content=\"https:\/\/magmacultura.com\/pt-pt\/canal-etico\/\" \/>\n<meta property=\"og:site_name\" content=\"Magmacultura\" \/>\n<meta property=\"article:publisher\" content=\"https:\/\/www.facebook.com\/MagmaCultura\/\" \/>\n<meta property=\"article:modified_time\" content=\"2024-07-30T09:00:15+00:00\" \/>\n<meta property=\"og:image\" content=\"https:\/\/magmacultura.com\/wp-content\/uploads\/2023\/10\/flecha2.png\" \/>\n<meta name=\"twitter:card\" content=\"summary_large_image\" \/>\n<meta name=\"twitter:site\" content=\"@magmacultura\" \/>\n<meta name=\"twitter:label1\" content=\"Tempo estimado de leitura\" \/>\n\t<meta name=\"twitter:data1\" content=\"2 minutos\" \/>\n<script type=\"application\/ld+json\" class=\"yoast-schema-graph\">{\"@context\":\"https:\\\/\\\/schema.org\",\"@graph\":[{\"@type\":\"WebPage\",\"@id\":\"https:\\\/\\\/magmacultura.com\\\/pt-pt\\\/canal-etico\\\/\",\"url\":\"https:\\\/\\\/magmacultura.com\\\/pt-pt\\\/canal-etico\\\/\",\"name\":\"Canal \u00c9tico | Magmacultura\",\"isPartOf\":{\"@id\":\"https:\\\/\\\/magmacultura.com\\\/pt-pt\\\/#website\"},\"primaryImageOfPage\":{\"@id\":\"https:\\\/\\\/magmacultura.com\\\/pt-pt\\\/canal-etico\\\/#primaryimage\"},\"image\":{\"@id\":\"https:\\\/\\\/magmacultura.com\\\/pt-pt\\\/canal-etico\\\/#primaryimage\"},\"thumbnailUrl\":\"https:\\\/\\\/magmacultura.com\\\/wp-content\\\/uploads\\\/2023\\\/10\\\/flecha2.png\",\"datePublished\":\"2022-01-01T09:13:01+00:00\",\"dateModified\":\"2024-07-30T09:00:15+00:00\",\"description\":\"CANAL \u00c9TICO Nosso recurso e canal confidencial para apresentar reclama\u00e7\u00f5es e den\u00fancias em conformidade com a Lei 2\\\/2023, reguladora da prote\u00e7\u00e3o das\",\"breadcrumb\":{\"@id\":\"https:\\\/\\\/magmacultura.com\\\/pt-pt\\\/canal-etico\\\/#breadcrumb\"},\"inLanguage\":\"pt-PT\",\"potentialAction\":[{\"@type\":\"ReadAction\",\"target\":[\"https:\\\/\\\/magmacultura.com\\\/pt-pt\\\/canal-etico\\\/\"]}]},{\"@type\":\"ImageObject\",\"inLanguage\":\"pt-PT\",\"@id\":\"https:\\\/\\\/magmacultura.com\\\/pt-pt\\\/canal-etico\\\/#primaryimage\",\"url\":\"https:\\\/\\\/magmacultura.com\\\/wp-content\\\/uploads\\\/2023\\\/10\\\/flecha2.png\",\"contentUrl\":\"https:\\\/\\\/magmacultura.com\\\/wp-content\\\/uploads\\\/2023\\\/10\\\/flecha2.png\"},{\"@type\":\"BreadcrumbList\",\"@id\":\"https:\\\/\\\/magmacultura.com\\\/pt-pt\\\/canal-etico\\\/#breadcrumb\",\"itemListElement\":[{\"@type\":\"ListItem\",\"position\":1,\"name\":\"Home\",\"item\":\"https:\\\/\\\/magmacultura.com\\\/pt-pt\\\/\"},{\"@type\":\"ListItem\",\"position\":2,\"name\":\"Canal \u00c9tico\"}]},{\"@type\":\"WebSite\",\"@id\":\"https:\\\/\\\/magmacultura.com\\\/pt-pt\\\/#website\",\"url\":\"https:\\\/\\\/magmacultura.com\\\/pt-pt\\\/\",\"name\":\"Magmacultura\",\"description\":\"Trabajamos para la cultura\",\"publisher\":{\"@id\":\"https:\\\/\\\/magmacultura.com\\\/pt-pt\\\/#organization\"},\"potentialAction\":[{\"@type\":\"SearchAction\",\"target\":{\"@type\":\"EntryPoint\",\"urlTemplate\":\"https:\\\/\\\/magmacultura.com\\\/pt-pt\\\/?s={search_term_string}\"},\"query-input\":{\"@type\":\"PropertyValueSpecification\",\"valueRequired\":true,\"valueName\":\"search_term_string\"}}],\"inLanguage\":\"pt-PT\"},{\"@type\":\"Organization\",\"@id\":\"https:\\\/\\\/magmacultura.com\\\/pt-pt\\\/#organization\",\"name\":\"Magmacultura\",\"url\":\"https:\\\/\\\/magmacultura.com\\\/pt-pt\\\/\",\"logo\":{\"@type\":\"ImageObject\",\"inLanguage\":\"pt-PT\",\"@id\":\"https:\\\/\\\/magmacultura.com\\\/pt-pt\\\/#\\\/schema\\\/logo\\\/image\\\/\",\"url\":\"https:\\\/\\\/magmacultura.com\\\/wp-content\\\/uploads\\\/2022\\\/07\\\/logo-dark.svg\",\"contentUrl\":\"https:\\\/\\\/magmacultura.com\\\/wp-content\\\/uploads\\\/2022\\\/07\\\/logo-dark.svg\",\"width\":1,\"height\":1,\"caption\":\"Magmacultura\"},\"image\":{\"@id\":\"https:\\\/\\\/magmacultura.com\\\/pt-pt\\\/#\\\/schema\\\/logo\\\/image\\\/\"},\"sameAs\":[\"https:\\\/\\\/www.facebook.com\\\/MagmaCultura\\\/\",\"https:\\\/\\\/x.com\\\/magmacultura\",\"https:\\\/\\\/www.linkedin.com\\\/company\\\/magmacultura.\\\/\",\"https:\\\/\\\/www.instagram.com\\\/magmacultura_\\\/\"]}]}<\/script>\n<!-- \/ Yoast SEO plugin. -->","yoast_head_json":{"title":"Canal \u00c9tico | Magmacultura","description":"CANAL \u00c9TICO Nosso recurso e canal confidencial para apresentar reclama\u00e7\u00f5es e den\u00fancias em conformidade com a Lei 2\/2023, reguladora da prote\u00e7\u00e3o das","robots":{"index":"index","follow":"follow","max-snippet":"max-snippet:-1","max-image-preview":"max-image-preview:large","max-video-preview":"max-video-preview:-1"},"canonical":"https:\/\/magmacultura.com\/pt-pt\/canal-etico\/","og_locale":"pt_PT","og_type":"article","og_title":"Canal \u00c9tico | Magmacultura","og_description":"CANAL \u00c9TICO Nosso recurso e canal confidencial para apresentar reclama\u00e7\u00f5es e den\u00fancias em conformidade com a Lei 2\/2023, reguladora da prote\u00e7\u00e3o das","og_url":"https:\/\/magmacultura.com\/pt-pt\/canal-etico\/","og_site_name":"Magmacultura","article_publisher":"https:\/\/www.facebook.com\/MagmaCultura\/","article_modified_time":"2024-07-30T09:00:15+00:00","og_image":[{"url":"https:\/\/magmacultura.com\/wp-content\/uploads\/2023\/10\/flecha2.png","type":"","width":"","height":""}],"twitter_card":"summary_large_image","twitter_site":"@magmacultura","twitter_misc":{"Tempo estimado de leitura":"2 minutos"},"schema":{"@context":"https:\/\/schema.org","@graph":[{"@type":"WebPage","@id":"https:\/\/magmacultura.com\/pt-pt\/canal-etico\/","url":"https:\/\/magmacultura.com\/pt-pt\/canal-etico\/","name":"Canal \u00c9tico | Magmacultura","isPartOf":{"@id":"https:\/\/magmacultura.com\/pt-pt\/#website"},"primaryImageOfPage":{"@id":"https:\/\/magmacultura.com\/pt-pt\/canal-etico\/#primaryimage"},"image":{"@id":"https:\/\/magmacultura.com\/pt-pt\/canal-etico\/#primaryimage"},"thumbnailUrl":"https:\/\/magmacultura.com\/wp-content\/uploads\/2023\/10\/flecha2.png","datePublished":"2022-01-01T09:13:01+00:00","dateModified":"2024-07-30T09:00:15+00:00","description":"CANAL \u00c9TICO Nosso recurso e canal confidencial para apresentar reclama\u00e7\u00f5es e den\u00fancias em conformidade com a Lei 2\/2023, reguladora da prote\u00e7\u00e3o das","breadcrumb":{"@id":"https:\/\/magmacultura.com\/pt-pt\/canal-etico\/#breadcrumb"},"inLanguage":"pt-PT","potentialAction":[{"@type":"ReadAction","target":["https:\/\/magmacultura.com\/pt-pt\/canal-etico\/"]}]},{"@type":"ImageObject","inLanguage":"pt-PT","@id":"https:\/\/magmacultura.com\/pt-pt\/canal-etico\/#primaryimage","url":"https:\/\/magmacultura.com\/wp-content\/uploads\/2023\/10\/flecha2.png","contentUrl":"https:\/\/magmacultura.com\/wp-content\/uploads\/2023\/10\/flecha2.png"},{"@type":"BreadcrumbList","@id":"https:\/\/magmacultura.com\/pt-pt\/canal-etico\/#breadcrumb","itemListElement":[{"@type":"ListItem","position":1,"name":"Home","item":"https:\/\/magmacultura.com\/pt-pt\/"},{"@type":"ListItem","position":2,"name":"Canal \u00c9tico"}]},{"@type":"WebSite","@id":"https:\/\/magmacultura.com\/pt-pt\/#website","url":"https:\/\/magmacultura.com\/pt-pt\/","name":"Magmacultura","description":"Trabajamos para la cultura","publisher":{"@id":"https:\/\/magmacultura.com\/pt-pt\/#organization"},"potentialAction":[{"@type":"SearchAction","target":{"@type":"EntryPoint","urlTemplate":"https:\/\/magmacultura.com\/pt-pt\/?s={search_term_string}"},"query-input":{"@type":"PropertyValueSpecification","valueRequired":true,"valueName":"search_term_string"}}],"inLanguage":"pt-PT"},{"@type":"Organization","@id":"https:\/\/magmacultura.com\/pt-pt\/#organization","name":"Magmacultura","url":"https:\/\/magmacultura.com\/pt-pt\/","logo":{"@type":"ImageObject","inLanguage":"pt-PT","@id":"https:\/\/magmacultura.com\/pt-pt\/#\/schema\/logo\/image\/","url":"https:\/\/magmacultura.com\/wp-content\/uploads\/2022\/07\/logo-dark.svg","contentUrl":"https:\/\/magmacultura.com\/wp-content\/uploads\/2022\/07\/logo-dark.svg","width":1,"height":1,"caption":"Magmacultura"},"image":{"@id":"https:\/\/magmacultura.com\/pt-pt\/#\/schema\/logo\/image\/"},"sameAs":["https:\/\/www.facebook.com\/MagmaCultura\/","https:\/\/x.com\/magmacultura","https:\/\/www.linkedin.com\/company\/magmacultura.\/","https:\/\/www.instagram.com\/magmacultura_\/"]}]}},"_links":{"self":[{"href":"https:\/\/magmacultura.com\/pt-pt\/wp-json\/wp\/v2\/pages\/11229","targetHints":{"allow":["GET"]}}],"collection":[{"href":"https:\/\/magmacultura.com\/pt-pt\/wp-json\/wp\/v2\/pages"}],"about":[{"href":"https:\/\/magmacultura.com\/pt-pt\/wp-json\/wp\/v2\/types\/page"}],"author":[{"embeddable":true,"href":"https:\/\/magmacultura.com\/pt-pt\/wp-json\/wp\/v2\/users\/4"}],"replies":[{"embeddable":true,"href":"https:\/\/magmacultura.com\/pt-pt\/wp-json\/wp\/v2\/comments?post=11229"}],"version-history":[{"count":3,"href":"https:\/\/magmacultura.com\/pt-pt\/wp-json\/wp\/v2\/pages\/11229\/revisions"}],"predecessor-version":[{"id":11232,"href":"https:\/\/magmacultura.com\/pt-pt\/wp-json\/wp\/v2\/pages\/11229\/revisions\/11232"}],"wp:attachment":[{"href":"https:\/\/magmacultura.com\/pt-pt\/wp-json\/wp\/v2\/media?parent=11229"}],"curies":[{"name":"wp","href":"https:\/\/api.w.org\/{rel}","templated":true}]}}