{"id":11233,"date":"2022-08-18T00:56:21","date_gmt":"2022-08-17T22:56:21","guid":{"rendered":"https:\/\/magmacultura.com\/politica-de-cookies-2\/"},"modified":"2024-07-30T11:34:37","modified_gmt":"2024-07-30T09:34:37","slug":"politica-de-cookies","status":"publish","type":"page","link":"https:\/\/magmacultura.com\/pt-pt\/politica-de-cookies\/","title":{"rendered":"Pol\u00edtica de Cookies"},"content":{"rendered":"\t\t<div data-elementor-type=\"wp-page\" data-elementor-id=\"11233\" class=\"elementor elementor-11233 elementor-4566\" data-elementor-post-type=\"page\">\n\t\t\t\t<div class=\"elementor-element elementor-element-c447b6a e-flex e-con-boxed e-con e-parent\" data-id=\"c447b6a\" data-element_type=\"container\" data-e-type=\"container\">\n\t\t\t\t\t<div class=\"e-con-inner\">\n\t\t\t\t<div class=\"elementor-element elementor-element-a67add2 elementor-widget elementor-widget-text-editor\" data-id=\"a67add2\" data-element_type=\"widget\" data-e-type=\"widget\" data-widget_type=\"text-editor.default\">\n\t\t\t\t<div class=\"elementor-widget-container\">\n\t\t\t\t\t\t\t\t\t<h1>Informa\u00e7\u00f5es sobre o uso de cookies<\/h1>\n<p><strong>O que s\u00e3o cookies?<\/strong><\/p>\n<p>As cookies s\u00e3o pequenos arquivos de dados que s\u00e3o recebidos no terminal a partir do site visitado e s\u00e3o usados para registrar certas intera\u00e7\u00f5es de navega\u00e7\u00e3o em um site, armazenando dados que podem ser atualizados e recuperados. Esses arquivos s\u00e3o armazenados no computador do usu\u00e1rio e cont\u00eam dados an\u00f4nimos que n\u00e3o s\u00e3o prejudiciais ao seu equipamento. Eles s\u00e3o usados para lembrar as prefer\u00eancias do usu\u00e1rio, como o idioma selecionado, dados de acesso ou personaliza\u00e7\u00e3o da p\u00e1gina.  <\/p>\n<p>As cookies tamb\u00e9m podem ser utilizadas para registrar informa\u00e7\u00f5es an\u00f4nimas sobre como um visitante utiliza um site. Por exemplo, a partir de qual p\u00e1gina Web ele acessou, ou se utilizou um \u201cbanner\u201d publicit\u00e1rio para chegar. <\/p>\n<p><strong>Que uso damos aos diferentes tipos de cookies?<\/strong><\/p>\n<p><strong> <\/strong><strong>Segundo sua finalidade:<\/strong><\/p>\n<p><strong> <\/strong><\/p>\n<table>\n<tbody>\n<tr>\n<td width=\"198\"><strong>Cookies t\u00e9cnicas<\/strong><\/td>\n<td width=\"451\">\n<p>As cookies t\u00e9cnicas s\u00e3o aquelas que facilitam a navega\u00e7\u00e3o do usu\u00e1rio e a utiliza\u00e7\u00e3o das diferentes op\u00e7\u00f5es ou servi\u00e7os que o site oferece, como identificar a sess\u00e3o, permitir o acesso a determinadas \u00e1reas, facilitar pedidos, compras, preenchimento de formul\u00e1rios, inscri\u00e7\u00f5es, seguran\u00e7a, facilitar funcionalidades (v\u00eddeos, redes sociais&#8230;).<\/p>\n<\/p>\n<\/td>\n<\/tr>\n<tr>\n<td width=\"198\"><strong>Cookies de personaliza\u00e7\u00e3o<\/strong><\/td>\n<td width=\"451\">\n<p>As cookies de personaliza\u00e7\u00e3o permitem ao usu\u00e1rio acessar os servi\u00e7os de acordo com suas prefer\u00eancias (idioma, navegador, configura\u00e7\u00e3o&#8230;).<\/p>\n<\/p>\n<\/td>\n<\/tr>\n<tr>\n<td width=\"198\"><strong>Cookies anal\u00edticas<\/strong><\/td>\n<td width=\"451\">\n<p>As cookies anal\u00edticas s\u00e3o usadas para realizar a an\u00e1lise an\u00f4nima do comportamento dos usu\u00e1rios da web e que permitem medir a atividade do usu\u00e1rio e elaborar perfis de navega\u00e7\u00e3o com o objetivo de melhorar os sites.<\/p>\n<\/p>\n<\/td>\n<\/tr>\n<tr>\n<td width=\"198\"><strong>Cookies publicit\u00e1rias<\/strong><\/td>\n<td width=\"451\">\n<p>As cookies publicit\u00e1rias permitem a gest\u00e3o dos espa\u00e7os publicit\u00e1rios do site. Al\u00e9m disso, essas cookies podem ser de publicidade personalizada e, assim, permitir a gest\u00e3o dos espa\u00e7os publicit\u00e1rios do site com base no comportamento e h\u00e1bitos de navega\u00e7\u00e3o do usu\u00e1rio, de onde se obt\u00e9m o seu perfil e permitem personalizar a publicidade que \u00e9 exibida no navegador do usu\u00e1rio ou em outros perfis e redes sociais do usu\u00e1rio. <\/p>\n<\/p>\n<\/td>\n<\/tr>\n<\/tbody>\n<\/table>\n<p><strong> <\/strong><\/p>\n<p><strong>Segundo seu prazo:<\/strong><\/p>\n<\/p>\n<table>\n<tbody>\n<tr>\n<td width=\"198\"><strong>Cookies de sess\u00e3o<\/strong><\/td>\n<td width=\"451\">\n<p>As cookies de sess\u00e3o s\u00e3o aquelas que duram o tempo que o usu\u00e1rio est\u00e1 navegando na p\u00e1gina Web e s\u00e3o apagadas ao fechar o navegador.<\/p>\n<\/p>\n<\/td>\n<\/tr>\n<tr>\n<td width=\"198\"><strong>Cookies persistentes<\/strong><\/td>\n<td width=\"451\">\n<p>Essas cookies ficam armazenadas no terminal do usu\u00e1rio at\u00e9 que sejam eliminadas manualmente ou tenha conclu\u00eddo o per\u00edodo de dura\u00e7\u00e3o estabelecido para essa cookie.<\/p>\n<\/p>\n<\/td>\n<\/tr>\n<\/tbody>\n<\/table>\n<p><strong>Segundo sua titularidade:<\/strong><\/p>\n<\/p>\n<table>\n<tbody>\n<tr>\n<td width=\"198\"><strong>Cookies pr\u00f3prias<\/strong><\/td>\n<td width=\"451\">S\u00e3o aquelas enviadas para o equipamento terminal do usu\u00e1rio a partir de um equipamento ou dom\u00ednio gerido pelo pr\u00f3prio editor e a partir do qual se presta o servi\u00e7o solicitado pelo usu\u00e1rio.<\/td>\n<\/tr>\n<tr>\n<td width=\"198\"><strong>Cookies de terceiros<\/strong><\/td>\n<td width=\"451\">S\u00e3o aquelas enviadas para o equipamento terminal do usu\u00e1rio a partir de um equipamento ou dom\u00ednio que n\u00e3o \u00e9 gerido pelo editor, mas por outra entidade que trata os dados obtidos atrav\u00e9s das cookies.<\/td>\n<\/tr>\n<\/tbody>\n<\/table>\n<p><strong>A tabela a seguir classifica e descreve as cookies usadas na presente p\u00e1gina web para que possa identific\u00e1-las em seu navegador:<\/strong><\/p>\n<p><strong> <\/strong><\/p>\n<table width=\"95%\">\n<tbody>\n<tr>\n<td width=\"33%\"><strong>Nome<\/strong><\/td>\n<td width=\"18%\"><strong>Titular<\/strong><\/td>\n<td width=\"15%\"><strong>Dados recolhidos<\/strong><\/td>\n<td width=\"17%\"><strong>Finalidade<\/strong><\/td>\n<td width=\"14%\"><strong>Dura\u00e7\u00e3o<\/strong><\/td>\n<\/tr>\n<tr>\n<td width=\"33%\"><strong>_ga<\/strong><\/td>\n<td width=\"18%\">Google (Cookie de terceros)<\/td>\n<td width=\"15%\">Sesiones de los visitantes.<\/td>\n<td width=\"17%\">Se usa para distinguir a los usuarios.<\/td>\n<td width=\"14%\">2 a\u00f1os desde el final de la \u00faltima visita.<\/td>\n<\/tr>\n<tr>\n<td width=\"33%\">\n<p><strong>_gid<\/strong><\/p>\n<\/td>\n<td width=\"18%\">Google (Cookie de terceros)<\/td>\n<td width=\"15%\">Sesiones de los visitantes.<\/td>\n<td width=\"17%\">Se usa para distinguir a los usuarios.<\/td>\n<td width=\"14%\">24 horas desde el final de la \u00faltima visita.<\/td>\n<\/tr>\n<tr>\n<td width=\"33%\"><strong>_gat_gtag_UA_133649805_1<\/strong><\/td>\n<td width=\"18%\">Google (Cookie de terceros)<\/td>\n<td width=\"15%\">Sesiones de los visitantes<\/td>\n<td width=\"17%\">Se usa para distinguir a los usuarios y limitar el porcentaje de solicitudes.<\/td>\n<td width=\"14%\">24 horas desde el final de la \u00faltima visita.<\/td>\n<\/tr>\n<tr>\n<td width=\"33%\"><strong>PHPSESSID<\/strong><\/td>\n<td width=\"18%\">Cookie propia<\/td>\n<td width=\"15%\">Sesiones y preferencias del visitante.<\/td>\n<td width=\"17%\">Permite que las variables de sesi\u00f3n sean guardadas en el servidor web<\/td>\n<td width=\"14%\">Al finalizar la sesi\u00f3n con el navegador.<\/td>\n<\/tr>\n<\/tbody>\n<\/table>\n<p>A MAGMA CULTURA, S.L. utiliza cookies t\u00e9cnicas, de personaliza\u00e7\u00e3o e de an\u00e1lise, pr\u00f3prias e de terceiros, que tratam dados de conex\u00e3o e\/ou do dispositivo, bem como h\u00e1bitos de navega\u00e7\u00e3o para fins estat\u00edsticos.<\/p>\n<p>Por isso, ao acessar a nossa web, em cumprimento ao artigo 22 da Lei de Servi\u00e7os da Sociedade da Informa\u00e7\u00e3o, solicitamos o seu consentimento para o seu uso.<\/p>\n<p>O fornecimento de dados pessoais atrav\u00e9s do nosso portal e o consentimento para o uso de cookies requer <u>uma idade m\u00ednima de 14<\/u> anos e a aceita\u00e7\u00e3o expressa da nossa Pol\u00edtica de Privacidade.<\/p>\n<p><strong>De qualquer forma, informamos que pode ativar ou desativar as cookies seguindo as instru\u00e7\u00f5es do seu navegador de Internet:<\/strong><\/p>\n<table width=\"662\">\n<tbody>\n<tr>\n<td width=\"95\"><strong>Chrome<\/strong><\/p>\n<p><strong> <\/strong><\/p>\n<\/td>\n<td width=\"227\">Configura\u00e7\u00e3o &gt; Mostrar op\u00e7\u00f5es avan\u00e7adas &gt; Privacidade &gt; Configura\u00e7\u00e3o de conte\u00fado.<\/td>\n<td width=\"340\">support.google.com<\/p>\n<\/td>\n<\/tr>\n<tr>\n<td width=\"95\"><strong> <\/strong><\/p>\n<p><strong>Firefox<\/strong><\/p>\n<p><strong> <\/strong><\/p>\n<\/td>\n<td width=\"227\">Ferramentas \u00e0 Op\u00e7\u00f5es \u00e0 Privacidade \u00e0 Historial \u00e0 Configura\u00e7\u00e3o Personalizada.<\/td>\n<td width=\"340\">support.mozilla.org<\/td>\n<\/tr>\n<tr>\n<td width=\"95\"><strong>Internet Explorer<\/strong><\/p>\n<p><strong> <\/strong><\/p>\n<\/td>\n<td width=\"227\">\n<p>Ferramentas &gt; Op\u00e7\u00f5es &gt; Privacidade &gt; Hist\u00f3rico &gt; Configura\u00e7\u00e3o Personalizada.<\/p>\n<\/p>\n<\/td>\n<td width=\"340\">windows.microsoft.com<\/td>\n<\/tr>\n<tr>\n<td width=\"95\"><strong>Opera<\/strong><\/p>\n<p><strong> <\/strong><\/p>\n<\/td>\n<td width=\"227\">\n<p>Ferramentas &gt; Prefer\u00eancias &gt; Editar prefer\u00eancias &gt; Cookies.<\/p>\n<\/p>\n<\/td>\n<td width=\"340\"><a href=\"http:\/\/www.opera.com\/help\/tutorials\/security\/cookies\/\">http:\/\/www.opera.com\/help\/tutorials\/security\/cookies\/<\/a><\/td>\n<\/tr>\n<tr>\n<td width=\"95\"><strong> <\/strong><\/p>\n<p><strong>Safari<\/strong><\/p>\n<p><strong> <\/strong><\/p>\n<\/td>\n<td width=\"227\">\n<p>Prefer\u00eancias &gt; Seguran\u00e7a.<\/p>\n<\/p>\n<\/td>\n<td width=\"340\"><a href=\"http:\/\/www.apple.com\/\">http:\/\/www.apple.com<\/a><\/td>\n<\/tr>\n<tr>\n<td width=\"95\"><strong>Edge<\/strong><\/p>\n<p><strong> <\/strong><\/p>\n<\/td>\n<td width=\"227\">\n<p>Configura\u00e7\u00e3o &gt; Ver configura\u00e7\u00e3o avan\u00e7ada &gt; Privacidade e servi\u00e7os &gt; Cookies.<\/p>\n<\/p>\n<\/td>\n<td width=\"340\"><a href=\"https:\/\/privacy.microsoft.com\/es-es\/windows-10-microsoft-edge-and-privacy\">https:\/\/privacy.microsoft.com\/es-es\/windows-10-microsoft-edge-and-privacy<\/a><\/p>\n<\/td>\n<\/tr>\n<\/tbody>\n<\/table>\n\t\t\t\t\t\t\t\t<\/div>\n\t\t\t\t<\/div>\n\t\t\t\t\t<\/div>\n\t\t\t\t<\/div>\n\t\t\t\t<\/div>\n\t\t","protected":false},"excerpt":{"rendered":"<p>Informa\u00e7\u00f5es sobre o uso de cookies O que s\u00e3o cookies? As cookies s\u00e3o pequenos arquivos de dados que s\u00e3o recebidos no terminal a partir do site visitado e s\u00e3o usados para registrar certas intera\u00e7\u00f5es de navega\u00e7\u00e3o em um site, armazenando dados que podem ser atualizados e recuperados. Esses arquivos s\u00e3o armazenados no computador do usu\u00e1rio [&hellip;]<\/p>\n","protected":false},"author":4,"featured_media":0,"parent":0,"menu_order":0,"comment_status":"closed","ping_status":"closed","template":"","meta":{"footnotes":""},"class_list":["post-11233","page","type-page","status-publish","hentry"],"yoast_head":"<!-- This site is optimized with the Yoast SEO plugin v27.4 - https:\/\/yoast.com\/product\/yoast-seo-wordpress\/ -->\n<title>Pol\u00edtica de Cookies | Magmacultura<\/title>\n<meta name=\"description\" content=\"Informa\u00e7\u00f5es sobre o uso de cookies O que s\u00e3o cookies? As cookies s\u00e3o pequenos arquivos de dados que s\u00e3o recebidos no terminal a partir do site visitado e\" \/>\n<meta name=\"robots\" content=\"index, follow, max-snippet:-1, max-image-preview:large, max-video-preview:-1\" \/>\n<link rel=\"canonical\" href=\"https:\/\/magmacultura.com\/pt-pt\/politica-de-cookies\/\" \/>\n<meta property=\"og:locale\" content=\"pt_PT\" \/>\n<meta property=\"og:type\" content=\"article\" \/>\n<meta property=\"og:title\" content=\"Pol\u00edtica de Cookies | Magmacultura\" \/>\n<meta property=\"og:description\" content=\"Informa\u00e7\u00f5es sobre o uso de cookies O que s\u00e3o cookies? As cookies s\u00e3o pequenos arquivos de dados que s\u00e3o recebidos no terminal a partir do site visitado e\" \/>\n<meta property=\"og:url\" content=\"https:\/\/magmacultura.com\/pt-pt\/politica-de-cookies\/\" \/>\n<meta property=\"og:site_name\" content=\"Magmacultura\" \/>\n<meta property=\"article:publisher\" content=\"https:\/\/www.facebook.com\/MagmaCultura\/\" \/>\n<meta property=\"article:modified_time\" content=\"2024-07-30T09:34:37+00:00\" \/>\n<meta name=\"twitter:card\" content=\"summary_large_image\" \/>\n<meta name=\"twitter:site\" content=\"@magmacultura\" \/>\n<meta name=\"twitter:label1\" content=\"Tempo estimado de leitura\" \/>\n\t<meta name=\"twitter:data1\" content=\"4 minutos\" \/>\n<script type=\"application\/ld+json\" class=\"yoast-schema-graph\">{\"@context\":\"https:\\\/\\\/schema.org\",\"@graph\":[{\"@type\":\"WebPage\",\"@id\":\"https:\\\/\\\/magmacultura.com\\\/pt-pt\\\/politica-de-cookies\\\/\",\"url\":\"https:\\\/\\\/magmacultura.com\\\/pt-pt\\\/politica-de-cookies\\\/\",\"name\":\"Pol\u00edtica de Cookies | Magmacultura\",\"isPartOf\":{\"@id\":\"https:\\\/\\\/magmacultura.com\\\/pt-pt\\\/#website\"},\"datePublished\":\"2022-08-17T22:56:21+00:00\",\"dateModified\":\"2024-07-30T09:34:37+00:00\",\"description\":\"Informa\u00e7\u00f5es sobre o uso de cookies O que s\u00e3o cookies? As cookies s\u00e3o pequenos arquivos de dados que s\u00e3o recebidos no terminal a partir do site visitado e\",\"breadcrumb\":{\"@id\":\"https:\\\/\\\/magmacultura.com\\\/pt-pt\\\/politica-de-cookies\\\/#breadcrumb\"},\"inLanguage\":\"pt-PT\",\"potentialAction\":[{\"@type\":\"ReadAction\",\"target\":[\"https:\\\/\\\/magmacultura.com\\\/pt-pt\\\/politica-de-cookies\\\/\"]}]},{\"@type\":\"BreadcrumbList\",\"@id\":\"https:\\\/\\\/magmacultura.com\\\/pt-pt\\\/politica-de-cookies\\\/#breadcrumb\",\"itemListElement\":[{\"@type\":\"ListItem\",\"position\":1,\"name\":\"Home\",\"item\":\"https:\\\/\\\/magmacultura.com\\\/pt-pt\\\/\"},{\"@type\":\"ListItem\",\"position\":2,\"name\":\"Pol\u00edtica de Cookies\"}]},{\"@type\":\"WebSite\",\"@id\":\"https:\\\/\\\/magmacultura.com\\\/pt-pt\\\/#website\",\"url\":\"https:\\\/\\\/magmacultura.com\\\/pt-pt\\\/\",\"name\":\"Magmacultura\",\"description\":\"Trabajamos para la cultura\",\"publisher\":{\"@id\":\"https:\\\/\\\/magmacultura.com\\\/pt-pt\\\/#organization\"},\"potentialAction\":[{\"@type\":\"SearchAction\",\"target\":{\"@type\":\"EntryPoint\",\"urlTemplate\":\"https:\\\/\\\/magmacultura.com\\\/pt-pt\\\/?s={search_term_string}\"},\"query-input\":{\"@type\":\"PropertyValueSpecification\",\"valueRequired\":true,\"valueName\":\"search_term_string\"}}],\"inLanguage\":\"pt-PT\"},{\"@type\":\"Organization\",\"@id\":\"https:\\\/\\\/magmacultura.com\\\/pt-pt\\\/#organization\",\"name\":\"Magmacultura\",\"url\":\"https:\\\/\\\/magmacultura.com\\\/pt-pt\\\/\",\"logo\":{\"@type\":\"ImageObject\",\"inLanguage\":\"pt-PT\",\"@id\":\"https:\\\/\\\/magmacultura.com\\\/pt-pt\\\/#\\\/schema\\\/logo\\\/image\\\/\",\"url\":\"https:\\\/\\\/magmacultura.com\\\/wp-content\\\/uploads\\\/2022\\\/07\\\/logo-dark.svg\",\"contentUrl\":\"https:\\\/\\\/magmacultura.com\\\/wp-content\\\/uploads\\\/2022\\\/07\\\/logo-dark.svg\",\"width\":1,\"height\":1,\"caption\":\"Magmacultura\"},\"image\":{\"@id\":\"https:\\\/\\\/magmacultura.com\\\/pt-pt\\\/#\\\/schema\\\/logo\\\/image\\\/\"},\"sameAs\":[\"https:\\\/\\\/www.facebook.com\\\/MagmaCultura\\\/\",\"https:\\\/\\\/x.com\\\/magmacultura\",\"https:\\\/\\\/www.linkedin.com\\\/company\\\/magmacultura.\\\/\",\"https:\\\/\\\/www.instagram.com\\\/magmacultura_\\\/\"]}]}<\/script>\n<!-- \/ Yoast SEO plugin. -->","yoast_head_json":{"title":"Pol\u00edtica de Cookies | Magmacultura","description":"Informa\u00e7\u00f5es sobre o uso de cookies O que s\u00e3o cookies? As cookies s\u00e3o pequenos arquivos de dados que s\u00e3o recebidos no terminal a partir do site visitado e","robots":{"index":"index","follow":"follow","max-snippet":"max-snippet:-1","max-image-preview":"max-image-preview:large","max-video-preview":"max-video-preview:-1"},"canonical":"https:\/\/magmacultura.com\/pt-pt\/politica-de-cookies\/","og_locale":"pt_PT","og_type":"article","og_title":"Pol\u00edtica de Cookies | Magmacultura","og_description":"Informa\u00e7\u00f5es sobre o uso de cookies O que s\u00e3o cookies? As cookies s\u00e3o pequenos arquivos de dados que s\u00e3o recebidos no terminal a partir do site visitado e","og_url":"https:\/\/magmacultura.com\/pt-pt\/politica-de-cookies\/","og_site_name":"Magmacultura","article_publisher":"https:\/\/www.facebook.com\/MagmaCultura\/","article_modified_time":"2024-07-30T09:34:37+00:00","twitter_card":"summary_large_image","twitter_site":"@magmacultura","twitter_misc":{"Tempo estimado de leitura":"4 minutos"},"schema":{"@context":"https:\/\/schema.org","@graph":[{"@type":"WebPage","@id":"https:\/\/magmacultura.com\/pt-pt\/politica-de-cookies\/","url":"https:\/\/magmacultura.com\/pt-pt\/politica-de-cookies\/","name":"Pol\u00edtica de Cookies | Magmacultura","isPartOf":{"@id":"https:\/\/magmacultura.com\/pt-pt\/#website"},"datePublished":"2022-08-17T22:56:21+00:00","dateModified":"2024-07-30T09:34:37+00:00","description":"Informa\u00e7\u00f5es sobre o uso de cookies O que s\u00e3o cookies? As cookies s\u00e3o pequenos arquivos de dados que s\u00e3o recebidos no terminal a partir do site visitado e","breadcrumb":{"@id":"https:\/\/magmacultura.com\/pt-pt\/politica-de-cookies\/#breadcrumb"},"inLanguage":"pt-PT","potentialAction":[{"@type":"ReadAction","target":["https:\/\/magmacultura.com\/pt-pt\/politica-de-cookies\/"]}]},{"@type":"BreadcrumbList","@id":"https:\/\/magmacultura.com\/pt-pt\/politica-de-cookies\/#breadcrumb","itemListElement":[{"@type":"ListItem","position":1,"name":"Home","item":"https:\/\/magmacultura.com\/pt-pt\/"},{"@type":"ListItem","position":2,"name":"Pol\u00edtica de Cookies"}]},{"@type":"WebSite","@id":"https:\/\/magmacultura.com\/pt-pt\/#website","url":"https:\/\/magmacultura.com\/pt-pt\/","name":"Magmacultura","description":"Trabajamos para la cultura","publisher":{"@id":"https:\/\/magmacultura.com\/pt-pt\/#organization"},"potentialAction":[{"@type":"SearchAction","target":{"@type":"EntryPoint","urlTemplate":"https:\/\/magmacultura.com\/pt-pt\/?s={search_term_string}"},"query-input":{"@type":"PropertyValueSpecification","valueRequired":true,"valueName":"search_term_string"}}],"inLanguage":"pt-PT"},{"@type":"Organization","@id":"https:\/\/magmacultura.com\/pt-pt\/#organization","name":"Magmacultura","url":"https:\/\/magmacultura.com\/pt-pt\/","logo":{"@type":"ImageObject","inLanguage":"pt-PT","@id":"https:\/\/magmacultura.com\/pt-pt\/#\/schema\/logo\/image\/","url":"https:\/\/magmacultura.com\/wp-content\/uploads\/2022\/07\/logo-dark.svg","contentUrl":"https:\/\/magmacultura.com\/wp-content\/uploads\/2022\/07\/logo-dark.svg","width":1,"height":1,"caption":"Magmacultura"},"image":{"@id":"https:\/\/magmacultura.com\/pt-pt\/#\/schema\/logo\/image\/"},"sameAs":["https:\/\/www.facebook.com\/MagmaCultura\/","https:\/\/x.com\/magmacultura","https:\/\/www.linkedin.com\/company\/magmacultura.\/","https:\/\/www.instagram.com\/magmacultura_\/"]}]}},"_links":{"self":[{"href":"https:\/\/magmacultura.com\/pt-pt\/wp-json\/wp\/v2\/pages\/11233","targetHints":{"allow":["GET"]}}],"collection":[{"href":"https:\/\/magmacultura.com\/pt-pt\/wp-json\/wp\/v2\/pages"}],"about":[{"href":"https:\/\/magmacultura.com\/pt-pt\/wp-json\/wp\/v2\/types\/page"}],"author":[{"embeddable":true,"href":"https:\/\/magmacultura.com\/pt-pt\/wp-json\/wp\/v2\/users\/4"}],"replies":[{"embeddable":true,"href":"https:\/\/magmacultura.com\/pt-pt\/wp-json\/wp\/v2\/comments?post=11233"}],"version-history":[{"count":1,"href":"https:\/\/magmacultura.com\/pt-pt\/wp-json\/wp\/v2\/pages\/11233\/revisions"}],"predecessor-version":[{"id":11234,"href":"https:\/\/magmacultura.com\/pt-pt\/wp-json\/wp\/v2\/pages\/11233\/revisions\/11234"}],"wp:attachment":[{"href":"https:\/\/magmacultura.com\/pt-pt\/wp-json\/wp\/v2\/media?parent=11233"}],"curies":[{"name":"wp","href":"https:\/\/api.w.org\/{rel}","templated":true}]}}